{"id":21211,"date":"2022-08-30T23:11:37","date_gmt":"2022-08-31T04:11:37","guid":{"rendered":"http:\/\/172.20.0.158\/editora\/?page_id=21211"},"modified":"2026-03-20T13:20:01","modified_gmt":"2026-03-20T18:20:01","slug":"nosotros","status":"publish","type":"page","link":"https:\/\/fondoeditorial.editoraperu.pe\/?page_id=21211","title":{"rendered":"Nosotros"},"content":{"rendered":"<p><div class=\"fusion-fullwidth fullwidth-box fusion-builder-row-1 nonhundred-percent-fullwidth non-hundred-percent-height-scrolling\" style=\"background-color: rgba(230,50,31,0);background-position: center center;background-repeat: no-repeat;padding-top:0px;padding-right:0px;padding-bottom:0px;padding-left:0px;margin-bottom: 0px;margin-top: 0px;border-width: 0px 0px 0px 0px;border-color:#eae9e9;border-style:solid;\" ><div class=\"fusion-builder-row fusion-row\"><div class=\"fusion-layout-column fusion_builder_column fusion-builder-column-0 fusion_builder_column_1_2 1_2 fusion-one-half fusion-column-first fusion-column-no-min-height\" style=\"width:50%;width:calc(50% - ( ( 4% ) * 0.5 ) );margin-right: 4%;margin-top:0px;margin-bottom:20px;\"><div class=\"fusion-column-wrapper fusion-flex-column-wrapper-legacy\" style=\"background-position:left top;background-repeat:no-repeat;-webkit-background-size:cover;-moz-background-size:cover;-o-background-size:cover;background-size:cover;padding: 50px 0px 0px 0px;\"><div class=\"fusion-column-content-centered\"><div class=\"fusion-column-content\"><span class=\" fusion-imageframe imageframe-none imageframe-1 hover-type-none fusion-animated\" data-animationType=\"fadeInLeft\" data-animationDuration=\"2.0\" data-animationOffset=\"100%\"><img decoding=\"async\" width=\"1280\" height=\"914\" title=\"stand\" src=\"http:\/\/172.20.0.158\/editora\/wp-content\/uploads\/2022\/12\/stand-1.jpg\" class=\"img-responsive wp-image-21709\" srcset=\"https:\/\/fondoeditorial.editoraperu.pe\/wp-content\/uploads\/2022\/12\/stand-1-200x143.jpg 200w, https:\/\/fondoeditorial.editoraperu.pe\/wp-content\/uploads\/2022\/12\/stand-1-400x286.jpg 400w, https:\/\/fondoeditorial.editoraperu.pe\/wp-content\/uploads\/2022\/12\/stand-1-600x428.jpg 600w, https:\/\/fondoeditorial.editoraperu.pe\/wp-content\/uploads\/2022\/12\/stand-1-800x571.jpg 800w, https:\/\/fondoeditorial.editoraperu.pe\/wp-content\/uploads\/2022\/12\/stand-1-1200x857.jpg 1200w, https:\/\/fondoeditorial.editoraperu.pe\/wp-content\/uploads\/2022\/12\/stand-1.jpg 1280w\" sizes=\"(max-width: 800px) 100vw, 800px\" \/><\/span><\/div><\/div><div class=\"fusion-clearfix\"><\/div><\/div><\/div><div class=\"fusion-layout-column fusion_builder_column fusion-builder-column-1 fusion_builder_column_1_2 1_2 fusion-one-half fusion-column-last fusion-column-no-min-height\" style=\"width:50%;width:calc(50% - ( ( 4% ) * 0.5 ) );margin-top:0px;margin-bottom:20px;\"><div class=\"fusion-column-wrapper fusion-flex-column-wrapper-legacy\" style=\"background-position:left top;background-repeat:no-repeat;-webkit-background-size:cover;-moz-background-size:cover;-o-background-size:cover;background-size:cover;padding: 0px 0px 0px 0px;\"><div class=\"fusion-column-content-centered\"><div class=\"fusion-column-content\"><style type=\"text\/css\"><\/style><div class=\"fusion-title title fusion-title-1 fusion-sep-none fusion-title-text fusion-title-size-three fusion-animated\" style=\"font-size:25px;margin-top:40px;margin-right:0px;margin-bottom:40px;margin-left:0px;\" data-animationType=\"fadeInRight\" data-animationDuration=\"2.0\" data-animationOffset=\"100%\"><h3 class=\"title-heading-left fusion-responsive-typography-calculated\" style=\"margin:0;font-size:1em;--fontSize:25;line-height:1.41;\"><h2 style=\"text-align: left;\"><span style=\"color: #e6321f;\">Fondo Editorial de Editora Per\u00fa (FEEP)<\/span><\/h2><\/h3><\/div><div class=\"fusion-text fusion-text-1 fusion-animated\" data-animationType=\"fadeInRight\" data-animationDuration=\"2.0\" data-animationOffset=\"100%\"><p style=\"text-align: left;\"><span style=\"color: #000000;\">La misi\u00f3n institucional de Editora Per\u00fa, como medio de comunicaci\u00f3n oficial del Estado peruano y perteneciendo a las empresas bajo el \u00e1mbito de FONAFE, es la generaci\u00f3n y difusi\u00f3n de informaci\u00f3n oficial, period\u00edstica y editorial, con el prop\u00f3sito de generar valor social para la ciudadan\u00eda. Por este motivo, en el 2019, se conform\u00f3 el fondo editorial (FEEP), que tiene como objetivo difundir publicaciones de inter\u00e9s p\u00fablico y acercar a las personas a contenido variado, cultural y period\u00edstico, que aporte valor, generando identidad y orgullo nacional, ya sea en forma propia o en colaboraci\u00f3n con otras instituciones o ciudadanos.<\/span><\/p>\n<\/div><\/div><\/div><div class=\"fusion-clearfix\"><\/div><\/div><\/div><\/div><\/div><div class=\"fusion-fullwidth fullwidth-box fusion-builder-row-2 nonhundred-percent-fullwidth non-hundred-percent-height-scrolling\" style=\"background-color: rgba(230,50,31,0);background-position: center center;background-repeat: no-repeat;padding-top:0px;padding-right:0px;padding-bottom:0px;padding-left:0px;margin-bottom: 0px;margin-top: 0px;border-width: 0px 0px 0px 0px;border-color:#eae9e9;border-style:solid;\" ><div class=\"fusion-builder-row fusion-row\"><div class=\"fusion-layout-column fusion_builder_column fusion-builder-column-2 fusion_builder_column_1_1 1_1 fusion-one-full fusion-column-first fusion-column-last fusion-column-no-min-height\" style=\"margin-top:0px;margin-bottom:20px;\"><div class=\"fusion-column-wrapper fusion-flex-column-wrapper-legacy\" style=\"background-position:left top;background-repeat:no-repeat;-webkit-background-size:cover;-moz-background-size:cover;-o-background-size:cover;background-size:cover;padding: 40px 0px 0px 0px;\"><div class=\"fusion-column-content-centered\"><div class=\"fusion-column-content\"><div class=\"fusion-sep-clear\"><\/div><div class=\"fusion-separator fusion-full-width-sep\" style=\"margin-left: auto;margin-right: auto;margin-top:15px;margin-bottom:15px;width:100%;\"><div class=\"fusion-separator-border sep-single sep-solid\" style=\"border-color:#e0dede;border-top-width:1px;\"><\/div><\/div><div class=\"fusion-sep-clear\"><\/div><div class=\"fusion-counters-box counters-box row fusion-clearfix fusion-columns-4\"><div class=\"fusion-counter-box fusion-column col-counter-box counter-box-wrapper col-lg-3 col-md-3 col-sm-3\" data-animationOffset=\"100%\"><div class=\"counter-box-container\" style=\"border: 1px solid #ffffff;\"><div class=\"content-box-percentage content-box-counter\" style=\"color:#000000;font-size:80px;line-height:normal;\"><i class=\"counter-box-icon fontawesome-icon icon-my-book-open\" style=\"font-size:93px;\" aria-hidden=\"true\"><\/i><span class=\"display-counter\" data-value=\"15\" data-direction=\"up\" data-decimals=\"0\">0<\/span><\/div><div class=\"counter-box-content\" style=\"color:#b21717;font-size:22px;\">Libros publicados<\/div><\/div><\/div><div class=\"fusion-counter-box fusion-column col-counter-box counter-box-wrapper col-lg-3 col-md-3 col-sm-3\" data-animationOffset=\"100%\"><div class=\"counter-box-container\" style=\"border: 1px solid #ffffff;\"><div class=\"content-box-percentage content-box-counter\" style=\"color:#000000;font-size:80px;line-height:normal;\"><i class=\"counter-box-icon fontawesome-icon icon-my-people\" style=\"font-size:93px;\" aria-hidden=\"true\"><\/i><span class=\"display-counter\" data-value=\"3\" data-direction=\"up\" data-decimals=\"0\">0<\/span><\/div><div class=\"counter-box-content\" style=\"color:#b21717;font-size:22px;\">Miembros en el equipo<\/div><\/div><\/div><div class=\"fusion-counter-box fusion-column col-counter-box counter-box-wrapper col-lg-3 col-md-3 col-sm-3\" data-animationOffset=\"100%\"><div class=\"counter-box-container\" style=\"border: 1px solid #ffffff;\"><div class=\"content-box-percentage content-box-counter\" style=\"color:#000000;font-size:80px;line-height:normal;\"><i class=\"counter-box-icon fontawesome-icon icon-my-calendar\" style=\"font-size:93px;\" aria-hidden=\"true\"><\/i><span class=\"display-counter\" data-value=\"5\" data-direction=\"up\" data-decimals=\"0\">0<\/span><\/div><div class=\"counter-box-content\" style=\"color:#b21717;font-size:22px;\">A\u00f1os de experiencia<\/div><\/div><\/div><div class=\"fusion-counter-box fusion-column col-counter-box counter-box-wrapper col-lg-3 col-md-3 col-sm-3\" data-animationOffset=\"100%\"><div class=\"counter-box-container\" style=\"border: 1px solid #ffffff;\"><div class=\"content-box-percentage content-box-counter\" style=\"color:#000000;font-size:80px;line-height:normal;\"><i class=\"counter-box-icon fontawesome-icon icon-my-edit\" style=\"font-size:93px;\" aria-hidden=\"true\"><\/i><span class=\"display-counter\" data-value=\"35\" data-direction=\"up\" data-decimals=\"0\">0<\/span><\/div><div class=\"counter-box-content\" style=\"color:#b21717;font-size:22px;\">Servicios realizados<\/div><\/div><\/div><\/div><div class=\"clearfix\"><\/div><div class=\"fusion-sep-clear\"><\/div><div class=\"fusion-separator fusion-full-width-sep\" style=\"margin-left: auto;margin-right: auto;margin-top:15px;margin-bottom:0px;width:100%;\"><div class=\"fusion-separator-border sep-single sep-solid\" style=\"border-color:#e0dede;border-top-width:1px;\"><\/div><\/div><div class=\"fusion-sep-clear\"><\/div><\/div><\/div><div class=\"fusion-clearfix\"><\/div><\/div><\/div><\/div><\/div><div class=\"fusion-fullwidth fullwidth-box fusion-builder-row-3 nonhundred-percent-fullwidth non-hundred-percent-height-scrolling\" style=\"background-color: rgba(230,50,31,0);background-position: center center;background-repeat: no-repeat;padding-top:0px;padding-right:0px;padding-bottom:0px;padding-left:0px;margin-bottom: 0px;margin-top: 0px;border-width: 0px 0px 0px 0px;border-color:#eae9e9;border-style:solid;\" ><div class=\"fusion-builder-row fusion-row\"><div class=\"fusion-layout-column fusion_builder_column fusion-builder-column-3 fusion_builder_column_1_1 1_1 fusion-one-full fusion-column-first fusion-column-last fusion-column-no-min-height\" style=\"margin-top:0px;margin-bottom:20px;\"><div class=\"fusion-column-wrapper fusion-flex-column-wrapper-legacy\" style=\"background-position:left top;background-repeat:no-repeat;-webkit-background-size:cover;-moz-background-size:cover;-o-background-size:cover;background-size:cover;padding: 40px 0px 10px 0px;\"><div class=\"fusion-column-content-centered\"><div class=\"fusion-column-content\"><style type=\"text\/css\"><\/style><div class=\"fusion-title title fusion-title-2 fusion-sep-none fusion-title-center fusion-title-text fusion-title-size-three fusion-animated\" style=\"font-size:25px;margin-top:20px;margin-right:0px;margin-bottom:5px;margin-left:0px;\" data-animationType=\"fadeInDown\" data-animationDuration=\"2.0\" data-animationOffset=\"100%\"><h3 class=\"title-heading-center fusion-responsive-typography-calculated\" style=\"margin:0;font-size:1em;--fontSize:25;line-height:1.41;\"><h2 style=\"text-align: center;\"><span style=\"color: #333333;\">Directorio de contactos<\/span><\/h2><\/h3><\/div><div class=\"fusion-builder-row fusion-builder-row-inner fusion-row\"><div class=\"fusion-layout-column fusion_builder_column_inner fusion-builder-nested-column-0 fusion_builder_column_inner_1_1 1_1 fusion-one-full fusion-column-first fusion-column-last fusion-column-no-min-height\" style=\"margin-top:0px;margin-bottom:20px;\"><div class=\"fusion-column-wrapper fusion-flex-column-wrapper-legacy\" style=\"background-position:left top;background-repeat:no-repeat;-webkit-background-size:cover;-moz-background-size:cover;-o-background-size:cover;background-size:cover;background-color:#ffffff;padding: 50px 0px 0px 0px;\"><div class=\"fusion-column-content-centered\"><div class=\"fusion-column-content\"><div class=\"fusion-text fusion-text-2 fusion-animated fusion-text-no-margin\" style=\"margin-right:20px;margin-left:20px;\" data-animationType=\"fadeInDown\" data-animationDuration=\"2.0\" data-animationOffset=\"100%\"><p style=\"text-align: right;\"><b><span style=\"color: rgb(230, 50, 31); font-family: var(--body_typography-font-family); font-size: var(--body_typography-font-size); font-style: var(--body_typography-font-style,normal); letter-spacing: var(--body_typography-letter-spacing);\">F\u00e9lix Paz Quiroz<\/span><span style=\"color: #e6321f;\"><span style=\"color: rgb(230, 50, 31);\">,<\/span> <\/span>Gerencia General (e) \/ Director de Medios Period\u00edsticos<\/b><strong><br \/>\n<\/strong>Presidente de Comit\u00e9 de Fondo Editorial<\/p>\n<\/div><div class=\"fusion-text fusion-text-3 fusion-animated\" style=\"margin-top:30px;margin-right:20px;margin-left:20px;\" data-animationType=\"fadeInDown\" data-animationDuration=\"2.0\" data-animationOffset=\"100%\"><p style=\"text-align: right;\"><b><span style=\"color: rgb(230, 50, 31); font-family: var(--body_typography-font-family); font-size: var(--body_typography-font-size); font-style: var(--body_typography-font-style,normal); letter-spacing: var(--body_typography-letter-spacing);\">Ricardo Montero Reyes<\/span><span style=\"color: #e6321f;\"><span style=\"color: #e6321f;\"><span style=\"color: rgb(230, 50, 31);\">,<\/span> <\/span><\/span>Gerente de Publicaciones Oficiales<\/b><strong><br \/>\n<\/strong>Responsable del Fondo Editorial<\/p>\n<\/div><div class=\"fusion-text fusion-text-4 fusion-animated\" style=\"margin-right:20px;margin-left:20px;\" data-animationType=\"fadeInDown\" data-animationDuration=\"2.0\" data-animationOffset=\"100%\"><p style=\"text-align: right;\"><b style=\"color: rgb(230, 50, 31);\">Contacto<\/b><strong><br \/>\n<\/strong>fondoeditorial@editoraperu.com.pe<\/p>\n<\/div><\/div><\/div><div class=\"fusion-clearfix\"><\/div><\/div><\/div><\/div><\/div><\/div><div class=\"fusion-clearfix\"><\/div><\/div><\/div><\/div><\/div><\/p>\n","protected":false},"excerpt":{"rendered":"","protected":false},"author":8,"featured_media":0,"parent":0,"menu_order":0,"comment_status":"closed","ping_status":"closed","template":"","meta":{"_bbp_topic_count":0,"_bbp_reply_count":0,"_bbp_total_topic_count":0,"_bbp_total_reply_count":0,"_bbp_voice_count":0,"_bbp_anonymous_reply_count":0,"_bbp_topic_count_hidden":0,"_bbp_reply_count_hidden":0,"_bbp_forum_subforum_count":0,"_mi_skip_tracking":false,"_joinchat":[],"footnotes":""},"class_list":["post-21211","page","type-page","status-publish","hentry"],"_links":{"self":[{"href":"https:\/\/fondoeditorial.editoraperu.pe\/index.php?rest_route=\/wp\/v2\/pages\/21211","targetHints":{"allow":["GET"]}}],"collection":[{"href":"https:\/\/fondoeditorial.editoraperu.pe\/index.php?rest_route=\/wp\/v2\/pages"}],"about":[{"href":"https:\/\/fondoeditorial.editoraperu.pe\/index.php?rest_route=\/wp\/v2\/types\/page"}],"author":[{"embeddable":true,"href":"https:\/\/fondoeditorial.editoraperu.pe\/index.php?rest_route=\/wp\/v2\/users\/8"}],"replies":[{"embeddable":true,"href":"https:\/\/fondoeditorial.editoraperu.pe\/index.php?rest_route=%2Fwp%2Fv2%2Fcomments&post=21211"}],"version-history":[{"count":6,"href":"https:\/\/fondoeditorial.editoraperu.pe\/index.php?rest_route=\/wp\/v2\/pages\/21211\/revisions"}],"predecessor-version":[{"id":22309,"href":"https:\/\/fondoeditorial.editoraperu.pe\/index.php?rest_route=\/wp\/v2\/pages\/21211\/revisions\/22309"}],"wp:attachment":[{"href":"https:\/\/fondoeditorial.editoraperu.pe\/index.php?rest_route=%2Fwp%2Fv2%2Fmedia&parent=21211"}],"curies":[{"name":"wp","href":"https:\/\/api.w.org\/{rel}","templated":true}]}}