{"id":21297,"date":"2022-09-06T03:11:07","date_gmt":"2022-09-06T08:11:07","guid":{"rendered":"http:\/\/172.20.0.158\/editora\/?page_id=21297"},"modified":"2023-03-06T09:07:49","modified_gmt":"2023-03-06T14:07:49","slug":"luis-enrique-cam-2","status":"publish","type":"page","link":"https:\/\/fondoeditorial.editoraperu.pe\/?page_id=21297","title":{"rendered":"Luis Enrique Cam"},"content":{"rendered":"<div class=\"fusion-fullwidth fullwidth-box fusion-builder-row-1 nonhundred-percent-fullwidth non-hundred-percent-height-scrolling\" style=\"background-color: rgba(230,50,31,0);background-position: center center;background-repeat: no-repeat;padding-top:0px;padding-right:0px;padding-bottom:200px;padding-left:0px;margin-bottom: 0px;margin-top: 0px;border-width: 0px 0px 0px 0px;border-color:#eae9e9;border-style:solid;\" ><div class=\"fusion-builder-row fusion-row\"><div class=\"fusion-layout-column fusion_builder_column fusion-builder-column-0 fusion_builder_column_1_6 1_6 fusion-one-sixth fusion-column-first fusion-column-no-min-height\" style=\"width:16.666666666667%;width:calc(16.666666666667% - ( ( 4% + 4% ) * 0.16666666666667 ) );margin-right: 4%;margin-top:0px;margin-bottom:20px;\"><div class=\"fusion-column-wrapper fusion-flex-column-wrapper-legacy\" style=\"background-position:left top;background-repeat:no-repeat;-webkit-background-size:cover;-moz-background-size:cover;-o-background-size:cover;background-size:cover;padding: 0px 0px 0px 0px;\"><div class=\"fusion-column-content-centered\"><div class=\"fusion-column-content\"><\/div><\/div><div class=\"fusion-clearfix\"><\/div><\/div><\/div><div class=\"fusion-layout-column fusion_builder_column fusion-builder-column-1 fusion_builder_column_1_4 1_4 fusion-one-fourth fusion-column-no-min-height\" style=\"width:25%;width:calc(25% - ( ( 4% + 4% ) * 0.25 ) );margin-right: 4%;margin-top:0px;margin-bottom:20px;\"><div class=\"fusion-column-wrapper fusion-flex-column-wrapper-legacy\" style=\"background-position:left top;background-repeat:no-repeat;-webkit-background-size:cover;-moz-background-size:cover;-o-background-size:cover;background-size:cover;padding: 50px 0px 0px 0px;\"><div class=\"fusion-column-content-centered\"><div class=\"fusion-column-content\"><span class=\" fusion-imageframe imageframe-none imageframe-1 hover-type-none fusion-animated\" data-animationType=\"fadeInLeft\" data-animationDuration=\"2.0\" data-animationOffset=\"100%\"><img decoding=\"async\" width=\"827\" height=\"1063\" title=\"Luis Enrique Cam\" src=\"http:\/\/172.20.0.158\/editora\/wp-content\/uploads\/2022\/09\/Luis-Enrique-Cam.jpg\" class=\"img-responsive wp-image-21280\" srcset=\"https:\/\/fondoeditorial.editoraperu.pe\/wp-content\/uploads\/2022\/09\/Luis-Enrique-Cam-200x257.jpg 200w, https:\/\/fondoeditorial.editoraperu.pe\/wp-content\/uploads\/2022\/09\/Luis-Enrique-Cam-400x514.jpg 400w, https:\/\/fondoeditorial.editoraperu.pe\/wp-content\/uploads\/2022\/09\/Luis-Enrique-Cam-600x771.jpg 600w, https:\/\/fondoeditorial.editoraperu.pe\/wp-content\/uploads\/2022\/09\/Luis-Enrique-Cam-800x1028.jpg 800w, https:\/\/fondoeditorial.editoraperu.pe\/wp-content\/uploads\/2022\/09\/Luis-Enrique-Cam.jpg 827w\" sizes=\"(max-width: 800px) 100vw, 400px\" \/><\/span><\/div><\/div><div class=\"fusion-clearfix\"><\/div><\/div><\/div><div class=\"fusion-layout-column fusion_builder_column fusion-builder-column-2 fusion_builder_column_1_2 1_2 fusion-one-half fusion-column-last fusion-column-no-min-height\" style=\"width:50%;width:calc(50% - ( ( 4% + 4% ) * 0.5 ) );margin-top:0px;margin-bottom:20px;\"><div class=\"fusion-column-wrapper fusion-flex-column-wrapper-legacy\" style=\"background-position:left top;background-repeat:no-repeat;-webkit-background-size:cover;-moz-background-size:cover;-o-background-size:cover;background-size:cover;padding: 0px 0px 0px 0px;\"><div class=\"fusion-column-content-centered\"><div class=\"fusion-column-content\"><style type=\"text\/css\"><\/style><div class=\"fusion-title title fusion-title-1 fusion-sep-none fusion-title-text fusion-title-size-three fusion-animated\" style=\"font-size:25px;margin-top:40px;margin-right:0px;margin-bottom:40px;margin-left:0px;\" data-animationType=\"fadeInRight\" data-animationDuration=\"2.0\" data-animationOffset=\"100%\"><h3 class=\"title-heading-left fusion-responsive-typography-calculated\" style=\"margin:0;font-size:1em;--fontSize:25;line-height:1.41;\"><h2 style=\"text-align: left;\"><span style=\"color: #e6321f;\"><strong>Luis Enrique Cam<\/strong><\/span><\/h2><\/h3><\/div><div class=\"fusion-text fusion-text-1 fusion-animated\" data-animationType=\"fadeInRight\" data-animationDuration=\"2.0\" data-animationOffset=\"100%\"><p style=\"text-align: justify;\">Luis Enrique Cam es cineasta, investigador hist\u00f3rico y docente universitario. Tiene una Maestr\u00eda en el King\u2019s College de la Universidad de Londres. Ha realizado 8 documentales de personajes hist\u00f3ricos exhibidos en m\u00e1s de 30 ciudades del mundo y ha publicado <em>El Corresponsal del Hu\u00e1scar<\/em> (Mesa Redonda, 2015), <em>El Morro de Arica \u2013 La resistencia del periodismo peruano durante el cautiverio de Tacna y Arica<\/em> (Fondo Editorial Escuela de Edici\u00f3n de Lima, 2017), <em>M\u00e1ximas, consejos e instrucciones sobre el arte de la guerra de Mariano Bolognesi<\/em> (Centro de Desarrollo editorial y de contenidos, 2021) y <a href=\"https:\/\/fondoeditorial.editoraperu.pe\/?product=dicho-en-el-peru\"><em>Dicho en el Per\u00fa. Nuestra historia a trav\u00e9s de sus frases c\u00e9lebres<\/em><\/a> (2022).<br \/>\nEn el 2013, recibi\u00f3 el Premio Juan Land\u00e1zuri Ricketts; en el 2017, la Medalla de la Comisi\u00f3n Permanente de Historia del Ej\u00e9rcito del Per\u00fa; y, en el 2019 el Diploma al M\u00e9rito por la Promoci\u00f3n de la Historia del Per\u00fa por la Academia Nacional de Historia.<\/p>\n<div class=\"fusion-social-links\"><div class=\"fusion-social-networks\"><div class=\"fusion-social-networks-wrapper\"><a class=\"fusion-social-network-icon fusion-tooltip fusion-facebook fusion-icon-facebook\" style=\"color:#ffffff;font-size:16px;\" data-placement=\"top\" data-title=\"Facebook\" data-toggle=\"tooltip\" title=\"Facebook\" aria-label=\"facebook\" target=\"_blank\" rel=\"noopener noreferrer\" href=\"#\"><\/a><a class=\"fusion-social-network-icon fusion-tooltip fusion-twitter fusion-icon-twitter\" style=\"color:#ffffff;font-size:16px;\" data-placement=\"top\" data-title=\"Twitter\" data-toggle=\"tooltip\" title=\"Twitter\" aria-label=\"twitter\" target=\"_blank\" rel=\"noopener noreferrer\" href=\"#\"><\/a><\/div><\/div><\/div>\n<\/div><\/div><\/div><div class=\"fusion-clearfix\"><\/div><\/div><\/div><\/div><\/div>\n","protected":false},"excerpt":{"rendered":"","protected":false},"author":8,"featured_media":0,"parent":0,"menu_order":0,"comment_status":"closed","ping_status":"closed","template":"","meta":{"_bbp_topic_count":0,"_bbp_reply_count":0,"_bbp_total_topic_count":0,"_bbp_total_reply_count":0,"_bbp_voice_count":0,"_bbp_anonymous_reply_count":0,"_bbp_topic_count_hidden":0,"_bbp_reply_count_hidden":0,"_bbp_forum_subforum_count":0,"_mi_skip_tracking":false,"_joinchat":[],"footnotes":""},"class_list":["post-21297","page","type-page","status-publish","hentry"],"_links":{"self":[{"href":"https:\/\/fondoeditorial.editoraperu.pe\/index.php?rest_route=\/wp\/v2\/pages\/21297","targetHints":{"allow":["GET"]}}],"collection":[{"href":"https:\/\/fondoeditorial.editoraperu.pe\/index.php?rest_route=\/wp\/v2\/pages"}],"about":[{"href":"https:\/\/fondoeditorial.editoraperu.pe\/index.php?rest_route=\/wp\/v2\/types\/page"}],"author":[{"embeddable":true,"href":"https:\/\/fondoeditorial.editoraperu.pe\/index.php?rest_route=\/wp\/v2\/users\/8"}],"replies":[{"embeddable":true,"href":"https:\/\/fondoeditorial.editoraperu.pe\/index.php?rest_route=%2Fwp%2Fv2%2Fcomments&post=21297"}],"version-history":[{"count":6,"href":"https:\/\/fondoeditorial.editoraperu.pe\/index.php?rest_route=\/wp\/v2\/pages\/21297\/revisions"}],"predecessor-version":[{"id":21832,"href":"https:\/\/fondoeditorial.editoraperu.pe\/index.php?rest_route=\/wp\/v2\/pages\/21297\/revisions\/21832"}],"wp:attachment":[{"href":"https:\/\/fondoeditorial.editoraperu.pe\/index.php?rest_route=%2Fwp%2Fv2%2Fmedia&parent=21297"}],"curies":[{"name":"wp","href":"https:\/\/api.w.org\/{rel}","templated":true}]}}