{"id":21300,"date":"2022-09-06T03:12:24","date_gmt":"2022-09-06T08:12:24","guid":{"rendered":"http:\/\/172.20.0.158\/editora\/?page_id=21300"},"modified":"2023-03-06T09:04:08","modified_gmt":"2023-03-06T14:04:08","slug":"romulo-acurio-traverso","status":"publish","type":"page","link":"https:\/\/fondoeditorial.editoraperu.pe\/?page_id=21300","title":{"rendered":"R\u00f3mulo Acurio Traverso"},"content":{"rendered":"<div class=\"fusion-fullwidth fullwidth-box fusion-builder-row-1 nonhundred-percent-fullwidth non-hundred-percent-height-scrolling\" style=\"background-color: rgba(230,50,31,0);background-position: center center;background-repeat: no-repeat;padding-top:0px;padding-right:0px;padding-bottom:200px;padding-left:0px;margin-bottom: 0px;margin-top: 0px;border-width: 0px 0px 0px 0px;border-color:#eae9e9;border-style:solid;\" ><div class=\"fusion-builder-row fusion-row\"><div class=\"fusion-layout-column fusion_builder_column fusion-builder-column-0 fusion_builder_column_1_6 1_6 fusion-one-sixth fusion-column-first fusion-column-no-min-height\" style=\"width:16.666666666667%;width:calc(16.666666666667% - ( ( 4% + 4% ) * 0.16666666666667 ) );margin-right: 4%;margin-top:0px;margin-bottom:20px;\"><div class=\"fusion-column-wrapper fusion-flex-column-wrapper-legacy\" style=\"background-position:left top;background-repeat:no-repeat;-webkit-background-size:cover;-moz-background-size:cover;-o-background-size:cover;background-size:cover;padding: 0px 0px 0px 0px;\"><div class=\"fusion-column-content-centered\"><div class=\"fusion-column-content\"><\/div><\/div><div class=\"fusion-clearfix\"><\/div><\/div><\/div><div class=\"fusion-layout-column fusion_builder_column fusion-builder-column-1 fusion_builder_column_1_4 1_4 fusion-one-fourth fusion-column-no-min-height\" style=\"width:25%;width:calc(25% - ( ( 4% + 4% ) * 0.25 ) );margin-right: 4%;margin-top:0px;margin-bottom:20px;\"><div class=\"fusion-column-wrapper fusion-flex-column-wrapper-legacy\" style=\"background-position:left top;background-repeat:no-repeat;-webkit-background-size:cover;-moz-background-size:cover;-o-background-size:cover;background-size:cover;padding: 50px 0px 0px 0px;\"><div class=\"fusion-column-content-centered\"><div class=\"fusion-column-content\"><span class=\" fusion-imageframe imageframe-none imageframe-1 hover-type-none fusion-animated\" data-animationType=\"fadeInLeft\" data-animationDuration=\"2.0\" data-animationOffset=\"100%\"><img decoding=\"async\" width=\"827\" height=\"1063\" title=\"R\u00f3mulo\" src=\"http:\/\/172.20.0.158\/editora\/wp-content\/uploads\/2022\/09\/Romulo.jpg\" class=\"img-responsive wp-image-21282\" srcset=\"https:\/\/fondoeditorial.editoraperu.pe\/wp-content\/uploads\/2022\/09\/Romulo-200x257.jpg 200w, https:\/\/fondoeditorial.editoraperu.pe\/wp-content\/uploads\/2022\/09\/Romulo-400x514.jpg 400w, https:\/\/fondoeditorial.editoraperu.pe\/wp-content\/uploads\/2022\/09\/Romulo-600x771.jpg 600w, https:\/\/fondoeditorial.editoraperu.pe\/wp-content\/uploads\/2022\/09\/Romulo-800x1028.jpg 800w, https:\/\/fondoeditorial.editoraperu.pe\/wp-content\/uploads\/2022\/09\/Romulo.jpg 827w\" sizes=\"(max-width: 800px) 100vw, 400px\" \/><\/span><\/div><\/div><div class=\"fusion-clearfix\"><\/div><\/div><\/div><div class=\"fusion-layout-column fusion_builder_column fusion-builder-column-2 fusion_builder_column_1_2 1_2 fusion-one-half fusion-column-last fusion-column-no-min-height\" style=\"width:50%;width:calc(50% - ( ( 4% + 4% ) * 0.5 ) );margin-top:0px;margin-bottom:20px;\"><div class=\"fusion-column-wrapper fusion-flex-column-wrapper-legacy\" style=\"background-position:left top;background-repeat:no-repeat;-webkit-background-size:cover;-moz-background-size:cover;-o-background-size:cover;background-size:cover;padding: 0px 0px 0px 0px;\"><div class=\"fusion-column-content-centered\"><div class=\"fusion-column-content\"><style type=\"text\/css\"><\/style><div class=\"fusion-title title fusion-title-1 fusion-sep-none fusion-title-text fusion-title-size-three fusion-animated\" style=\"font-size:25px;margin-top:40px;margin-right:0px;margin-bottom:40px;margin-left:0px;\" data-animationType=\"fadeInRight\" data-animationDuration=\"2.0\" data-animationOffset=\"100%\"><h3 class=\"title-heading-left fusion-responsive-typography-calculated\" style=\"margin:0;font-size:1em;--fontSize:25;line-height:1.41;\"><h2 style=\"text-align: left;\"><span style=\"color: #e6321f;\"><strong>R\u00f3mulo Acurio Traverso<\/strong><\/span><\/h2><\/h3><\/div><div class=\"fusion-text fusion-text-1 fusion-animated\" data-animationType=\"fadeInRight\" data-animationDuration=\"2.0\" data-animationOffset=\"100%\"><p style=\"text-align: justify;\"><strong>(Cusco, 1965)<\/strong><\/p>\n<\/div><div class=\"fusion-text fusion-text-2 fusion-animated\" data-animationType=\"fadeInRight\" data-animationDuration=\"2.0\" data-animationOffset=\"100%\"><p style=\"text-align: justify;\">Licenciado en Relaciones Internacionales por la Academia Diplom\u00e1tica del Per\u00fa. Tiene una maestr\u00eda en Filosof\u00eda de la Universidad de Par\u00eds I \u2013 Sorbona y una maestr\u00eda en Administraci\u00f3n P\u00fablica de la Escuela Kennedy de la Universidad de Harvard. Tambi\u00e9n, realiz\u00f3 estudios de doctorado en Filosof\u00eda (PUCP), con una tesis por concluir. Es diplom\u00e1tico de carrera, con labores en Lima, Par\u00eds, Roma, Viena, Dubai y Santiago. Es embajador en el Servicio Diplom\u00e1tico peruano y ha sido director general para Asuntos Culturales y director general de Estudios y Estrategias de Pol\u00edtica Exterior de la Canciller\u00eda peruana. Actualmente, es el embajador peruano en Brasil. Ha publicado el libro <em>La democracia como activismo cultural, <a href=\"https:\/\/fondoeditorial.editoraperu.pe\/?product=la-costa-de-los-espejos\">La costa de los espejos. Cr\u00f3nicas peruano-chilenas<\/a>,<\/em>\u00a0cuatro poemarios, as\u00ed como art\u00edculos de relaciones internacionales y filosof\u00eda en varias revistas.<\/p>\n<div class=\"fusion-social-links\"><div class=\"fusion-social-networks\"><div class=\"fusion-social-networks-wrapper\"><a class=\"fusion-social-network-icon fusion-tooltip fusion-facebook fusion-icon-facebook\" style=\"color:#ffffff;font-size:16px;\" data-placement=\"top\" data-title=\"Facebook\" data-toggle=\"tooltip\" title=\"Facebook\" aria-label=\"facebook\" target=\"_blank\" rel=\"noopener noreferrer\" href=\"#\"><\/a><a class=\"fusion-social-network-icon fusion-tooltip fusion-instagram fusion-icon-instagram\" style=\"color:#ffffff;font-size:16px;\" data-placement=\"top\" data-title=\"Instagram\" data-toggle=\"tooltip\" title=\"Instagram\" aria-label=\"instagram\" target=\"_blank\" rel=\"noopener noreferrer\" href=\"#\"><\/a><a class=\"fusion-social-network-icon fusion-tooltip fusion-twitter fusion-icon-twitter\" style=\"color:#ffffff;font-size:16px;\" data-placement=\"top\" data-title=\"Twitter\" data-toggle=\"tooltip\" title=\"Twitter\" aria-label=\"twitter\" target=\"_blank\" rel=\"noopener noreferrer\" href=\"#\"><\/a><\/div><\/div><\/div>\n<\/div><\/div><\/div><div class=\"fusion-clearfix\"><\/div><\/div><\/div><\/div><\/div>\n","protected":false},"excerpt":{"rendered":"","protected":false},"author":8,"featured_media":0,"parent":0,"menu_order":0,"comment_status":"closed","ping_status":"closed","template":"","meta":{"_bbp_topic_count":0,"_bbp_reply_count":0,"_bbp_total_topic_count":0,"_bbp_total_reply_count":0,"_bbp_voice_count":0,"_bbp_anonymous_reply_count":0,"_bbp_topic_count_hidden":0,"_bbp_reply_count_hidden":0,"_bbp_forum_subforum_count":0,"_mi_skip_tracking":false,"_joinchat":[],"footnotes":""},"class_list":["post-21300","page","type-page","status-publish","hentry"],"_links":{"self":[{"href":"https:\/\/fondoeditorial.editoraperu.pe\/index.php?rest_route=\/wp\/v2\/pages\/21300","targetHints":{"allow":["GET"]}}],"collection":[{"href":"https:\/\/fondoeditorial.editoraperu.pe\/index.php?rest_route=\/wp\/v2\/pages"}],"about":[{"href":"https:\/\/fondoeditorial.editoraperu.pe\/index.php?rest_route=\/wp\/v2\/types\/page"}],"author":[{"embeddable":true,"href":"https:\/\/fondoeditorial.editoraperu.pe\/index.php?rest_route=\/wp\/v2\/users\/8"}],"replies":[{"embeddable":true,"href":"https:\/\/fondoeditorial.editoraperu.pe\/index.php?rest_route=%2Fwp%2Fv2%2Fcomments&post=21300"}],"version-history":[{"count":4,"href":"https:\/\/fondoeditorial.editoraperu.pe\/index.php?rest_route=\/wp\/v2\/pages\/21300\/revisions"}],"predecessor-version":[{"id":21831,"href":"https:\/\/fondoeditorial.editoraperu.pe\/index.php?rest_route=\/wp\/v2\/pages\/21300\/revisions\/21831"}],"wp:attachment":[{"href":"https:\/\/fondoeditorial.editoraperu.pe\/index.php?rest_route=%2Fwp%2Fv2%2Fmedia&parent=21300"}],"curies":[{"name":"wp","href":"https:\/\/api.w.org\/{rel}","templated":true}]}}