{"id":21534,"date":"2022-10-13T16:51:30","date_gmt":"2022-10-13T21:51:30","guid":{"rendered":"http:\/\/172.20.0.158\/editora\/?page_id=21534"},"modified":"2023-03-19T17:52:07","modified_gmt":"2023-03-19T22:52:07","slug":"condiciones-de-envio","status":"publish","type":"page","link":"https:\/\/fondoeditorial.editoraperu.pe\/?page_id=21534","title":{"rendered":"Condiciones de env\u00edo"},"content":{"rendered":"<div class=\"fusion-fullwidth fullwidth-box fusion-builder-row-1 nonhundred-percent-fullwidth non-hundred-percent-height-scrolling\" style=\"background-color: rgba(230,50,31,0);background-position: center center;background-repeat: no-repeat;padding-top:0px;padding-right:0px;padding-bottom:0px;padding-left:0px;margin-bottom: 0px;margin-top: 0px;border-width: 0px 0px 0px 0px;border-color:#eae9e9;border-style:solid;\" ><div class=\"fusion-builder-row fusion-row\"><div class=\"fusion-layout-column fusion_builder_column fusion-builder-column-0 fusion_builder_column_1_1 1_1 fusion-one-full fusion-column-first fusion-column-last fusion-column-no-min-height\" style=\"margin-top:0px;margin-bottom:20px;\"><div class=\"fusion-column-wrapper fusion-flex-column-wrapper-legacy\" style=\"background-position:left top;background-repeat:no-repeat;-webkit-background-size:cover;-moz-background-size:cover;-o-background-size:cover;background-size:cover;background-color:rgba(247,250,246,0);padding: 0px 30px 150px 30px;\"><div class=\"fusion-column-content-centered\"><div class=\"fusion-column-content\"><div class=\"fusion-text fusion-text-1\"><p>La compra es efectiva luego de la confirmaci\u00f3n v\u00eda correo electr\u00f3nico, desde nuestro servidor, al cliente previa confirmaci\u00f3n del pago.<\/p>\n<p><strong>Libro impreso<\/strong><br \/>\nEl tiempo de entrega del pedido se cuenta a partir de la confirmaci\u00f3n de pago.<br \/>\n&#8211; Los pedidos para Lima, el plazo aproximado de entrega es de 2 a 3 d\u00edas h\u00e1biles.<br \/>\n&#8211; Los pedidos para provincias tienen un plazo de entrega entre 4 a 5 d\u00edas h\u00e1biles.<br \/>\n&#8211; Los pedidos para el exterior, el tiempo de entrega es de 15 d\u00edas h\u00e1biles (de lunes a viernes) o m\u00e1s, dependiendo de la ciudad a la que se har\u00e1 el env\u00edo del pedido.<\/p>\n<p>Si el env\u00edo genera impuestos de Aduana, estos ser\u00e1n asumidos por el cliente.<br \/>\nSi tienes alguna pregunta relacionada con las condiciones de env\u00edo puedes comunicarte al correo ventasfondoeditorial@editoraperu.com.pe<\/p>\n<\/div><\/div><\/div><div class=\"fusion-clearfix\"><\/div><\/div><\/div><\/div><\/div>\n","protected":false},"excerpt":{"rendered":"","protected":false},"author":9,"featured_media":0,"parent":0,"menu_order":0,"comment_status":"closed","ping_status":"closed","template":"","meta":{"_bbp_topic_count":0,"_bbp_reply_count":0,"_bbp_total_topic_count":0,"_bbp_total_reply_count":0,"_bbp_voice_count":0,"_bbp_anonymous_reply_count":0,"_bbp_topic_count_hidden":0,"_bbp_reply_count_hidden":0,"_bbp_forum_subforum_count":0,"_mi_skip_tracking":false,"_joinchat":[],"footnotes":""},"class_list":["post-21534","page","type-page","status-publish","hentry"],"_links":{"self":[{"href":"https:\/\/fondoeditorial.editoraperu.pe\/index.php?rest_route=\/wp\/v2\/pages\/21534","targetHints":{"allow":["GET"]}}],"collection":[{"href":"https:\/\/fondoeditorial.editoraperu.pe\/index.php?rest_route=\/wp\/v2\/pages"}],"about":[{"href":"https:\/\/fondoeditorial.editoraperu.pe\/index.php?rest_route=\/wp\/v2\/types\/page"}],"author":[{"embeddable":true,"href":"https:\/\/fondoeditorial.editoraperu.pe\/index.php?rest_route=\/wp\/v2\/users\/9"}],"replies":[{"embeddable":true,"href":"https:\/\/fondoeditorial.editoraperu.pe\/index.php?rest_route=%2Fwp%2Fv2%2Fcomments&post=21534"}],"version-history":[{"count":4,"href":"https:\/\/fondoeditorial.editoraperu.pe\/index.php?rest_route=\/wp\/v2\/pages\/21534\/revisions"}],"predecessor-version":[{"id":21903,"href":"https:\/\/fondoeditorial.editoraperu.pe\/index.php?rest_route=\/wp\/v2\/pages\/21534\/revisions\/21903"}],"wp:attachment":[{"href":"https:\/\/fondoeditorial.editoraperu.pe\/index.php?rest_route=%2Fwp%2Fv2%2Fmedia&parent=21534"}],"curies":[{"name":"wp","href":"https:\/\/api.w.org\/{rel}","templated":true}]}}