{"id":21543,"date":"2022-10-13T18:01:45","date_gmt":"2022-10-13T23:01:45","guid":{"rendered":"http:\/\/172.20.0.158\/editora\/?page_id=21543"},"modified":"2023-02-13T14:06:40","modified_gmt":"2023-02-13T19:06:40","slug":"como-comprar-3","status":"publish","type":"page","link":"https:\/\/fondoeditorial.editoraperu.pe\/?page_id=21543","title":{"rendered":"C\u00f3mo comprar"},"content":{"rendered":"<div class=\"fusion-fullwidth fullwidth-box fusion-builder-row-1 nonhundred-percent-fullwidth non-hundred-percent-height-scrolling\" style=\"background-color: rgba(230,50,31,0);background-position: center center;background-repeat: no-repeat;padding-top:0px;padding-right:0px;padding-bottom:0px;padding-left:0px;margin-bottom: 0px;margin-top: 0px;border-width: 0px 0px 0px 0px;border-color:#eae9e9;border-style:solid;\" ><div class=\"fusion-builder-row fusion-row\"><div class=\"fusion-layout-column fusion_builder_column fusion-builder-column-0 fusion_builder_column_1_1 1_1 fusion-one-full fusion-column-first fusion-column-last fusion-column-no-min-height\" style=\"margin-top:0px;margin-bottom:20px;\"><div class=\"fusion-column-wrapper fusion-flex-column-wrapper-legacy\" style=\"background-position:left top;background-repeat:no-repeat;-webkit-background-size:cover;-moz-background-size:cover;-o-background-size:cover;background-size:cover;background-color:rgba(247,250,246,0);padding: 0px 30px 150px 30px;\"><div class=\"fusion-column-content-centered\"><div class=\"fusion-column-content\"><div class=\"fusion-text fusion-text-1\"><p>Realiza tu compra con estos pasos:<\/p>\n<p>1. Selecciona el o los libros que deseas comprar y a\u00f1\u00e1delo(s) a tu carrito de compras y confirma tu pedido.<\/p>\n<p>2. Si a\u00fan no est\u00e1s registrado ingresa tus datos, o si ya est\u00e1s registrado(a) inicia tu sesi\u00f3n, dale clic a \u00absiguiente\u00bb y contin\u00faa el proceso de compra.<\/p>\n<p>3. Ingresa tu direcci\u00f3n de env\u00edo y correo electr\u00f3nico para la facturaci\u00f3n (el recibo se env\u00eda por correo electr\u00f3nico).<\/p>\n<p>4. Confirma la direcci\u00f3n y el costo de env\u00edo seg\u00fan tu ciudad.<\/p>\n<\/div><\/div><\/div><div class=\"fusion-clearfix\"><\/div><\/div><\/div><\/div><\/div>\n","protected":false},"excerpt":{"rendered":"","protected":false},"author":9,"featured_media":0,"parent":0,"menu_order":0,"comment_status":"closed","ping_status":"closed","template":"","meta":{"_bbp_topic_count":0,"_bbp_reply_count":0,"_bbp_total_topic_count":0,"_bbp_total_reply_count":0,"_bbp_voice_count":0,"_bbp_anonymous_reply_count":0,"_bbp_topic_count_hidden":0,"_bbp_reply_count_hidden":0,"_bbp_forum_subforum_count":0,"_mi_skip_tracking":false,"_joinchat":[],"footnotes":""},"class_list":["post-21543","page","type-page","status-publish","hentry"],"_links":{"self":[{"href":"https:\/\/fondoeditorial.editoraperu.pe\/index.php?rest_route=\/wp\/v2\/pages\/21543","targetHints":{"allow":["GET"]}}],"collection":[{"href":"https:\/\/fondoeditorial.editoraperu.pe\/index.php?rest_route=\/wp\/v2\/pages"}],"about":[{"href":"https:\/\/fondoeditorial.editoraperu.pe\/index.php?rest_route=\/wp\/v2\/types\/page"}],"author":[{"embeddable":true,"href":"https:\/\/fondoeditorial.editoraperu.pe\/index.php?rest_route=\/wp\/v2\/users\/9"}],"replies":[{"embeddable":true,"href":"https:\/\/fondoeditorial.editoraperu.pe\/index.php?rest_route=%2Fwp%2Fv2%2Fcomments&post=21543"}],"version-history":[{"count":3,"href":"https:\/\/fondoeditorial.editoraperu.pe\/index.php?rest_route=\/wp\/v2\/pages\/21543\/revisions"}],"predecessor-version":[{"id":21843,"href":"https:\/\/fondoeditorial.editoraperu.pe\/index.php?rest_route=\/wp\/v2\/pages\/21543\/revisions\/21843"}],"wp:attachment":[{"href":"https:\/\/fondoeditorial.editoraperu.pe\/index.php?rest_route=%2Fwp%2Fv2%2Fmedia&parent=21543"}],"curies":[{"name":"wp","href":"https:\/\/api.w.org\/{rel}","templated":true}]}}