{"id":21750,"date":"2022-12-26T11:24:29","date_gmt":"2022-12-26T16:24:29","guid":{"rendered":"http:\/\/172.20.0.158\/editora\/?page_id=21750"},"modified":"2022-12-26T11:24:29","modified_gmt":"2022-12-26T16:24:29","slug":"jorge-felix-balarezo-rengifo","status":"publish","type":"page","link":"https:\/\/fondoeditorial.editoraperu.pe\/?page_id=21750","title":{"rendered":"Jorge F\u00e9lix Balarezo Rengifo"},"content":{"rendered":"<div class=\"fusion-fullwidth fullwidth-box fusion-builder-row-1 nonhundred-percent-fullwidth non-hundred-percent-height-scrolling\" style=\"background-color: rgba(230,50,31,0);background-position: center center;background-repeat: no-repeat;padding-top:0px;padding-right:0px;padding-bottom:200px;padding-left:0px;margin-bottom: 0px;margin-top: 0px;border-width: 0px 0px 0px 0px;border-color:#eae9e9;border-style:solid;\" ><div class=\"fusion-builder-row fusion-row\"><div class=\"fusion-layout-column fusion_builder_column fusion-builder-column-0 fusion_builder_column_1_6 1_6 fusion-one-sixth fusion-column-first fusion-column-no-min-height\" style=\"width:16.666666666667%;width:calc(16.666666666667% - ( ( 4% + 4% ) * 0.16666666666667 ) );margin-right: 4%;margin-top:0px;margin-bottom:20px;\"><div class=\"fusion-column-wrapper fusion-flex-column-wrapper-legacy\" style=\"background-position:left top;background-repeat:no-repeat;-webkit-background-size:cover;-moz-background-size:cover;-o-background-size:cover;background-size:cover;padding: 0px 0px 0px 0px;\"><div class=\"fusion-column-content-centered\"><div class=\"fusion-column-content\"><\/div><\/div><div class=\"fusion-clearfix\"><\/div><\/div><\/div><div class=\"fusion-layout-column fusion_builder_column fusion-builder-column-1 fusion_builder_column_1_4 1_4 fusion-one-fourth fusion-column-no-min-height\" style=\"width:25%;width:calc(25% - ( ( 4% + 4% ) * 0.25 ) );margin-right: 4%;margin-top:0px;margin-bottom:20px;\"><div class=\"fusion-column-wrapper fusion-flex-column-wrapper-legacy\" style=\"background-position:left top;background-repeat:no-repeat;-webkit-background-size:cover;-moz-background-size:cover;-o-background-size:cover;background-size:cover;padding: 50px 0px 0px 0px;\"><div class=\"fusion-column-content-centered\"><div class=\"fusion-column-content\"><span class=\" fusion-imageframe imageframe-none imageframe-1 hover-type-zoomout fusion-animated\" data-animationType=\"fadeInLeft\" data-animationDuration=\"2.0\" data-animationOffset=\"100%\"><img decoding=\"async\" width=\"827\" height=\"1063\" title=\"Autor_Jorge_Balarezo\" src=\"http:\/\/172.20.0.158\/editora\/wp-content\/uploads\/2022\/12\/Autor_Jorge_Balarezo.jpg\" class=\"img-responsive wp-image-21735\" srcset=\"https:\/\/fondoeditorial.editoraperu.pe\/wp-content\/uploads\/2022\/12\/Autor_Jorge_Balarezo-200x257.jpg 200w, https:\/\/fondoeditorial.editoraperu.pe\/wp-content\/uploads\/2022\/12\/Autor_Jorge_Balarezo-400x514.jpg 400w, https:\/\/fondoeditorial.editoraperu.pe\/wp-content\/uploads\/2022\/12\/Autor_Jorge_Balarezo-600x771.jpg 600w, https:\/\/fondoeditorial.editoraperu.pe\/wp-content\/uploads\/2022\/12\/Autor_Jorge_Balarezo-800x1028.jpg 800w, https:\/\/fondoeditorial.editoraperu.pe\/wp-content\/uploads\/2022\/12\/Autor_Jorge_Balarezo.jpg 827w\" sizes=\"(max-width: 800px) 100vw, 400px\" \/><\/span><\/div><\/div><div class=\"fusion-clearfix\"><\/div><\/div><\/div><div class=\"fusion-layout-column fusion_builder_column fusion-builder-column-2 fusion_builder_column_1_2 1_2 fusion-one-half fusion-column-last fusion-column-no-min-height\" style=\"width:50%;width:calc(50% - ( ( 4% + 4% ) * 0.5 ) );margin-top:0px;margin-bottom:20px;\"><div class=\"fusion-column-wrapper fusion-flex-column-wrapper-legacy\" style=\"background-position:left top;background-repeat:no-repeat;-webkit-background-size:cover;-moz-background-size:cover;-o-background-size:cover;background-size:cover;padding: 0px 0px 0px 0px;\"><div class=\"fusion-column-content-centered\"><div class=\"fusion-column-content\"><style type=\"text\/css\"><\/style><div class=\"fusion-title title fusion-title-1 fusion-sep-none fusion-title-text fusion-title-size-three fusion-animated\" style=\"font-size:25px;margin-top:40px;margin-right:0px;margin-bottom:40px;margin-left:0px;\" data-animationType=\"fadeInRight\" data-animationDuration=\"2.0\" data-animationOffset=\"100%\"><h3 class=\"title-heading-left fusion-responsive-typography-calculated\" style=\"margin:0;font-size:1em;--fontSize:25;line-height:1.41;\"><h2 style=\"text-align: left;\"><span style=\"color: #e6321f;\"><strong>Jorge F\u00e9lix Balarezo Rengifo<\/strong><\/span><\/h2><\/h3><\/div><div class=\"fusion-text fusion-text-1 fusion-animated\" data-animationType=\"fadeInRight\" data-animationDuration=\"2.0\" data-animationOffset=\"100%\"><p style=\"text-align: justify;\">Maestro en Gobernabilidad, m\u00e1ster en Derecho Empresarial y abogado por la Pontificia Universidad Cat\u00f3lica del Per\u00fa, con una trayectoria de veintisiete a\u00f1os en el ejercicio profesional y diecisiete a\u00f1os en la administraci\u00f3n p\u00fablica (asesor legal externo en los Ministerios de Transportes y Comunicaciones y Producci\u00f3n, Sunedu y Susalud; y, servidor y funcionario de confianza en Serpost S.A., Reniec y la Municipalidad Distrital de Carabayllo). Asesor\u00f3 a la Oficina T\u00e9cnica Electoral de la OEA en Guatemala. Se especializa en el \u00e1mbito del Derecho P\u00fablico. Ha obtenido diplomados en gesti\u00f3n p\u00fablica descentralizada, interculturalidad y defensa nacional. Cuenta con especializaciones en derecho administrativo, gesti\u00f3n regional y local, gesti\u00f3n de proyectos, mejora de procesos, y cursos en modernizaci\u00f3n del Estado y registros civiles. Actualmente se desempe\u00f1a como docente universitario en materia jur\u00eddica.<\/p>\n<p><strong>ART\u00cdCULOS ACAD\u00c9MICOS: <\/strong><br \/>\n\u2022 \u201cSubgerencia de Fiscalizaci\u00f3n y Evaluaci\u00f3n de Registros Civiles: 5 a\u00f1os afirmando el Sistema de Registros Civiles del pa\u00eds\u201d En: JILATXI, Revista Virtual de Registros Civiles-RENIEC. A\u00f1o 2015. N\u00b03, p. 15-19.<\/p>\n<p>\u2022 \u201cLa Anulabilidad del reconocimiento de filiaci\u00f3n por dolo de tercero: una forma de cuestionar en sede judicial la declaraci\u00f3n indebida de paternidad o maternidad\u201d En: REVISTA DE JURISPRUDENCIA INSTITUCIONAL DEL RENIEC &#8211; GACETA REGISTRAL. RENIEC. Lima, agosto 2010. A\u00f1o IV, N\u00b03, p. 105-114.<\/p>\n<p><strong>INVESTIGACIONES ACAD\u00c9MICAS:<\/strong><\/p>\n<p>\u2022 \u00abCelebraci\u00f3n y conclusi\u00f3n de tratados por el Per\u00fa en el per\u00edodo 1985-1989\u00bb: desde el segundo semestre de 1991 a enero de 1992.<br \/>\n\u2022 \u00abSelecci\u00f3n de bibliograf\u00eda para el \u00e1rea de Derecho Internacional P\u00fablico\u00bb: realizado de enero a febrero de 1990.<\/p>\n<p><strong>CARGOS P\u00daBLICOS:<\/strong><\/p>\n<p>\u2022 Ministerio de Transportes y Comunicaciones (MTC)\/ Abogado senior a nivel externo (marzo 2022).<br \/>\n\u2022 Ministerio de la Producci\u00f3n\/ Abogado a nivel externo (octubre 2021)<br \/>\n\u2022 Superintendencia Nacional de Educaci\u00f3n Superior Universitaria \u2013 SUNEDU \/ Asesor legal (enero 2021)<br \/>\n\u2022 Servicios Postales del Per\u00fa-Serpost S.A.\/ Secretario Letrado de Directorio (diciembre 2021)<br \/>\n\u2022 Asesoramiento y Consultor\u00eda Privada \/ Abogado (setiembre 2020)<br \/>\n\u2022 Registro Nacional de Identificaci\u00f3n y Estado Civil- RENIEC \/ Subgerente de Fiscalizaci\u00f3n de los Registros Civiles (enero 2017)- Subgerente de Actividades Electorales (diciembre 2011- 2016) &#8211; Subgerente de Actividades Electorales (enero 2010 &#8211; 2011) &#8211; Jefe Regional 10-Lima (enero 2009- 2010)<br \/>\n\u2022 Municipalidad Distrital de Carabayllo \/ Abogado (1999- 2018)<\/p>\n<div class=\"fusion-social-links\"><div class=\"fusion-social-networks\"><div class=\"fusion-social-networks-wrapper\"><a class=\"fusion-social-network-icon fusion-tooltip fusion-facebook fusion-icon-facebook\" style=\"color:#ffffff;font-size:16px;\" data-placement=\"top\" data-title=\"Facebook\" data-toggle=\"tooltip\" title=\"Facebook\" aria-label=\"facebook\" target=\"_blank\" rel=\"noopener noreferrer\" href=\"#\"><\/a><a class=\"fusion-social-network-icon fusion-tooltip fusion-instagram fusion-icon-instagram\" style=\"color:#ffffff;font-size:16px;\" data-placement=\"top\" data-title=\"Instagram\" data-toggle=\"tooltip\" title=\"Instagram\" aria-label=\"instagram\" target=\"_blank\" rel=\"noopener noreferrer\" href=\"#\"><\/a><a class=\"fusion-social-network-icon fusion-tooltip fusion-twitter fusion-icon-twitter\" style=\"color:#ffffff;font-size:16px;\" data-placement=\"top\" data-title=\"Twitter\" data-toggle=\"tooltip\" title=\"Twitter\" aria-label=\"twitter\" target=\"_blank\" rel=\"noopener noreferrer\" href=\"#\"><\/a><\/div><\/div><\/div>\n<\/div><\/div><\/div><div class=\"fusion-clearfix\"><\/div><\/div><\/div><\/div><\/div>\n","protected":false},"excerpt":{"rendered":"","protected":false},"author":9,"featured_media":0,"parent":0,"menu_order":0,"comment_status":"closed","ping_status":"closed","template":"","meta":{"_bbp_topic_count":0,"_bbp_reply_count":0,"_bbp_total_topic_count":0,"_bbp_total_reply_count":0,"_bbp_voice_count":0,"_bbp_anonymous_reply_count":0,"_bbp_topic_count_hidden":0,"_bbp_reply_count_hidden":0,"_bbp_forum_subforum_count":0,"_mi_skip_tracking":false,"_joinchat":[],"footnotes":""},"class_list":["post-21750","page","type-page","status-publish","hentry"],"_links":{"self":[{"href":"https:\/\/fondoeditorial.editoraperu.pe\/index.php?rest_route=\/wp\/v2\/pages\/21750","targetHints":{"allow":["GET"]}}],"collection":[{"href":"https:\/\/fondoeditorial.editoraperu.pe\/index.php?rest_route=\/wp\/v2\/pages"}],"about":[{"href":"https:\/\/fondoeditorial.editoraperu.pe\/index.php?rest_route=\/wp\/v2\/types\/page"}],"author":[{"embeddable":true,"href":"https:\/\/fondoeditorial.editoraperu.pe\/index.php?rest_route=\/wp\/v2\/users\/9"}],"replies":[{"embeddable":true,"href":"https:\/\/fondoeditorial.editoraperu.pe\/index.php?rest_route=%2Fwp%2Fv2%2Fcomments&post=21750"}],"version-history":[{"count":1,"href":"https:\/\/fondoeditorial.editoraperu.pe\/index.php?rest_route=\/wp\/v2\/pages\/21750\/revisions"}],"predecessor-version":[{"id":21751,"href":"https:\/\/fondoeditorial.editoraperu.pe\/index.php?rest_route=\/wp\/v2\/pages\/21750\/revisions\/21751"}],"wp:attachment":[{"href":"https:\/\/fondoeditorial.editoraperu.pe\/index.php?rest_route=%2Fwp%2Fv2%2Fmedia&parent=21750"}],"curies":[{"name":"wp","href":"https:\/\/api.w.org\/{rel}","templated":true}]}}