{"id":20411,"date":"2019-08-13T10:41:53","date_gmt":"2019-08-13T15:41:53","guid":{"rendered":"http:\/\/172.20.0.158\/editora\/?post_type=product&#038;p=20411"},"modified":"2024-08-28T08:29:38","modified_gmt":"2024-08-28T13:29:38","slug":"peruanos-de-ficcion","status":"publish","type":"product","link":"https:\/\/fondoeditorial.editoraperu.pe\/?product=peruanos-de-ficcion","title":{"rendered":"Peruanos de ficci\u00f3n"},"content":{"rendered":"<div class=\"fusion-fullwidth fullwidth-box fusion-builder-row-1 nonhundred-percent-fullwidth non-hundred-percent-height-scrolling\" style=\"background-color: #ffffff;background-position: center center;background-repeat: no-repeat;padding-top:0px;padding-right:0px;padding-bottom:0px;padding-left:0px;margin-bottom: 0px;margin-top: 0px;border-width: 0px 0px 0px 0px;border-color:#eae9e9;border-style:solid;\" ><div class=\"fusion-builder-row fusion-row\"><div class=\"fusion-layout-column fusion_builder_column fusion-builder-column-0 fusion_builder_column_1_1 1_1 fusion-one-full fusion-column-first fusion-column-last\" style=\"margin-top:0px;margin-bottom:20px;\"><div class=\"fusion-column-wrapper fusion-flex-column-wrapper-legacy\" style=\"background-position:left top;background-repeat:no-repeat;-webkit-background-size:cover;-moz-background-size:cover;-o-background-size:cover;background-size:cover;padding: 0px 0px 0px 0px;\"><div class=\"fusion-text fusion-text-1\"><p style=\"text-align: justify;\">Alejandro Neyra, cazador incansable de referencias sobre el Per\u00fa, nos regala en <em>Peruanos de ficci\u00f3n<\/em> un repertorio lleno de sorpresas. As\u00ed, nos internamos en un recorrido que nos llevar\u00e1 entre extremos: dandis latinoamericanos que bailan tango, los a\u00f1os de violencia de los ochenta, el equipo peruano de <em>quidditch<\/em> en el mundo de Harry Potter o Lima como \u00abla m\u00e1s extra\u00f1a y triste ciudad que se pueda ver\u00bb a los ojos de Melville. El Per\u00fa se revela como un calidoscopio surrealista en la literatura extranjera.<\/p>\n<p style=\"text-align: justify;\">En este libro nuestra identidad alcanza matices insospechados en los relatos de Jules Verne, Arthur Conan Doyle, Sylvia Plath, Georges Perec, Jonathan Franzen, entre otros cuyas palabras crean un efecto multiplicador en nuestra geograf\u00eda y costumbres. En suma, las historias que Neyra nos va narrando funcionan como un sal\u00f3n de espejos donde ser peruano y ser feliz causa estupor, risa y una satisfacci\u00f3n extra\u00f1a que quiz\u00e1s solo nosotros, los de carne y hueso, podemos entender.<\/p>\n<\/div><div class=\"fusion-clearfix\"><\/div><\/div><\/div><\/div><\/div>\n","protected":false},"excerpt":{"rendered":"<p><span style=\"font-weight: 400;\">Neyra recopila historias en las que narra sus hallazgos del Per\u00fa representado en la literatura extranjera. Por lo que realiza un recorrido en la literatura latinoamericana, francesa, ingl\u00e9s y hasta coreana, todo ello con la finalidad de buscar los peruanos que se encuentran retratados en la ficci\u00f3n de cada literatura.<\/span><\/p>\n<p><strong>Autor: <\/strong><a href=\"https:\/\/fondoeditorial.editoraperu.pe\/?page_id=21302\">Alejandro Neyra<\/a><br \/>\n<strong>A\u00f1o:<\/strong> 2019<br \/>\n<strong>P\u00e1ginas:<\/strong> 147<br \/>\n<strong>G\u00e9nero:<\/strong> Literatura Peruana<br \/>\n<strong>ISBN:<\/strong> 978-612-48067-0-4<br \/>\n<strong>Tapa:<\/strong> Tapa blanda mate con solapas<br \/>\n<strong>Papel:<\/strong> Avena 80 gr.<br \/>\n<strong>Dimensiones:<\/strong> 17 x 24 cm.<\/p>\n","protected":false},"featured_media":21682,"comment_status":"open","ping_status":"closed","template":"","meta":{"_bbp_topic_count":0,"_bbp_reply_count":0,"_bbp_total_topic_count":0,"_bbp_total_reply_count":0,"_bbp_voice_count":0,"_bbp_anonymous_reply_count":0,"_bbp_topic_count_hidden":0,"_bbp_reply_count_hidden":0,"_bbp_forum_subforum_count":0,"_mi_skip_tracking":false,"_joinchat":[]},"product_cat":[113],"product_tag":[],"class_list":{"0":"post-20411","1":"product","2":"type-product","3":"status-publish","4":"has-post-thumbnail","6":"product_cat-libros-impresos","8":"first","9":"instock","10":"shipping-taxable","11":"purchasable","12":"product-type-simple"},"_links":{"self":[{"href":"https:\/\/fondoeditorial.editoraperu.pe\/index.php?rest_route=\/wp\/v2\/product\/20411","targetHints":{"allow":["GET"]}}],"collection":[{"href":"https:\/\/fondoeditorial.editoraperu.pe\/index.php?rest_route=\/wp\/v2\/product"}],"about":[{"href":"https:\/\/fondoeditorial.editoraperu.pe\/index.php?rest_route=\/wp\/v2\/types\/product"}],"replies":[{"embeddable":true,"href":"https:\/\/fondoeditorial.editoraperu.pe\/index.php?rest_route=%2Fwp%2Fv2%2Fcomments&post=20411"}],"wp:featuredmedia":[{"embeddable":true,"href":"https:\/\/fondoeditorial.editoraperu.pe\/index.php?rest_route=\/wp\/v2\/media\/21682"}],"wp:attachment":[{"href":"https:\/\/fondoeditorial.editoraperu.pe\/index.php?rest_route=%2Fwp%2Fv2%2Fmedia&parent=20411"}],"wp:term":[{"taxonomy":"product_cat","embeddable":true,"href":"https:\/\/fondoeditorial.editoraperu.pe\/index.php?rest_route=%2Fwp%2Fv2%2Fproduct_cat&post=20411"},{"taxonomy":"product_tag","embeddable":true,"href":"https:\/\/fondoeditorial.editoraperu.pe\/index.php?rest_route=%2Fwp%2Fv2%2Fproduct_tag&post=20411"}],"curies":[{"name":"wp","href":"https:\/\/api.w.org\/{rel}","templated":true}]}}