{"id":21166,"date":"2022-08-28T22:17:30","date_gmt":"2022-08-29T03:17:30","guid":{"rendered":"http:\/\/172.20.0.158\/editora\/?post_type=product&#038;p=21166"},"modified":"2025-07-29T13:44:46","modified_gmt":"2025-07-29T18:44:46","slug":"la-costa-de-los-espejos","status":"publish","type":"product","link":"https:\/\/fondoeditorial.editoraperu.pe\/?product=la-costa-de-los-espejos","title":{"rendered":"La costa de los espejos. Cr\u00f3nicas peruano-chilenas"},"content":{"rendered":"<div class=\"fusion-fullwidth fullwidth-box fusion-builder-row-1 nonhundred-percent-fullwidth non-hundred-percent-height-scrolling\" style=\"background-color: #ffffff;background-position: center center;background-repeat: no-repeat;padding-top:0px;padding-right:0px;padding-bottom:0px;padding-left:0px;margin-bottom: 0px;margin-top: 0px;border-width: 0px 0px 0px 0px;border-color:#eae9e9;border-style:solid;\" ><div class=\"fusion-builder-row fusion-row\"><div class=\"fusion-layout-column fusion_builder_column fusion-builder-column-0 fusion_builder_column_1_1 1_1 fusion-one-full fusion-column-first fusion-column-last\" style=\"margin-top:0px;margin-bottom:20px;\"><div class=\"fusion-column-wrapper fusion-flex-column-wrapper-legacy\" style=\"background-position:left top;background-repeat:no-repeat;-webkit-background-size:cover;-moz-background-size:cover;-o-background-size:cover;background-size:cover;padding: 0px 0px 0px 0px;\"><div class=\"fusion-text fusion-text-1\"><p style=\"text-align: justify;\">La costa de los espejos, libro de cr\u00f3nicas, desarrolla una comparaci\u00f3n entre Per\u00fa y Chile, desde la \u00f3ptica de un viajero peruano pisando tierras chilenas. La historia se desarrolla en aeropuertos y salas peque\u00f1as de espera en las que el personaje principal recordar\u00e1 escenas de su viaje.<\/p>\n<p>Las relaciones peruano-chilenas constituyen uno de los temas m\u00e1s presentes en el imaginario social peruano. Sin embargo, sobreviven una serie de prejuicios, estereotipos o malentendidos pese al valor cultural e intelectual que nos une. La difusi\u00f3n de un texto como el de Acurio optimiza la reflexi\u00f3n al respecto en el contexto del Bicentenario a partir de una aproximaci\u00f3n hist\u00f3rico-discursiva de Chile y Per\u00fa. Asimismo, nos plantea un viaje en el que explora todas las nuevas manifestaciones de ambos pa\u00edses e impulsa la reflexi\u00f3n sobre este tema tan hist\u00f3ricamente arraigado.<\/p>\n<\/div><div class=\"fusion-clearfix\"><\/div><\/div><\/div><\/div><\/div>\n","protected":false},"excerpt":{"rendered":"<p style=\"text-align: justify;\">La costa de los espejos, libro de cr\u00f3nicas, desarrolla una comparaci\u00f3n entre Per\u00fa y Chile, desde la \u00f3ptica de un viajero peruano pisando tierras chilenas. La historia se desarrolla en aeropuertos y salas peque\u00f1as de espera en las que el personaje principal recordar\u00e1 escenas de su viaje.<\/p>\n<p><strong>Autor:<\/strong> <a href=\"https:\/\/fondoeditorial.editoraperu.pe\/?page_id=21300\">R\u00f3mulo Acurio<\/a><br \/>\n<strong>A\u00f1o:<\/strong> 2021<br \/>\n<strong>P\u00e1ginas:<\/strong> 104<br \/>\n<strong>G\u00e9nero:<\/strong> Cr\u00f3nica<br \/>\n<strong>ISBN:<\/strong> 978-612-48067-1-1<br \/>\n<strong>Tapa:<\/strong> Tapa blanda mate con solapas<br \/>\n<strong>Papel:<\/strong> Avena 80 gr.<br \/>\n<strong>Dimensiones:<\/strong> 17 x 24 cm.<\/p>\n","protected":false},"featured_media":21679,"comment_status":"open","ping_status":"closed","template":"","meta":{"_bbp_topic_count":0,"_bbp_reply_count":0,"_bbp_total_topic_count":0,"_bbp_total_reply_count":0,"_bbp_voice_count":0,"_bbp_anonymous_reply_count":0,"_bbp_topic_count_hidden":0,"_bbp_reply_count_hidden":0,"_bbp_forum_subforum_count":0,"_mi_skip_tracking":false,"_joinchat":[]},"product_cat":[113],"product_tag":[],"class_list":{"0":"post-21166","1":"product","2":"type-product","3":"status-publish","4":"has-post-thumbnail","6":"product_cat-libros-impresos","8":"first","9":"instock","10":"shipping-taxable","11":"purchasable","12":"product-type-simple"},"_links":{"self":[{"href":"https:\/\/fondoeditorial.editoraperu.pe\/index.php?rest_route=\/wp\/v2\/product\/21166","targetHints":{"allow":["GET"]}}],"collection":[{"href":"https:\/\/fondoeditorial.editoraperu.pe\/index.php?rest_route=\/wp\/v2\/product"}],"about":[{"href":"https:\/\/fondoeditorial.editoraperu.pe\/index.php?rest_route=\/wp\/v2\/types\/product"}],"replies":[{"embeddable":true,"href":"https:\/\/fondoeditorial.editoraperu.pe\/index.php?rest_route=%2Fwp%2Fv2%2Fcomments&post=21166"}],"wp:featuredmedia":[{"embeddable":true,"href":"https:\/\/fondoeditorial.editoraperu.pe\/index.php?rest_route=\/wp\/v2\/media\/21679"}],"wp:attachment":[{"href":"https:\/\/fondoeditorial.editoraperu.pe\/index.php?rest_route=%2Fwp%2Fv2%2Fmedia&parent=21166"}],"wp:term":[{"taxonomy":"product_cat","embeddable":true,"href":"https:\/\/fondoeditorial.editoraperu.pe\/index.php?rest_route=%2Fwp%2Fv2%2Fproduct_cat&post=21166"},{"taxonomy":"product_tag","embeddable":true,"href":"https:\/\/fondoeditorial.editoraperu.pe\/index.php?rest_route=%2Fwp%2Fv2%2Fproduct_tag&post=21166"}],"curies":[{"name":"wp","href":"https:\/\/api.w.org\/{rel}","templated":true}]}}