{"id":21167,"date":"2022-08-28T22:19:15","date_gmt":"2022-08-29T03:19:15","guid":{"rendered":"http:\/\/172.20.0.158\/editora\/?post_type=product&#038;p=21167"},"modified":"2025-07-29T13:45:03","modified_gmt":"2025-07-29T18:45:03","slug":"dicho-en-el-peru","status":"publish","type":"product","link":"https:\/\/fondoeditorial.editoraperu.pe\/?product=dicho-en-el-peru","title":{"rendered":"Dicho en el Per\u00fa"},"content":{"rendered":"<div class=\"fusion-fullwidth fullwidth-box fusion-builder-row-1 nonhundred-percent-fullwidth non-hundred-percent-height-scrolling\" style=\"background-color: #ffffff;background-position: center center;background-repeat: no-repeat;padding-top:0px;padding-right:0px;padding-bottom:0px;padding-left:0px;margin-bottom: 0px;margin-top: 0px;border-width: 0px 0px 0px 0px;border-color:#eae9e9;border-style:solid;\" ><div class=\"fusion-builder-row fusion-row\"><div class=\"fusion-layout-column fusion_builder_column fusion-builder-column-0 fusion_builder_column_1_1 1_1 fusion-one-full fusion-column-first fusion-column-last\" style=\"margin-top:0px;margin-bottom:20px;\"><div class=\"fusion-column-wrapper fusion-flex-column-wrapper-legacy\" style=\"background-position:left top;background-repeat:no-repeat;-webkit-background-size:cover;-moz-background-size:cover;-o-background-size:cover;background-size:cover;padding: 0px 0px 0px 0px;\"><div class=\"fusion-text fusion-text-1\"><p style=\"text-align: justify;\">El libro <em>Dicho en el Per\u00fa<\/em> es una propuesta para conocer y entender nuestra historia a partir de frases c\u00e9lebres. No son expresiones vac\u00edas o de lugares comunes, sino que han sido cimentadas por los hechos y decisiones libres de los personajes. Son sentencias de testimonios de vida. Frases heroicas, dram\u00e1ticas, tr\u00e1gicas, \u00e9picas, ingeniosas, etc. pero todas con un espacio en el libro de memorias del Per\u00fa.<\/p>\n<p style=\"text-align: justify;\"><em>Dicho en el Per\u00fa<\/em> propone al lector viajar por la historia de nuestro pa\u00eds a trav\u00e9s de una narrativa sencilla teniendo como chispa inicial una locuci\u00f3n breve. Con la premisa \u201cla cultura es el alma de un pa\u00eds\u201d, Dicho en el Per\u00fa propone proteger y transmitir nuestro mayor patrimonio cultural: la memoria hist\u00f3rica.<\/p>\n<p>\u00abDesde hace ya algunos a\u00f1os, Luis Enrique Cam no deja de sorprendernos por su capacidad y voluntad de hacer de la nuestra, una historia viva, que no muere, que se recuerda y en ese recuerdo, se vive y se hace realidad. En estos tiempos, en los que pareciera que nuestra historia carece de valor y que nos hacen sentir, desde muchos \u00e1ngulos, que ese pasado no es-como yo creo y afirmo- el elemento aglutinante y unificador de nuestra sociedad, Luis Enrique Cam se empe\u00f1a en hacernos tomar conciencia de ese valor tan singular y sustantivo de conocimiento correcto y cierto del pasado. Nuestra historia, los hechos y personajes son eslabones que nos unen a las ra\u00edces comunes y ser\u00e1n, sin duda alguna, el fundamento permanente de nuestro futuro\u00bb.<\/p>\n<p style=\"text-align: right;\">Cecilia B\u00e1kula Budge<\/p>\n<\/div><div class=\"fusion-clearfix\"><\/div><\/div><\/div><\/div><\/div>\n","protected":false},"excerpt":{"rendered":"<p style=\"text-align: justify;\">El libro Dicho en el Per\u00fa es una propuesta de conocer y entender nuestra historia a partir de frases c\u00e9lebres. No son expresiones vac\u00edas o de lugares comunes, sino que han sido cimentadas por los hechos y decisiones libres de los personajes. Son sentencias de testimonios de vida. Con la premisa \u201cla cultura es el alma de un pa\u00eds\u201d, Dicho en el Per\u00fa propone proteger y transmitir nuestro mayor patrimonio cultural: la memoria hist\u00f3rica.<\/p>\n<p><strong>Autor:<\/strong> <a href=\"https:\/\/fondoeditorial.editoraperu.pe\/?page_id=21297\">Luis Enrique Cam<\/a><br \/>\n<strong>A\u00f1o:<\/strong> 2022<br \/>\n<strong>P\u00e1ginas:<\/strong> 120<br \/>\n<strong>G\u00e9nero:<\/strong> Literatura Peruana<br \/>\n<strong>ISBN:<\/strong> 978-612-48734-3-0<br \/>\n<strong>Tapa:<\/strong> Tapa blanda mate con solapas<br \/>\n<strong>Papel:<\/strong> Avena 80 gr.<br \/>\n<strong>Dimensiones:<\/strong> 14.5 x 22.5 cm.<\/p>\n","protected":false},"featured_media":21673,"comment_status":"open","ping_status":"closed","template":"","meta":{"_bbp_topic_count":0,"_bbp_reply_count":0,"_bbp_total_topic_count":0,"_bbp_total_reply_count":0,"_bbp_voice_count":0,"_bbp_anonymous_reply_count":0,"_bbp_topic_count_hidden":0,"_bbp_reply_count_hidden":0,"_bbp_forum_subforum_count":0,"_mi_skip_tracking":false,"_joinchat":[]},"product_cat":[154],"product_tag":[],"class_list":{"0":"post-21167","1":"product","2":"type-product","3":"status-publish","4":"has-post-thumbnail","6":"product_cat-novedades","8":"first","9":"instock","10":"shipping-taxable","11":"purchasable","12":"product-type-simple"},"_links":{"self":[{"href":"https:\/\/fondoeditorial.editoraperu.pe\/index.php?rest_route=\/wp\/v2\/product\/21167","targetHints":{"allow":["GET"]}}],"collection":[{"href":"https:\/\/fondoeditorial.editoraperu.pe\/index.php?rest_route=\/wp\/v2\/product"}],"about":[{"href":"https:\/\/fondoeditorial.editoraperu.pe\/index.php?rest_route=\/wp\/v2\/types\/product"}],"replies":[{"embeddable":true,"href":"https:\/\/fondoeditorial.editoraperu.pe\/index.php?rest_route=%2Fwp%2Fv2%2Fcomments&post=21167"}],"wp:featuredmedia":[{"embeddable":true,"href":"https:\/\/fondoeditorial.editoraperu.pe\/index.php?rest_route=\/wp\/v2\/media\/21673"}],"wp:attachment":[{"href":"https:\/\/fondoeditorial.editoraperu.pe\/index.php?rest_route=%2Fwp%2Fv2%2Fmedia&parent=21167"}],"wp:term":[{"taxonomy":"product_cat","embeddable":true,"href":"https:\/\/fondoeditorial.editoraperu.pe\/index.php?rest_route=%2Fwp%2Fv2%2Fproduct_cat&post=21167"},{"taxonomy":"product_tag","embeddable":true,"href":"https:\/\/fondoeditorial.editoraperu.pe\/index.php?rest_route=%2Fwp%2Fv2%2Fproduct_tag&post=21167"}],"curies":[{"name":"wp","href":"https:\/\/api.w.org\/{rel}","templated":true}]}}