{"id":21333,"date":"2018-09-15T22:47:53","date_gmt":"2018-09-16T03:47:53","guid":{"rendered":"http:\/\/172.20.0.158\/editora\/?post_type=product&#038;p=21333"},"modified":"2025-07-29T13:45:14","modified_gmt":"2025-07-29T18:45:14","slug":"compendio-basico-de-normas-legales-actualizadas","status":"publish","type":"product","link":"https:\/\/fondoeditorial.editoraperu.pe\/?product=compendio-basico-de-normas-legales-actualizadas","title":{"rendered":"Compendio b\u00e1sico de Normas Legales Actualizadas: Constitucional"},"content":{"rendered":"<div class=\"fusion-fullwidth fullwidth-box fusion-builder-row-1 nonhundred-percent-fullwidth non-hundred-percent-height-scrolling\" style=\"background-color: #ffffff;background-position: center center;background-repeat: no-repeat;padding-top:0px;padding-right:0px;padding-bottom:0px;padding-left:0px;margin-bottom: 0px;margin-top: 0px;border-width: 0px 0px 0px 0px;border-color:#eae9e9;border-style:solid;\" ><div class=\"fusion-builder-row fusion-row\"><div class=\"fusion-layout-column fusion_builder_column fusion-builder-column-0 fusion_builder_column_1_1 1_1 fusion-one-full fusion-column-first fusion-column-last\" style=\"margin-top:0px;margin-bottom:20px;\"><div class=\"fusion-column-wrapper fusion-flex-column-wrapper-legacy\" style=\"background-position:left top;background-repeat:no-repeat;-webkit-background-size:cover;-moz-background-size:cover;-o-background-size:cover;background-size:cover;padding: 0px 0px 0px 0px;\"><div class=\"fusion-text fusion-text-1\"><p style=\"text-align: justify;\">Es la entrega del primer volumen impreso de Normas Legales Actualizadas, desarrollado por la Gerencia de Publicaciones Oficiales en la que se recopilar\u00e1 la Constituci\u00f3n Pol\u00edtica del Estado, el Reglamento del Congreso de la Rep\u00fablica y el C\u00f3digo Procesal Constitucional.<\/p>\n<\/div><div class=\"fusion-clearfix\"><\/div><\/div><\/div><\/div><\/div>\n","protected":false},"excerpt":{"rendered":"<p>Es la entrega del primer volumen impreso de Normas Legales Actualizadas, desarrollado por la Gerencia de Publicaciones Oficiales en la que se recopilar\u00e1 la Constituci\u00f3n Pol\u00edtica del Estado, el Reglamento del Congreso de la Rep\u00fablica y el C\u00f3digo Procesal Constitucional.<\/p>\n<p><strong>Autor:<\/strong> Editora Per\u00fa<br \/>\n<strong>A\u00f1o:<\/strong> 2022<br \/>\n<strong>P\u00e1ginas:<\/strong> 136<br \/>\n<strong>ISBN:<\/strong>978-612-48734-4-7<br \/>\n<strong>Tapa:<\/strong> Blanda mate con solapas<br \/>\n<strong>Papel:<\/strong> Couch\u00e9<br \/>\n<strong>Dimensiones:<\/strong> 14.5 x 28.5 cm.<\/p>\n<p>&nbsp;<\/p>\n<p>&nbsp;<\/p>\n","protected":false},"featured_media":21670,"comment_status":"open","ping_status":"closed","template":"","meta":{"_bbp_topic_count":0,"_bbp_reply_count":0,"_bbp_total_topic_count":0,"_bbp_total_reply_count":0,"_bbp_voice_count":0,"_bbp_anonymous_reply_count":0,"_bbp_topic_count_hidden":0,"_bbp_reply_count_hidden":0,"_bbp_forum_subforum_count":0,"_mi_skip_tracking":false,"_joinchat":[]},"product_cat":[154],"product_tag":[],"class_list":{"0":"post-21333","1":"product","2":"type-product","3":"status-publish","4":"has-post-thumbnail","6":"product_cat-novedades","8":"first","9":"instock","10":"shipping-taxable","11":"purchasable","12":"product-type-simple"},"_links":{"self":[{"href":"https:\/\/fondoeditorial.editoraperu.pe\/index.php?rest_route=\/wp\/v2\/product\/21333","targetHints":{"allow":["GET"]}}],"collection":[{"href":"https:\/\/fondoeditorial.editoraperu.pe\/index.php?rest_route=\/wp\/v2\/product"}],"about":[{"href":"https:\/\/fondoeditorial.editoraperu.pe\/index.php?rest_route=\/wp\/v2\/types\/product"}],"replies":[{"embeddable":true,"href":"https:\/\/fondoeditorial.editoraperu.pe\/index.php?rest_route=%2Fwp%2Fv2%2Fcomments&post=21333"}],"wp:featuredmedia":[{"embeddable":true,"href":"https:\/\/fondoeditorial.editoraperu.pe\/index.php?rest_route=\/wp\/v2\/media\/21670"}],"wp:attachment":[{"href":"https:\/\/fondoeditorial.editoraperu.pe\/index.php?rest_route=%2Fwp%2Fv2%2Fmedia&parent=21333"}],"wp:term":[{"taxonomy":"product_cat","embeddable":true,"href":"https:\/\/fondoeditorial.editoraperu.pe\/index.php?rest_route=%2Fwp%2Fv2%2Fproduct_cat&post=21333"},{"taxonomy":"product_tag","embeddable":true,"href":"https:\/\/fondoeditorial.editoraperu.pe\/index.php?rest_route=%2Fwp%2Fv2%2Fproduct_tag&post=21333"}],"curies":[{"name":"wp","href":"https:\/\/api.w.org\/{rel}","templated":true}]}}