{"id":21334,"date":"2018-09-15T22:49:41","date_gmt":"2018-09-16T03:49:41","guid":{"rendered":"http:\/\/172.20.0.158\/editora\/?post_type=product&#038;p=21334"},"modified":"2025-10-24T16:09:16","modified_gmt":"2025-10-24T21:09:16","slug":"peru-en-los-mundiales","status":"publish","type":"product","link":"https:\/\/fondoeditorial.editoraperu.pe\/?product=peru-en-los-mundiales","title":{"rendered":"Per\u00fa en los mundiales"},"content":{"rendered":"<div class=\"fusion-fullwidth fullwidth-box fusion-builder-row-1 nonhundred-percent-fullwidth non-hundred-percent-height-scrolling\" style=\"background-color: #ffffff;background-position: center center;background-repeat: no-repeat;padding-top:0px;padding-right:0px;padding-bottom:0px;padding-left:0px;margin-bottom: 0px;margin-top: 0px;border-width: 0px 0px 0px 0px;border-color:#eae9e9;border-style:solid;\" ><div class=\"fusion-builder-row fusion-row\"><div class=\"fusion-layout-column fusion_builder_column fusion-builder-column-0 fusion_builder_column_1_1 1_1 fusion-one-full fusion-column-first fusion-column-last\" style=\"margin-top:0px;margin-bottom:20px;\"><div class=\"fusion-column-wrapper fusion-flex-column-wrapper-legacy\" style=\"background-position:left top;background-repeat:no-repeat;-webkit-background-size:cover;-moz-background-size:cover;-o-background-size:cover;background-size:cover;padding: 0px 0px 0px 0px;\"><div class=\"fusion-text fusion-text-1\"><p><span style=\"font-weight: 400;\">Es un libro fotogr\u00e1fico que contiene una recopilaci\u00f3n fotogr\u00e1fica de la participaci\u00f3n del seleccionado peruano en los mundiales de f\u00fatbol de Uruguay (1930), M\u00e9xico (1970), Argentina (1978), Espa\u00f1a (1982) y Rusia (2018) realizando un recuento de sus respectivas etapas eliminatorias. Inici\u00f3 con su primera participaci\u00f3n en 1930 por la invitaci\u00f3n del pa\u00eds uruguayo, pa\u00eds anfitri\u00f3n de aquel a\u00f1o. Se enfrentar\u00eda con Ruman\u00eda que ganar\u00eda con una anotaci\u00f3n de 3 a 1. Seguida de esta participaci\u00f3n se enfrentar\u00eda con el pa\u00eds anfitri\u00f3n que ganar\u00eda al equipo bicolor con una marcaci\u00f3n de 1- 0.\u00a0<\/span><\/p>\n<p><span style=\"font-weight: 400;\">Para los mundiales realizados en M\u00e9xico en 1970, la selecci\u00f3n jugar\u00eda cuatro partidos, tres en fase de grupos y uno en cuartos de final. Se narra la victoria sobre Bulgaria (3 a 2) con la participaci\u00f3n de Te\u00f3filo Cubillas, as\u00ed como la derrota a Marruecos con 3 a 0, clasificando a los cuartos de final del campeonato, posicion\u00e1ndose como uno de los ocho mejores del mundial. La salida de la selecci\u00f3n se produjo tras el enfrentamiento con Brasil.\u00a0\u00a0<\/span><\/p>\n<p><span style=\"font-weight: 400;\">As\u00ed la historia contin\u00faa hasta los mundiales en Argentina en 1978 donde Per\u00fa se enfrentar\u00eda con Escocia, Holanda e Ir\u00e1n. Se reconoce como hist\u00f3rica la participaci\u00f3n de Per\u00fa vs. Escocia en aquel mundial. En esta publicaci\u00f3n se cuenta la participaci\u00f3n de los cronistas Eloy Jauregui y To\u00f1o Angulo.\u00a0<\/span><\/p>\n<\/div><div class=\"fusion-clearfix\"><\/div><\/div><\/div><\/div><\/div>\n","protected":false},"excerpt":{"rendered":"<p>Libro fotogr\u00e1fico que recopila la fuente fotogr\u00e1fica de la participaci\u00f3n del seleccionado peruano en los mundiales de f\u00fatbol de Uruguay (1930), M\u00e9xico (1970), Argentina (1978), Espa\u00f1a (1982) y Rusia (2018).<\/p>\n<p><strong>Autor:<\/strong> Agencia Peruana de Noticias Andina y Segraf.<br \/>\n<strong>A\u00f1o:<\/strong> 2018<br \/>\n<strong>P\u00e1ginas:<\/strong> 144<br \/>\n<strong>G\u00e9nero:<\/strong> F\u00fatbol<br \/>\n<strong>ISBN:<\/strong> 978-9972-9538-4-2<br \/>\n<strong>Tapa:<\/strong> Blanda mate sin solapas<br \/>\n<strong>Papel:<\/strong> Couche<br \/>\n<strong>Dimensiones:<\/strong> 28 x 20.5 cm.<\/p>\n<p>&nbsp;<\/p>\n<p>&nbsp;<\/p>\n","protected":false},"featured_media":21685,"comment_status":"open","ping_status":"closed","template":"","meta":{"_bbp_topic_count":0,"_bbp_reply_count":0,"_bbp_total_topic_count":0,"_bbp_total_reply_count":0,"_bbp_voice_count":0,"_bbp_anonymous_reply_count":0,"_bbp_topic_count_hidden":0,"_bbp_reply_count_hidden":0,"_bbp_forum_subforum_count":0,"_mi_skip_tracking":false,"_joinchat":[]},"product_cat":[113],"product_tag":[],"class_list":{"0":"post-21334","1":"product","2":"type-product","3":"status-publish","4":"has-post-thumbnail","6":"product_cat-libros-impresos","8":"first","9":"outofstock","10":"shipping-taxable","11":"purchasable","12":"product-type-simple"},"_links":{"self":[{"href":"https:\/\/fondoeditorial.editoraperu.pe\/index.php?rest_route=\/wp\/v2\/product\/21334","targetHints":{"allow":["GET"]}}],"collection":[{"href":"https:\/\/fondoeditorial.editoraperu.pe\/index.php?rest_route=\/wp\/v2\/product"}],"about":[{"href":"https:\/\/fondoeditorial.editoraperu.pe\/index.php?rest_route=\/wp\/v2\/types\/product"}],"replies":[{"embeddable":true,"href":"https:\/\/fondoeditorial.editoraperu.pe\/index.php?rest_route=%2Fwp%2Fv2%2Fcomments&post=21334"}],"wp:featuredmedia":[{"embeddable":true,"href":"https:\/\/fondoeditorial.editoraperu.pe\/index.php?rest_route=\/wp\/v2\/media\/21685"}],"wp:attachment":[{"href":"https:\/\/fondoeditorial.editoraperu.pe\/index.php?rest_route=%2Fwp%2Fv2%2Fmedia&parent=21334"}],"wp:term":[{"taxonomy":"product_cat","embeddable":true,"href":"https:\/\/fondoeditorial.editoraperu.pe\/index.php?rest_route=%2Fwp%2Fv2%2Fproduct_cat&post=21334"},{"taxonomy":"product_tag","embeddable":true,"href":"https:\/\/fondoeditorial.editoraperu.pe\/index.php?rest_route=%2Fwp%2Fv2%2Fproduct_tag&post=21334"}],"curies":[{"name":"wp","href":"https:\/\/api.w.org\/{rel}","templated":true}]}}