{"id":21335,"date":"2018-09-15T22:50:53","date_gmt":"2018-09-16T03:50:53","guid":{"rendered":"http:\/\/172.20.0.158\/editora\/?post_type=product&#038;p=21335"},"modified":"2023-12-11T12:53:31","modified_gmt":"2023-12-11T17:53:31","slug":"qhapaq-nan-camino-inca","status":"publish","type":"product","link":"https:\/\/fondoeditorial.editoraperu.pe\/?product=qhapaq-nan-camino-inca","title":{"rendered":"Qhapaq \u00d1an"},"content":{"rendered":"<div class=\"fusion-fullwidth fullwidth-box fusion-builder-row-1 nonhundred-percent-fullwidth non-hundred-percent-height-scrolling\" style=\"background-color: #ffffff;background-position: center center;background-repeat: no-repeat;padding-top:0px;padding-right:0px;padding-bottom:0px;padding-left:0px;margin-bottom: 0px;margin-top: 0px;border-width: 0px 0px 0px 0px;border-color:#eae9e9;border-style:solid;\" ><div class=\"fusion-builder-row fusion-row\"><div class=\"fusion-layout-column fusion_builder_column fusion-builder-column-0 fusion_builder_column_1_1 1_1 fusion-one-full fusion-column-first fusion-column-last\" style=\"margin-top:0px;margin-bottom:20px;\"><div class=\"fusion-column-wrapper fusion-flex-column-wrapper-legacy\" style=\"background-position:left top;background-repeat:no-repeat;-webkit-background-size:cover;-moz-background-size:cover;-o-background-size:cover;background-size:cover;padding: 0px 0px 0px 0px;\"><div class=\"fusion-text fusion-text-1\"><p><span style=\"font-weight: 400;\"><em>Qhapaq \u00d1an<\/em> es un libro que narra 30 rutas ocultas vinculadas al gran camino inca. La informaci\u00f3n es de car\u00e1cter did\u00e1ctico por ser sencilla con informaci\u00f3n b\u00e1sica de cada lugar. Cada una de las rutas se detalla a trav\u00e9s de fichas t\u00e9cnicas, breves historias, lecturas, tiempos de viajes, links y la vinculaci\u00f3n con el Qhapaq \u00d1an.\u00a0<\/span><\/p>\n<p style=\"text-align: justify;\"><span style=\"font-weight: 400;\">\u00a0El libro se dirige a visibilizar todas aquellas rutas menos conocidas dentro de la historia oficial. Algunos de los lugares recorridos ser\u00e1n estos: El imperio del agua (Cajamarca), El reino de las momias (Lagunas de los C\u00f3ndores), Mucho m\u00e1s que piedras (Canta), Andener\u00eda celeste (Yauyos), entre otros muchos otros lugares a conocer. <\/span><b>\u00a0\u00a0<\/b><\/p>\n<\/div><div class=\"fusion-clearfix\"><\/div><\/div><\/div><\/div><\/div>\n","protected":false},"excerpt":{"rendered":"<p><em>Qhapaq \u00d1an<\/em> es un libro que narra 30 rutas ocultas vinculadas al gran camino inca. Cada una de las rutas se detalla a trav\u00e9s de fichas t\u00e9cnicas, breves historias, lecturas, tiempos de viajes, links e instrucciones de v\u00edas aleda\u00f1as al Qhapaq \u00d1an.<\/p>\n<p><strong>Autor:<\/strong> \u00c1lvaro Rocha Revilla<br \/>\n<strong>A\u00f1o:<\/strong> 2015<br \/>\n<strong>P\u00e1ginas:<\/strong> 200<br \/>\n<strong>G\u00e9nero:<\/strong> Historia de Per\u00fa<br \/>\n<strong>ISBN:<\/strong> 978-9972-9538-1-1<br \/>\n<strong>Tapa:<\/strong> Tapa blanda plastificada con solapas<br \/>\n<strong>Papel:<\/strong> Couch\u00e9<br \/>\n<strong>Dimensiones:<\/strong> 21 x 14.8 cm.<\/p>\n<p>&nbsp;<\/p>\n<p>&nbsp;<\/p>\n","protected":false},"featured_media":21688,"comment_status":"open","ping_status":"closed","template":"","meta":{"_bbp_topic_count":0,"_bbp_reply_count":0,"_bbp_total_topic_count":0,"_bbp_total_reply_count":0,"_bbp_voice_count":0,"_bbp_anonymous_reply_count":0,"_bbp_topic_count_hidden":0,"_bbp_reply_count_hidden":0,"_bbp_forum_subforum_count":0,"_mi_skip_tracking":false,"_joinchat":[]},"product_cat":[113],"product_tag":[],"class_list":{"0":"post-21335","1":"product","2":"type-product","3":"status-publish","4":"has-post-thumbnail","6":"product_cat-libros-impresos","8":"first","9":"outofstock","10":"shipping-taxable","11":"purchasable","12":"product-type-variable"},"_links":{"self":[{"href":"https:\/\/fondoeditorial.editoraperu.pe\/index.php?rest_route=\/wp\/v2\/product\/21335","targetHints":{"allow":["GET"]}}],"collection":[{"href":"https:\/\/fondoeditorial.editoraperu.pe\/index.php?rest_route=\/wp\/v2\/product"}],"about":[{"href":"https:\/\/fondoeditorial.editoraperu.pe\/index.php?rest_route=\/wp\/v2\/types\/product"}],"replies":[{"embeddable":true,"href":"https:\/\/fondoeditorial.editoraperu.pe\/index.php?rest_route=%2Fwp%2Fv2%2Fcomments&post=21335"}],"wp:featuredmedia":[{"embeddable":true,"href":"https:\/\/fondoeditorial.editoraperu.pe\/index.php?rest_route=\/wp\/v2\/media\/21688"}],"wp:attachment":[{"href":"https:\/\/fondoeditorial.editoraperu.pe\/index.php?rest_route=%2Fwp%2Fv2%2Fmedia&parent=21335"}],"wp:term":[{"taxonomy":"product_cat","embeddable":true,"href":"https:\/\/fondoeditorial.editoraperu.pe\/index.php?rest_route=%2Fwp%2Fv2%2Fproduct_cat&post=21335"},{"taxonomy":"product_tag","embeddable":true,"href":"https:\/\/fondoeditorial.editoraperu.pe\/index.php?rest_route=%2Fwp%2Fv2%2Fproduct_tag&post=21335"}],"curies":[{"name":"wp","href":"https:\/\/api.w.org\/{rel}","templated":true}]}}