{"id":21336,"date":"2018-09-15T22:52:07","date_gmt":"2018-09-16T03:52:07","guid":{"rendered":"http:\/\/172.20.0.158\/editora\/?post_type=product&#038;p=21336"},"modified":"2024-08-28T08:28:30","modified_gmt":"2024-08-28T13:28:30","slug":"papa-francisco-en-el-peru","status":"publish","type":"product","link":"https:\/\/fondoeditorial.editoraperu.pe\/?product=papa-francisco-en-el-peru","title":{"rendered":"Francisco en el Per\u00fa"},"content":{"rendered":"<div class=\"fusion-fullwidth fullwidth-box fusion-builder-row-1 nonhundred-percent-fullwidth non-hundred-percent-height-scrolling\" style=\"background-color: #ffffff;background-position: center center;background-repeat: no-repeat;padding-top:0px;padding-right:0px;padding-bottom:0px;padding-left:0px;margin-bottom: 0px;margin-top: 0px;border-width: 0px 0px 0px 0px;border-color:#eae9e9;border-style:solid;\" ><div class=\"fusion-builder-row fusion-row\"><div class=\"fusion-layout-column fusion_builder_column fusion-builder-column-0 fusion_builder_column_1_1 1_1 fusion-one-full fusion-column-first fusion-column-last\" style=\"margin-top:0px;margin-bottom:20px;\"><div class=\"fusion-column-wrapper fusion-flex-column-wrapper-legacy\" style=\"background-position:left top;background-repeat:no-repeat;-webkit-background-size:cover;-moz-background-size:cover;-o-background-size:cover;background-size:cover;padding: 0px 0px 0px 0px;\"><div class=\"fusion-text fusion-text-1\"><p style=\"text-align: justify;\">Francisco en el Per\u00fa trata del testimonio fotogr\u00e1fico de la visita pastoral que realiz\u00f3 el papa Francisco al Per\u00fa. A lo largo del texto se muestran im\u00e1genes de todas las actividades que cumpli\u00f3 el papa en Madre de Dios, La Libertad y Lima desde su descenso en avi\u00f3n, hasta su traslado y presentaci\u00f3n en las regiones. Las actividades del sumo pont\u00edfice fueron registradas por periodistas de la Agencia Andina y del Diario Oficial El Peruano. Cuenta con notas al pie de p\u00e1gina que guiar\u00e1n al lector en la ubicaci\u00f3n de su recorrido, adem\u00e1s de otras notas extensas e introductorias.<\/p>\n<\/div><div class=\"fusion-clearfix\"><\/div><\/div><\/div><\/div><\/div>\n","protected":false},"excerpt":{"rendered":"<p>Francisco en el Per\u00fa trata del testimonio fotogr\u00e1fico de la visita pastoral que realiz\u00f3 el papa Francisco al Per\u00fa. A lo largo del texto se muestran im\u00e1genes de todas las actividades que cumpli\u00f3 el papa en Madre de Dios, La Libertad y Lima desde su descenso en avi\u00f3n, hasta su traslado y presentaci\u00f3n en las regiones. Cuenta con notas al pie de p\u00e1gina que guiar\u00e1n al lector en la ubicaci\u00f3n de su recorrido, adem\u00e1s de otras notas extensas e introductorias<\/p>\n<p><strong>Autor:<\/strong> Agencia Peruana de Noticias Andina, El Peruano y Segraf.<br \/>\n<strong>A\u00f1o:<\/strong> 2018<br \/>\n<strong>P\u00e1ginas:<\/strong> 223<br \/>\n<strong>G\u00e9nero:<\/strong> Historia del Per\u00fa<br \/>\n<strong>ISBN:<\/strong> 978-9972-9538-5-9<br \/>\n<strong>Tapa:<\/strong> Tapa blanda mate sin solapas<br \/>\n<strong>Papel:<\/strong> Couche<br \/>\n<strong>Dimensiones:<\/strong> 30 x 25 cm.<\/p>\n<p>&nbsp;<\/p>\n<p>&nbsp;<\/p>\n","protected":false},"featured_media":21676,"comment_status":"open","ping_status":"closed","template":"","meta":{"_bbp_topic_count":0,"_bbp_reply_count":0,"_bbp_total_topic_count":0,"_bbp_total_reply_count":0,"_bbp_voice_count":0,"_bbp_anonymous_reply_count":0,"_bbp_topic_count_hidden":0,"_bbp_reply_count_hidden":0,"_bbp_forum_subforum_count":0,"_mi_skip_tracking":false,"_joinchat":[]},"product_cat":[113],"product_tag":[],"class_list":{"0":"post-21336","1":"product","2":"type-product","3":"status-publish","4":"has-post-thumbnail","6":"product_cat-libros-impresos","8":"first","9":"instock","10":"shipping-taxable","11":"purchasable","12":"product-type-simple"},"_links":{"self":[{"href":"https:\/\/fondoeditorial.editoraperu.pe\/index.php?rest_route=\/wp\/v2\/product\/21336","targetHints":{"allow":["GET"]}}],"collection":[{"href":"https:\/\/fondoeditorial.editoraperu.pe\/index.php?rest_route=\/wp\/v2\/product"}],"about":[{"href":"https:\/\/fondoeditorial.editoraperu.pe\/index.php?rest_route=\/wp\/v2\/types\/product"}],"replies":[{"embeddable":true,"href":"https:\/\/fondoeditorial.editoraperu.pe\/index.php?rest_route=%2Fwp%2Fv2%2Fcomments&post=21336"}],"wp:featuredmedia":[{"embeddable":true,"href":"https:\/\/fondoeditorial.editoraperu.pe\/index.php?rest_route=\/wp\/v2\/media\/21676"}],"wp:attachment":[{"href":"https:\/\/fondoeditorial.editoraperu.pe\/index.php?rest_route=%2Fwp%2Fv2%2Fmedia&parent=21336"}],"wp:term":[{"taxonomy":"product_cat","embeddable":true,"href":"https:\/\/fondoeditorial.editoraperu.pe\/index.php?rest_route=%2Fwp%2Fv2%2Fproduct_cat&post=21336"},{"taxonomy":"product_tag","embeddable":true,"href":"https:\/\/fondoeditorial.editoraperu.pe\/index.php?rest_route=%2Fwp%2Fv2%2Fproduct_tag&post=21336"}],"curies":[{"name":"wp","href":"https:\/\/api.w.org\/{rel}","templated":true}]}}