{"id":21625,"date":"2022-12-07T09:07:49","date_gmt":"2022-12-07T14:07:49","guid":{"rendered":"http:\/\/172.20.0.158\/editora\/?post_type=product&#038;p=21625"},"modified":"2025-07-29T13:44:26","modified_gmt":"2025-07-29T18:44:26","slug":"can-nuestro-perro-sin-pelo-del-peru","status":"publish","type":"product","link":"https:\/\/fondoeditorial.editoraperu.pe\/?product=can-nuestro-perro-sin-pelo-del-peru","title":{"rendered":"Can Nuestro. Perro sin pelo del Per\u00fa"},"content":{"rendered":"<div class=\"fusion-fullwidth fullwidth-box fusion-builder-row-1 nonhundred-percent-fullwidth non-hundred-percent-height-scrolling\" style=\"background-color: #ffffff;background-position: center center;background-repeat: no-repeat;padding-top:0px;padding-right:0px;padding-bottom:0px;padding-left:0px;margin-bottom: 0px;margin-top: 0px;border-width: 0px 0px 0px 0px;border-color:#eae9e9;border-style:solid;\" ><div class=\"fusion-builder-row fusion-row\"><div class=\"fusion-layout-column fusion_builder_column fusion-builder-column-0 fusion_builder_column_1_1 1_1 fusion-one-full fusion-column-first fusion-column-last\" style=\"margin-top:0px;margin-bottom:20px;\"><div class=\"fusion-column-wrapper fusion-flex-column-wrapper-legacy\" style=\"background-position:left top;background-repeat:no-repeat;-webkit-background-size:cover;-moz-background-size:cover;-o-background-size:cover;background-size:cover;padding: 0px 0px 0px 0px;\"><div class=\"fusion-text fusion-text-1\"><p style=\"text-align: justify;\"><em>Can Nuestro<\/em> es un texto fotogr\u00e1fico sobre la investigaci\u00f3n de la raza origen del perro peruano. La investigaci\u00f3n data desde su aparici\u00f3n en el siglo VIII d. C. hasta su oficializaci\u00f3n en la Federaci\u00f3n Cinol\u00f3gica Internacional en 1985 y su reconocimiento nacional como patrimonio en el a\u00f1o 2001.<br \/>\nEn este texto se expone la extensa repercusi\u00f3n cultural referente a la imagen del perro peruano encontrada en la iconograf\u00eda hist\u00f3rica, ya sea en su pasado prehisp\u00e1nico hasta la cultura popular moderna.<\/p>\n<p><span style=\"font-weight: 400;\">Las fotograf\u00edas que acompa\u00f1an a la investigaci\u00f3n introductoria, dejan ver diferentes perros sin pelo en el Per\u00fa, de esta forma, hilvana las diferentes caracter\u00edsticas f\u00edsicas de esta raza, as\u00ed como las de su car\u00e1cter. Tambi\u00e9n muestra la iconograf\u00eda presentada en el imaginario peruano en los huacos prehisp\u00e1nicos y en las ilustraciones de Guam\u00e1n Poma, as\u00ed como, su influencia en la cultura popular moderna.<\/span><\/p>\n<\/div><div class=\"fusion-clearfix\"><\/div><\/div><\/div><\/div><\/div>\n","protected":false},"excerpt":{"rendered":"<p><em>Can Nuestro<\/em> es un texto fotogr\u00e1fico sobre la investigaci\u00f3n de la raza origen del perro peruano. La investigaci\u00f3n data de su aparici\u00f3n en el siglo VIII d. C. hasta su oficializaci\u00f3n en la Federaci\u00f3n Cinol\u00f3gica Internacional en 1985 y su reconocimiento nacional como patrimonio en el a\u00f1o 2001.<\/p>\n<p><strong>Autor:<\/strong> Elsa Estremadoyro<br \/>\n<strong>A\u00f1o:<\/strong> 2018<br \/>\n<strong>P\u00e1ginas:<\/strong> 142<br \/>\n<strong>ISBN:<\/strong>978-9972-9538-3-5<br \/>\n<strong>Tapa:<\/strong> Tapa blanda mate con solapas<br \/>\n<strong>Papel:<\/strong> Couch\u00e9<br \/>\n<strong>Dimensiones:<\/strong> 23 x 17 cm.<\/p>\n<p>&nbsp;<\/p>\n<p>&nbsp;<\/p>\n","protected":false},"featured_media":21667,"comment_status":"open","ping_status":"closed","template":"","meta":{"_bbp_topic_count":0,"_bbp_reply_count":0,"_bbp_total_topic_count":0,"_bbp_total_reply_count":0,"_bbp_voice_count":0,"_bbp_anonymous_reply_count":0,"_bbp_topic_count_hidden":0,"_bbp_reply_count_hidden":0,"_bbp_forum_subforum_count":0,"_mi_skip_tracking":false,"_joinchat":[]},"product_cat":[113],"product_tag":[],"class_list":{"0":"post-21625","1":"product","2":"type-product","3":"status-publish","4":"has-post-thumbnail","6":"product_cat-libros-impresos","8":"first","9":"instock","10":"shipping-taxable","11":"purchasable","12":"product-type-simple"},"_links":{"self":[{"href":"https:\/\/fondoeditorial.editoraperu.pe\/index.php?rest_route=\/wp\/v2\/product\/21625","targetHints":{"allow":["GET"]}}],"collection":[{"href":"https:\/\/fondoeditorial.editoraperu.pe\/index.php?rest_route=\/wp\/v2\/product"}],"about":[{"href":"https:\/\/fondoeditorial.editoraperu.pe\/index.php?rest_route=\/wp\/v2\/types\/product"}],"replies":[{"embeddable":true,"href":"https:\/\/fondoeditorial.editoraperu.pe\/index.php?rest_route=%2Fwp%2Fv2%2Fcomments&post=21625"}],"wp:featuredmedia":[{"embeddable":true,"href":"https:\/\/fondoeditorial.editoraperu.pe\/index.php?rest_route=\/wp\/v2\/media\/21667"}],"wp:attachment":[{"href":"https:\/\/fondoeditorial.editoraperu.pe\/index.php?rest_route=%2Fwp%2Fv2%2Fmedia&parent=21625"}],"wp:term":[{"taxonomy":"product_cat","embeddable":true,"href":"https:\/\/fondoeditorial.editoraperu.pe\/index.php?rest_route=%2Fwp%2Fv2%2Fproduct_cat&post=21625"},{"taxonomy":"product_tag","embeddable":true,"href":"https:\/\/fondoeditorial.editoraperu.pe\/index.php?rest_route=%2Fwp%2Fv2%2Fproduct_tag&post=21625"}],"curies":[{"name":"wp","href":"https:\/\/api.w.org\/{rel}","templated":true}]}}