{"id":21649,"date":"2022-12-15T11:29:27","date_gmt":"2022-12-15T16:29:27","guid":{"rendered":"http:\/\/172.20.0.158\/editora\/?post_type=product&#038;p=21649"},"modified":"2024-10-02T15:35:17","modified_gmt":"2024-10-02T20:35:17","slug":"arena-blanca","status":"publish","type":"product","link":"https:\/\/fondoeditorial.editoraperu.pe\/?product=arena-blanca","title":{"rendered":"Arena blanca"},"content":{"rendered":"<div class=\"fusion-fullwidth fullwidth-box fusion-builder-row-1 nonhundred-percent-fullwidth non-hundred-percent-height-scrolling\" style=\"background-color: #ffffff;background-position: center center;background-repeat: no-repeat;padding-top:0px;padding-right:0px;padding-bottom:0px;padding-left:0px;margin-bottom: 0px;margin-top: 0px;border-width: 0px 0px 0px 0px;border-color:#eae9e9;border-style:solid;\" ><div class=\"fusion-builder-row fusion-row\"><div class=\"fusion-layout-column fusion_builder_column fusion-builder-column-0 fusion_builder_column_1_1 1_1 fusion-one-full fusion-column-first fusion-column-last\" style=\"margin-top:0px;margin-bottom:20px;\"><div class=\"fusion-column-wrapper fusion-flex-column-wrapper-legacy\" style=\"background-position:left top;background-repeat:no-repeat;-webkit-background-size:cover;-moz-background-size:cover;-o-background-size:cover;background-size:cover;padding: 0px 0px 0px 0px;\"><div class=\"fusion-text fusion-text-1\"><p style=\"text-align: justify;\"><em>Arena Blanca<\/em> re\u00fane ocho poemas. Dicha selecci\u00f3n aborda temas desde la memoria que exploran los sentimientos del amor, la nostalgia, la lucha, la p\u00e9rdida, la libertad y la naci\u00f3n. Con el empleo de los recursos metaf\u00f3ricos, la figura constante de la naturaleza se presenta como imagen central para el autor que explora la sensibilidad del pensamiento entre versos de 30 hasta 110.<\/p>\n<\/div><div class=\"fusion-clearfix\"><\/div><\/div><\/div><\/div><\/div>\n","protected":false},"excerpt":{"rendered":"<p style=\"text-align: justify;\"><em>Arena Blanca<\/em> re\u00fane ocho poemas. Dicha selecci\u00f3n aborda temas desde la memoria que exploran los sentimientos del amor, la nostalgia, la lucha, la p\u00e9rdida, la libertad y la naci\u00f3n. Con el empleo de los recursos metaf\u00f3ricos, la figura constante de la naturaleza se presenta como imagen central para el autor que explora la sensibilidad del pensamiento entre versos de 30 hasta 110.<\/p>\n<p><strong>Autor:<\/strong> Jorge Balarezo Rengifo<br \/>\n<strong>A\u00f1o:<\/strong> 2022<br \/>\n<strong>P\u00e1ginas<\/strong>: 48<br \/>\n<strong>G\u00e9nero<\/strong>: Poes\u00eda peruana<br \/>\n<strong>ISBN<\/strong>: 978-612-49098-0-1<br \/>\n<strong>Tapa<\/strong>: Tapa blanda o r\u00fastica con solapas<br \/>\n<strong>Papel<\/strong>: Couch\u00e9<br \/>\n<strong>Dimensiones<\/strong>: 14.5&#215;22.5cm.<\/p>\n<p>&nbsp;<\/p>\n<p>&nbsp;<\/p>\n","protected":false},"featured_media":21664,"comment_status":"open","ping_status":"closed","template":"","meta":{"_bbp_topic_count":0,"_bbp_reply_count":0,"_bbp_total_topic_count":0,"_bbp_total_reply_count":0,"_bbp_voice_count":0,"_bbp_anonymous_reply_count":0,"_bbp_topic_count_hidden":0,"_bbp_reply_count_hidden":0,"_bbp_forum_subforum_count":0,"_mi_skip_tracking":false,"_joinchat":[]},"product_cat":[113],"product_tag":[],"class_list":{"0":"post-21649","1":"product","2":"type-product","3":"status-publish","4":"has-post-thumbnail","6":"product_cat-libros-impresos","8":"first","9":"instock","10":"shipping-taxable","11":"purchasable","12":"product-type-simple"},"_links":{"self":[{"href":"https:\/\/fondoeditorial.editoraperu.pe\/index.php?rest_route=\/wp\/v2\/product\/21649","targetHints":{"allow":["GET"]}}],"collection":[{"href":"https:\/\/fondoeditorial.editoraperu.pe\/index.php?rest_route=\/wp\/v2\/product"}],"about":[{"href":"https:\/\/fondoeditorial.editoraperu.pe\/index.php?rest_route=\/wp\/v2\/types\/product"}],"replies":[{"embeddable":true,"href":"https:\/\/fondoeditorial.editoraperu.pe\/index.php?rest_route=%2Fwp%2Fv2%2Fcomments&post=21649"}],"wp:featuredmedia":[{"embeddable":true,"href":"https:\/\/fondoeditorial.editoraperu.pe\/index.php?rest_route=\/wp\/v2\/media\/21664"}],"wp:attachment":[{"href":"https:\/\/fondoeditorial.editoraperu.pe\/index.php?rest_route=%2Fwp%2Fv2%2Fmedia&parent=21649"}],"wp:term":[{"taxonomy":"product_cat","embeddable":true,"href":"https:\/\/fondoeditorial.editoraperu.pe\/index.php?rest_route=%2Fwp%2Fv2%2Fproduct_cat&post=21649"},{"taxonomy":"product_tag","embeddable":true,"href":"https:\/\/fondoeditorial.editoraperu.pe\/index.php?rest_route=%2Fwp%2Fv2%2Fproduct_tag&post=21649"}],"curies":[{"name":"wp","href":"https:\/\/api.w.org\/{rel}","templated":true}]}}