{"id":22017,"date":"2023-08-01T17:01:13","date_gmt":"2023-08-01T22:01:13","guid":{"rendered":"https:\/\/fondoeditorial.editoraperu.pe\/?post_type=product&#038;p=22017"},"modified":"2024-08-26T14:58:29","modified_gmt":"2024-08-26T19:58:29","slug":"comentarios-de-normas-legales-laboral-i-contratos-laborales-y-tercerizacion","status":"publish","type":"product","link":"https:\/\/fondoeditorial.editoraperu.pe\/?product=comentarios-de-normas-legales-laboral-i-contratos-laborales-y-tercerizacion","title":{"rendered":"Comentarios de Normas Legales: Laboral I &#8211; Contratos Laborales y Tercerizaci\u00f3n"},"content":{"rendered":"<div class=\"fusion-fullwidth fullwidth-box fusion-builder-row-1 nonhundred-percent-fullwidth non-hundred-percent-height-scrolling\" style=\"background-color: #ffffff;background-position: center center;background-repeat: no-repeat;padding-top:0px;padding-right:0px;padding-bottom:0px;padding-left:0px;margin-bottom: 0px;margin-top: 0px;border-width: 0px 0px 0px 0px;border-color:#eae9e9;border-style:solid;\" ><div class=\"fusion-builder-row fusion-row\"><div class=\"fusion-layout-column fusion_builder_column fusion-builder-column-0 fusion_builder_column_1_1 1_1 fusion-one-full fusion-column-first fusion-column-last\" style=\"margin-top:0px;margin-bottom:20px;\"><div class=\"fusion-column-wrapper fusion-flex-column-wrapper-legacy\" style=\"background-position:left top;background-repeat:no-repeat;-webkit-background-size:cover;-moz-background-size:cover;-o-background-size:cover;background-size:cover;padding: 0px 0px 0px 0px;\"><div class=\"fusion-text fusion-text-1\"><p><i><span style=\"font-weight: 400;\">Comentarios de Normas Legales: Laboral I \u2013 Contratos Laborales y Tercerizaciones<\/span><\/i><span style=\"font-weight: 400;\"> es un libro que se origina a partir del trabajo colaborativo entre Editora Per\u00fa y Vinatea &amp; Toyama Abogados con la finalidad de proporcionar al ciudadano un acercamiento a las normas legales laborales vigentes de nuestro pa\u00eds de forma pr\u00e1ctica y clara.<\/span><\/p>\n<p><span style=\"font-weight: 400;\">El texto es una recopilaci\u00f3n de normas legales laborales que agrupa la Ley de productividad y competitividad laboral y reglamento, la Ley y reglamento de modalidades laborales, la Ley y reglamento de teletrabajo y la Normativa sobre tercerizaci\u00f3n. En esta oportunidad, Jorge Toyama, Magaly Alarc\u00f3n, Renato Mej\u00eda y Ricardo Valdiviezo se encargan de comentar de manera concisa las normas legales laborales, la intervenci\u00f3n de los autores sirve de gu\u00eda para el acercamiento al mundo jur\u00eddico.<\/span><\/p>\n<\/div><div class=\"fusion-clearfix\"><\/div><\/div><\/div><\/div><\/div>\n","protected":false},"excerpt":{"rendered":"<p><i><span style=\"font-weight: 400;\">Comentarios de Normas Legales: Laboral I \u2013 Contratos Laborales y Tercerizaciones<\/span><\/i><span style=\"font-weight: 400;\"> es un libro que se origina a partir del trabajo colaborativo entre Editora Per\u00fa y Vinatea &amp; Toyama Abogados con la finalidad de proporcionar al ciudadano un acercamiento a las normas legales laborales vigentes de nuestro pa\u00eds de forma pr\u00e1ctica y clara.<\/span><\/p>\n<p><strong>Autores: <\/strong>Jorge Toyama, Magaly Alarc\u00f3n, Renato Mej\u00eda y Ricardo Valdiviezo<br \/>\n<strong>A\u00f1o:<\/strong> 2023<br \/>\n<strong>P\u00e1ginas:<\/strong> 190<br \/>\n<strong>G\u00e9nero:<\/strong> Derecho Laboral<br \/>\n<strong>ISBN:<\/strong> 978-612-49364-0-1<br \/>\n<strong>Tapa:<\/strong>\u00a0Tapa blanda mate con solapas<br \/>\n<strong>Papel:<\/strong>\u00a0Avena 80 gr.<br \/>\n<strong>Dimensiones:<\/strong> 17 x 24cm.<\/p>\n<p>&nbsp;<\/p>\n","protected":false},"featured_media":22019,"comment_status":"open","ping_status":"closed","template":"","meta":{"_bbp_topic_count":0,"_bbp_reply_count":0,"_bbp_total_topic_count":0,"_bbp_total_reply_count":0,"_bbp_voice_count":0,"_bbp_anonymous_reply_count":0,"_bbp_topic_count_hidden":0,"_bbp_reply_count_hidden":0,"_bbp_forum_subforum_count":0,"_mi_skip_tracking":false,"_joinchat":[]},"product_cat":[113],"product_tag":[],"class_list":{"0":"post-22017","1":"product","2":"type-product","3":"status-publish","4":"has-post-thumbnail","6":"product_cat-libros-impresos","8":"first","9":"outofstock","10":"shipping-taxable","11":"purchasable","12":"product-type-simple"},"_links":{"self":[{"href":"https:\/\/fondoeditorial.editoraperu.pe\/index.php?rest_route=\/wp\/v2\/product\/22017","targetHints":{"allow":["GET"]}}],"collection":[{"href":"https:\/\/fondoeditorial.editoraperu.pe\/index.php?rest_route=\/wp\/v2\/product"}],"about":[{"href":"https:\/\/fondoeditorial.editoraperu.pe\/index.php?rest_route=\/wp\/v2\/types\/product"}],"replies":[{"embeddable":true,"href":"https:\/\/fondoeditorial.editoraperu.pe\/index.php?rest_route=%2Fwp%2Fv2%2Fcomments&post=22017"}],"wp:featuredmedia":[{"embeddable":true,"href":"https:\/\/fondoeditorial.editoraperu.pe\/index.php?rest_route=\/wp\/v2\/media\/22019"}],"wp:attachment":[{"href":"https:\/\/fondoeditorial.editoraperu.pe\/index.php?rest_route=%2Fwp%2Fv2%2Fmedia&parent=22017"}],"wp:term":[{"taxonomy":"product_cat","embeddable":true,"href":"https:\/\/fondoeditorial.editoraperu.pe\/index.php?rest_route=%2Fwp%2Fv2%2Fproduct_cat&post=22017"},{"taxonomy":"product_tag","embeddable":true,"href":"https:\/\/fondoeditorial.editoraperu.pe\/index.php?rest_route=%2Fwp%2Fv2%2Fproduct_tag&post=22017"}],"curies":[{"name":"wp","href":"https:\/\/api.w.org\/{rel}","templated":true}]}}