{"id":22020,"date":"2023-08-01T17:09:22","date_gmt":"2023-08-01T22:09:22","guid":{"rendered":"https:\/\/fondoeditorial.editoraperu.pe\/?post_type=product&#038;p=22020"},"modified":"2024-08-26T14:58:36","modified_gmt":"2024-08-26T19:58:36","slug":"perdimos-la-palabra","status":"publish","type":"product","link":"https:\/\/fondoeditorial.editoraperu.pe\/?product=perdimos-la-palabra","title":{"rendered":"Pe(r)dimos la palabra"},"content":{"rendered":"<div class=\"fusion-fullwidth fullwidth-box fusion-builder-row-1 nonhundred-percent-fullwidth non-hundred-percent-height-scrolling\" style=\"background-color: #ffffff;background-position: center center;background-repeat: no-repeat;padding-top:0px;padding-right:0px;padding-bottom:0px;padding-left:0px;margin-bottom: 0px;margin-top: 0px;border-width: 0px 0px 0px 0px;border-color:#eae9e9;border-style:solid;\" ><div class=\"fusion-builder-row fusion-row\"><div class=\"fusion-layout-column fusion_builder_column fusion-builder-column-0 fusion_builder_column_1_1 1_1 fusion-one-full fusion-column-first fusion-column-last\" style=\"margin-top:0px;margin-bottom:20px;\"><div class=\"fusion-column-wrapper fusion-flex-column-wrapper-legacy\" style=\"background-position:left top;background-repeat:no-repeat;-webkit-background-size:cover;-moz-background-size:cover;-o-background-size:cover;background-size:cover;padding: 0px 0px 0px 0px;\"><div class=\"fusion-text fusion-text-1\"><p><i><span style=\"font-weight: 400;\">Pe(r)dimos la palabra <\/span><\/i><span style=\"font-weight: 400;\">es una antolog\u00eda po\u00e9tica escrita por estudiantes ingresantes a la Maestr\u00eda en Escritura Creativa de la Universidad Nacional Mayor de San Marcos en el 2023.\u00a0 La muestra se origin\u00f3 como parte del curso Taller de Poes\u00eda I a cargo del renombrado poeta peruano Marco Martos.\u00a0<\/span><\/p>\n<p><span style=\"font-weight: 400;\">Los poemas exploran variadas estructuras po\u00e9ticas que contribuyen a enriquecer la escritura, atravesando el verso libre, el haiku, el soneto y la sextina. Asimismo, aborda tem\u00e1ticas de \u00edndole existencialista, amorosa, naturalista, contemplativa, experimental y social. <\/span><\/p>\n<\/div><div class=\"fusion-clearfix\"><\/div><\/div><\/div><\/div><\/div>\n","protected":false},"excerpt":{"rendered":"<p><i><span style=\"font-weight: 400;\">Pe(r)dimos la palabra <\/span><\/i><span style=\"font-weight: 400;\">es una antolog\u00eda po\u00e9tica escrita por estudiantes ingresantes a la Maestr\u00eda en Escritura Creativa de la Universidad Nacional Mayor de San Marcos en el 2023.\u00a0 La muestra se origin\u00f3 como parte del curso Taller de Poes\u00eda I a cargo del renombrado poeta peruano Marco Martos.\u00a0<\/span><\/p>\n<p><strong>Autores:<\/strong> <span style=\"font-weight: 400;\">Alberto Salazar, <\/span><span style=\"font-weight: 400;\">Alvaro Sinarahua<\/span> <span style=\"font-weight: 400;\">Odicio, Ana Mar\u00eda Infantes Mendoza, <\/span><span style=\"font-weight: 400;\">C. Josu\u00e9 Pillihuaman Reyes, Christian Ardel Loayza, Diego Palma, Faviola Lazo, Giancarlo Andaluz, Jhonatan Eugenio, Kamo Liceras, Karla Paola Velezmoro Contreras, Leticia Salazar y Raisa G. Salinas.<\/span><br \/>\n<strong>A\u00f1o:<\/strong> 2023<br \/>\n<strong>G\u00e9nero:<\/strong> Poes\u00eda<br \/>\n<strong>Tapa:<\/strong> Blanda mate sin solapas<br \/>\n<strong>Papel:<\/strong> Couche<br \/>\n<strong>Dimensiones:<\/strong> 28 x 20.5 cm.<\/p>\n<p>&nbsp;<\/p>\n<p>&nbsp;<\/p>\n","protected":false},"featured_media":22028,"comment_status":"open","ping_status":"closed","template":"","meta":{"_bbp_topic_count":0,"_bbp_reply_count":0,"_bbp_total_topic_count":0,"_bbp_total_reply_count":0,"_bbp_voice_count":0,"_bbp_anonymous_reply_count":0,"_bbp_topic_count_hidden":0,"_bbp_reply_count_hidden":0,"_bbp_forum_subforum_count":0,"_mi_skip_tracking":false,"_joinchat":[]},"product_cat":[113],"product_tag":[],"class_list":{"0":"post-22020","1":"product","2":"type-product","3":"status-publish","4":"has-post-thumbnail","6":"product_cat-libros-impresos","8":"first","9":"outofstock","10":"shipping-taxable","11":"purchasable","12":"product-type-simple"},"_links":{"self":[{"href":"https:\/\/fondoeditorial.editoraperu.pe\/index.php?rest_route=\/wp\/v2\/product\/22020","targetHints":{"allow":["GET"]}}],"collection":[{"href":"https:\/\/fondoeditorial.editoraperu.pe\/index.php?rest_route=\/wp\/v2\/product"}],"about":[{"href":"https:\/\/fondoeditorial.editoraperu.pe\/index.php?rest_route=\/wp\/v2\/types\/product"}],"replies":[{"embeddable":true,"href":"https:\/\/fondoeditorial.editoraperu.pe\/index.php?rest_route=%2Fwp%2Fv2%2Fcomments&post=22020"}],"wp:featuredmedia":[{"embeddable":true,"href":"https:\/\/fondoeditorial.editoraperu.pe\/index.php?rest_route=\/wp\/v2\/media\/22028"}],"wp:attachment":[{"href":"https:\/\/fondoeditorial.editoraperu.pe\/index.php?rest_route=%2Fwp%2Fv2%2Fmedia&parent=22020"}],"wp:term":[{"taxonomy":"product_cat","embeddable":true,"href":"https:\/\/fondoeditorial.editoraperu.pe\/index.php?rest_route=%2Fwp%2Fv2%2Fproduct_cat&post=22020"},{"taxonomy":"product_tag","embeddable":true,"href":"https:\/\/fondoeditorial.editoraperu.pe\/index.php?rest_route=%2Fwp%2Fv2%2Fproduct_tag&post=22020"}],"curies":[{"name":"wp","href":"https:\/\/api.w.org\/{rel}","templated":true}]}}