{"id":22021,"date":"2023-08-01T17:09:24","date_gmt":"2023-08-01T22:09:24","guid":{"rendered":"https:\/\/fondoeditorial.editoraperu.pe\/?post_type=product&#038;p=22021"},"modified":"2024-08-26T14:58:43","modified_gmt":"2024-08-26T19:58:43","slug":"por-que-un-no-a-la-vida","status":"publish","type":"product","link":"https:\/\/fondoeditorial.editoraperu.pe\/?product=por-que-un-no-a-la-vida","title":{"rendered":"\u00bfPor qu\u00e9 un no a la vida?"},"content":{"rendered":"<div class=\"fusion-fullwidth fullwidth-box fusion-builder-row-1 nonhundred-percent-fullwidth non-hundred-percent-height-scrolling\" style=\"background-color: #ffffff;background-position: center center;background-repeat: no-repeat;padding-top:0px;padding-right:0px;padding-bottom:0px;padding-left:0px;margin-bottom: 0px;margin-top: 0px;border-width: 0px 0px 0px 0px;border-color:#eae9e9;border-style:solid;\" ><div class=\"fusion-builder-row fusion-row\"><div class=\"fusion-layout-column fusion_builder_column fusion-builder-column-0 fusion_builder_column_1_1 1_1 fusion-one-full fusion-column-first fusion-column-last\" style=\"margin-top:0px;margin-bottom:20px;\"><div class=\"fusion-column-wrapper fusion-flex-column-wrapper-legacy\" style=\"background-position:left top;background-repeat:no-repeat;-webkit-background-size:cover;-moz-background-size:cover;-o-background-size:cover;background-size:cover;padding: 0px 0px 0px 0px;\"><div class=\"fusion-text fusion-text-1\"><p><i><span style=\"font-weight: 400;\">\u00bfPor qu\u00e9 un no a la vida?<\/span><\/i><span style=\"font-weight: 400;\"> Es el segundo poemario del autor, el cual naci\u00f3 como una motivaci\u00f3n para participar de un concurso nacional. El libro fue escrito durante sus primeros semestres universitarios. En ese entonces Jorge Balarezo era un adolescente que expres\u00f3 su visi\u00f3n del mundo a trav\u00e9s de la poes\u00eda.<\/span><\/p>\n<p><span style=\"font-weight: 400;\">El texto est\u00e1 dividido en tres apartados que engloba tem\u00e1ticas diversas como el existencialismo, el lenguaje, el cuerpo y la sociedad. El existencialismo se desarrolla a partir de la preocupaci\u00f3n del hombre y de su porvenir. El lenguaje es planteado como representaci\u00f3n de nuevos tratamientos de expresividad, se utiliza el arte como medio de libertad. Respecto del cuerpo, es tratado como veh\u00edculo de representaci\u00f3n del dolor y del malestar humano. Finalmente, del t\u00f3pico de la sociedad se realiza una reflexi\u00f3n del contexto de aquellos a\u00f1os.<\/span><\/p>\n<\/div><div class=\"fusion-clearfix\"><\/div><\/div><\/div><\/div><\/div>\n","protected":false},"excerpt":{"rendered":"<p><i><span style=\"font-weight: 400;\">\u00bfPor qu\u00e9 un no a la vida?<\/span><\/i><span style=\"font-weight: 400;\"> Es el segundo poemario del autor, el cual naci\u00f3 como una motivaci\u00f3n para participar de un concurso nacional. El libro fue escrito durante sus primeros semestres universitarios. En ese entonces Jorge Balarezo era un adolescente que expres\u00f3 su visi\u00f3n del mundo a trav\u00e9s de la poes\u00eda.<\/span><\/p>\n<p><strong>Autor:<\/strong> <span style=\"font-weight: 400;\">Jorge F\u00e9lix Balarezo Rengifo<\/span><br \/>\n<strong>A\u00f1o:<\/strong> 2023<br \/>\n<strong>G\u00e9nero:<\/strong> Poes\u00eda<br \/>\n<strong>Tapa:<\/strong> Blanda mate sin solapas<br \/>\n<strong>Papel:<\/strong> Couche<br \/>\n<strong>Dimensiones:<\/strong> 28 x 20.5 cm.<\/p>\n<p>&nbsp;<\/p>\n<p>&nbsp;<\/p>\n","protected":false},"featured_media":22023,"comment_status":"open","ping_status":"closed","template":"","meta":{"_bbp_topic_count":0,"_bbp_reply_count":0,"_bbp_total_topic_count":0,"_bbp_total_reply_count":0,"_bbp_voice_count":0,"_bbp_anonymous_reply_count":0,"_bbp_topic_count_hidden":0,"_bbp_reply_count_hidden":0,"_bbp_forum_subforum_count":0,"_mi_skip_tracking":false,"_joinchat":[]},"product_cat":[113],"product_tag":[],"class_list":{"0":"post-22021","1":"product","2":"type-product","3":"status-publish","4":"has-post-thumbnail","6":"product_cat-libros-impresos","8":"first","9":"instock","10":"shipping-taxable","11":"purchasable","12":"product-type-simple"},"_links":{"self":[{"href":"https:\/\/fondoeditorial.editoraperu.pe\/index.php?rest_route=\/wp\/v2\/product\/22021","targetHints":{"allow":["GET"]}}],"collection":[{"href":"https:\/\/fondoeditorial.editoraperu.pe\/index.php?rest_route=\/wp\/v2\/product"}],"about":[{"href":"https:\/\/fondoeditorial.editoraperu.pe\/index.php?rest_route=\/wp\/v2\/types\/product"}],"replies":[{"embeddable":true,"href":"https:\/\/fondoeditorial.editoraperu.pe\/index.php?rest_route=%2Fwp%2Fv2%2Fcomments&post=22021"}],"wp:featuredmedia":[{"embeddable":true,"href":"https:\/\/fondoeditorial.editoraperu.pe\/index.php?rest_route=\/wp\/v2\/media\/22023"}],"wp:attachment":[{"href":"https:\/\/fondoeditorial.editoraperu.pe\/index.php?rest_route=%2Fwp%2Fv2%2Fmedia&parent=22021"}],"wp:term":[{"taxonomy":"product_cat","embeddable":true,"href":"https:\/\/fondoeditorial.editoraperu.pe\/index.php?rest_route=%2Fwp%2Fv2%2Fproduct_cat&post=22021"},{"taxonomy":"product_tag","embeddable":true,"href":"https:\/\/fondoeditorial.editoraperu.pe\/index.php?rest_route=%2Fwp%2Fv2%2Fproduct_tag&post=22021"}],"curies":[{"name":"wp","href":"https:\/\/api.w.org\/{rel}","templated":true}]}}