{"id":22030,"date":"2023-08-02T15:44:03","date_gmt":"2023-08-02T20:44:03","guid":{"rendered":"https:\/\/fondoeditorial.editoraperu.pe\/?post_type=product&#038;p=22030"},"modified":"2025-07-29T13:45:30","modified_gmt":"2025-07-29T18:45:30","slug":"guardianas-de-la-salud","status":"publish","type":"product","link":"https:\/\/fondoeditorial.editoraperu.pe\/?product=guardianas-de-la-salud","title":{"rendered":"Guardianas de la salud"},"content":{"rendered":"<div class=\"fusion-fullwidth fullwidth-box fusion-builder-row-1 nonhundred-percent-fullwidth non-hundred-percent-height-scrolling\" style=\"background-color: #ffffff;background-position: center center;background-repeat: no-repeat;padding-top:0px;padding-right:0px;padding-bottom:0px;padding-left:0px;margin-bottom: 0px;margin-top: 0px;border-width: 0px 0px 0px 0px;border-color:#eae9e9;border-style:solid;\" ><div class=\"fusion-builder-row fusion-row\"><div class=\"fusion-layout-column fusion_builder_column fusion-builder-column-0 fusion_builder_column_1_1 1_1 fusion-one-full fusion-column-first fusion-column-last\" style=\"margin-top:0px;margin-bottom:20px;\"><div class=\"fusion-column-wrapper fusion-flex-column-wrapper-legacy\" style=\"background-position:left top;background-repeat:no-repeat;-webkit-background-size:cover;-moz-background-size:cover;-o-background-size:cover;background-size:cover;padding: 0px 0px 0px 0px;\"><div class=\"fusion-text fusion-text-1\"><p><i><span style=\"font-weight: 400;\">Guardianas de la salud <\/span><\/i><span style=\"font-weight: 400;\">es un libro de cuentos de \u00edndole cient\u00edfica que narra cinco historias de mujeres peruanas inquietas y luchadoras quienes desde distintas disciplinas como la medicina, la biolog\u00eda, la tecnolog\u00eda m\u00e9dica y las ciencias de la computaci\u00f3n trabajan d\u00eda a d\u00eda para buscar c\u00f3mo cuidar la salud de los peruanos.<\/span><\/p>\n<p><span style=\"font-weight: 400;\">El libro est\u00e1 inspirado en personajes reales que a pesar de las dificultades lograron continuar sus investigaciones y formar parte de la historia peruana gracias a sus grandes aportes cient\u00edficos. Magaly Blas, Paquita Garc\u00eda, Eveling Castro, Milagros Zavaleta y Luz Caviedes\u00a0 son las protagonistas del libro.<\/span><\/p>\n<p><span style=\"font-weight: 400;\">Cada apartado comprende la historia de su vida, su contribuci\u00f3n cient\u00edfica y su aplicaci\u00f3n en la salud de nuestro pa\u00eds. En cada protagonista podemos apreciar su visi\u00f3n del mundo, sus diversas vivencias, experiencias y descubrimientos.\u00a0 Nos muestra el nacimiento de su vocaci\u00f3n, la realidad de las profesiones cient\u00edficas y tecnol\u00f3gicas desarrolladas por mujeres, sus luchas y victorias, as\u00ed como las barreras que tuvieron que afrontar para lograr alcanzar sus metas, aquellas que las han hecho convertirse en nuestras guardianas de la salud.<\/span><\/p>\n<\/div><div class=\"fusion-clearfix\"><\/div><\/div><\/div><\/div><\/div>\n","protected":false},"excerpt":{"rendered":"<p><i><span style=\"font-weight: 400;\">Guardianas de la salud <\/span><\/i><span style=\"font-weight: 400;\">es un libro de cuentos de \u00edndole cient\u00edfica que narra cinco historias de mujeres peruanas inquietas y luchadoras quienes desde distintas disciplinas como la medicina, la biolog\u00eda, la tecnolog\u00eda m\u00e9dica y las ciencias de la computaci\u00f3n trabajan d\u00eda a d\u00eda para buscar c\u00f3mo cuidar la salud de los peruanos.<\/span><\/p>\n<p><strong>Autora: <span style=\"font-weight: 400;\">Myra E. Flores Flores<\/span><\/strong><br \/>\n<strong>A\u00f1o:<\/strong> 2023<br \/>\n<strong>P\u00e1ginas:<\/strong> 90<br \/>\n<strong>G\u00e9nero:<\/strong> Cuentos de \u00edndole cient\u00edfica<br \/>\n<strong>ISBN:<\/strong> 978-612-48734-6-1<br \/>\n<strong>Tapa:<\/strong>\u00a0Tapa blanda mate con solapas<br \/>\n<strong>Papel:<\/strong>\u00a0Avena 80 gr.<br \/>\n<strong>Dimensiones:<\/strong> 17 x 24cm.<\/p>\n<p>&nbsp;<\/p>\n<p>&nbsp;<\/p>\n","protected":false},"featured_media":22056,"comment_status":"open","ping_status":"closed","template":"","meta":{"_bbp_topic_count":0,"_bbp_reply_count":0,"_bbp_total_topic_count":0,"_bbp_total_reply_count":0,"_bbp_voice_count":0,"_bbp_anonymous_reply_count":0,"_bbp_topic_count_hidden":0,"_bbp_reply_count_hidden":0,"_bbp_forum_subforum_count":0,"_mi_skip_tracking":false,"_joinchat":[]},"product_cat":[154],"product_tag":[],"class_list":{"0":"post-22030","1":"product","2":"type-product","3":"status-publish","4":"has-post-thumbnail","6":"product_cat-novedades","8":"first","9":"instock","10":"shipping-taxable","11":"purchasable","12":"product-type-simple"},"_links":{"self":[{"href":"https:\/\/fondoeditorial.editoraperu.pe\/index.php?rest_route=\/wp\/v2\/product\/22030","targetHints":{"allow":["GET"]}}],"collection":[{"href":"https:\/\/fondoeditorial.editoraperu.pe\/index.php?rest_route=\/wp\/v2\/product"}],"about":[{"href":"https:\/\/fondoeditorial.editoraperu.pe\/index.php?rest_route=\/wp\/v2\/types\/product"}],"replies":[{"embeddable":true,"href":"https:\/\/fondoeditorial.editoraperu.pe\/index.php?rest_route=%2Fwp%2Fv2%2Fcomments&post=22030"}],"wp:featuredmedia":[{"embeddable":true,"href":"https:\/\/fondoeditorial.editoraperu.pe\/index.php?rest_route=\/wp\/v2\/media\/22056"}],"wp:attachment":[{"href":"https:\/\/fondoeditorial.editoraperu.pe\/index.php?rest_route=%2Fwp%2Fv2%2Fmedia&parent=22030"}],"wp:term":[{"taxonomy":"product_cat","embeddable":true,"href":"https:\/\/fondoeditorial.editoraperu.pe\/index.php?rest_route=%2Fwp%2Fv2%2Fproduct_cat&post=22030"},{"taxonomy":"product_tag","embeddable":true,"href":"https:\/\/fondoeditorial.editoraperu.pe\/index.php?rest_route=%2Fwp%2Fv2%2Fproduct_tag&post=22030"}],"curies":[{"name":"wp","href":"https:\/\/api.w.org\/{rel}","templated":true}]}}