{"id":22096,"date":"2023-12-11T13:06:58","date_gmt":"2023-12-11T18:06:58","guid":{"rendered":"https:\/\/fondoeditorial.editoraperu.pe\/?post_type=product&#038;p=22096"},"modified":"2024-12-19T14:53:58","modified_gmt":"2024-12-19T19:53:58","slug":"comentarios-normas-legales-laboral-beneficios-sociales-e-intermediacion-laboral","status":"publish","type":"product","link":"https:\/\/fondoeditorial.editoraperu.pe\/?product=comentarios-normas-legales-laboral-beneficios-sociales-e-intermediacion-laboral","title":{"rendered":"Comentarios de Normas Legales: laboral II beneficios sociales e intermediaci\u00f3n laboral"},"content":{"rendered":"<div class=\"fusion-fullwidth fullwidth-box fusion-builder-row-1 nonhundred-percent-fullwidth non-hundred-percent-height-scrolling\" style=\"background-color: #ffffff;background-position: center center;background-repeat: no-repeat;padding-top:0px;padding-right:0px;padding-bottom:0px;padding-left:0px;margin-bottom: 0px;margin-top: 0px;border-width: 0px 0px 0px 0px;border-color:#eae9e9;border-style:solid;\" ><div class=\"fusion-builder-row fusion-row\"><div class=\"fusion-layout-column fusion_builder_column fusion-builder-column-0 fusion_builder_column_1_1 1_1 fusion-one-full fusion-column-first fusion-column-last\" style=\"margin-top:0px;margin-bottom:20px;\"><div class=\"fusion-column-wrapper fusion-flex-column-wrapper-legacy\" style=\"background-position:left top;background-repeat:no-repeat;-webkit-background-size:cover;-moz-background-size:cover;-o-background-size:cover;background-size:cover;padding: 0px 0px 0px 0px;\"><div class=\"fusion-text fusion-text-1\"><p><i><span style=\"font-weight: 400;\">Comentarios de Normas Legales: Laboral II &#8211; Beneficios Sociales e Intermediaci\u00f3n Laboral <\/span><\/i><span style=\"font-weight: 400;\">es el segundo texto de una colecci\u00f3n de normas y reglamentos laborales peruanos acompa\u00f1ado de comentarios realizados por especialistas del derecho laboral. Es un libro que se origina a partir del trabajo colaborativo entre Editora Per\u00fa y Vinatea &amp; Toyama Abogados con la finalidad de proporcionar al ciudadano un acercamiento a las normas legales laborales vigentes de nuestro pa\u00eds de forma precisa y clara.<\/span><\/p>\n<p><span style=\"font-weight: 400;\">Este texto es la recopilaci\u00f3n de normas legales laborales que agrupa el Texto \u00fanico ordenado de la Ley de compensaci\u00f3n por tiempo de servicios (Ley y reglamento), Decreto legislativo que consolida la legislaci\u00f3n sobre descansos remunerados (Ley y reglamento), Ley que regula el otorgamiento de las gratificaciones (Ley y reglamento), Ley de utilidades (Ley y reglamento), Texto \u00fanico ordenado de la Ley de Jornada de trabajo (Ley y reglamento), Asignaci\u00f3n familiar (Ley y reglamento) y Ley que regula la actividad de las empresas especiales de servicios y de las cooperativas de trabajadores (Ley y reglamento).<\/span><\/p>\n<p><span style=\"font-weight: 400;\">En esta segunda entrega, Jorge Toyama, Renato Mejia, Herbert Prelle y Fabiola Maza se encargan de comentar de manera concisa las normas legales laborales para guiar el acercamiento al mundo jur\u00eddico laboral peruano.<\/span><\/p>\n<p>Ejes tem\u00e1ticos:<\/p>\n<ul>\n<li style=\"font-weight: 400;\" aria-level=\"1\"><span style=\"font-weight: 400;\">Normas legales<\/span><\/li>\n<li style=\"font-weight: 400;\" aria-level=\"1\"><span style=\"font-weight: 400;\">Compensaci\u00f3n por tiempo de servicios<\/span><\/li>\n<li style=\"font-weight: 400;\" aria-level=\"1\"><span style=\"font-weight: 400;\">Descansos remunerados<\/span><\/li>\n<li style=\"font-weight: 400;\" aria-level=\"1\"><span style=\"font-weight: 400;\">Gratificaciones<\/span><\/li>\n<li style=\"font-weight: 400;\" aria-level=\"1\"><span style=\"font-weight: 400;\">Utilidades<\/span><\/li>\n<li style=\"font-weight: 400;\" aria-level=\"1\"><span style=\"font-weight: 400;\">Asignaci\u00f3n familiar<\/span><\/li>\n<\/ul>\n<\/div><div class=\"fusion-clearfix\"><\/div><\/div><\/div><\/div><\/div>\n","protected":false},"excerpt":{"rendered":"<p><i><span style=\"font-weight: 400;\">Comentarios de Normas Legales: Laboral II &#8211; Beneficios Sociales e Intermediaci\u00f3n Laboral <\/span><\/i><span style=\"font-weight: 400;\">es el segundo texto de una colecci\u00f3n de normas y reglamentos laborales peruanos acompa\u00f1ado de comentarios realizados por especialistas del derecho laboral. Es un libro que se origina a partir del trabajo colaborativo entre Editora Per\u00fa y Vinatea &amp; Toyama Abogados con la finalidad de proporcionar al ciudadano un acercamiento a las normas legales laborales vigentes de nuestro pa\u00eds de forma precisa y clara.<\/span><\/p>\n<p><b>Autores: <\/b>Jorge Toyama, Renato Mej\u00eda, Herbert Prelle y Fabiola Maza<b><br \/>\n<\/b><strong>A\u00f1o:<\/strong> 2023<br \/>\n<strong>P\u00e1ginas:<\/strong> 160<br \/>\n<strong>Materia:<\/strong> Derecho laboral<br \/>\n<strong>ISBN:<\/strong> 978-612-49364-1-8<br \/>\n<strong>Tapa:<\/strong>\u00a0Tapa blanda mate con solapas<br \/>\n<strong>Papel:<\/strong>\u00a0Avena 80 gr.<br \/>\n<strong>Dimensiones:<\/strong> 17 x 24cm.<\/p>\n<p>&nbsp;<\/p>\n<p>&nbsp;<\/p>\n","protected":false},"featured_media":22098,"comment_status":"open","ping_status":"closed","template":"","meta":{"_bbp_topic_count":0,"_bbp_reply_count":0,"_bbp_total_topic_count":0,"_bbp_total_reply_count":0,"_bbp_voice_count":0,"_bbp_anonymous_reply_count":0,"_bbp_topic_count_hidden":0,"_bbp_reply_count_hidden":0,"_bbp_forum_subforum_count":0,"_mi_skip_tracking":false,"_joinchat":{"telephone":"+51915248092"}},"product_cat":[154],"product_tag":[],"class_list":{"0":"post-22096","1":"product","2":"type-product","3":"status-publish","4":"has-post-thumbnail","6":"product_cat-novedades","8":"first","9":"outofstock","10":"shipping-taxable","11":"purchasable","12":"product-type-simple"},"_links":{"self":[{"href":"https:\/\/fondoeditorial.editoraperu.pe\/index.php?rest_route=\/wp\/v2\/product\/22096","targetHints":{"allow":["GET"]}}],"collection":[{"href":"https:\/\/fondoeditorial.editoraperu.pe\/index.php?rest_route=\/wp\/v2\/product"}],"about":[{"href":"https:\/\/fondoeditorial.editoraperu.pe\/index.php?rest_route=\/wp\/v2\/types\/product"}],"replies":[{"embeddable":true,"href":"https:\/\/fondoeditorial.editoraperu.pe\/index.php?rest_route=%2Fwp%2Fv2%2Fcomments&post=22096"}],"wp:featuredmedia":[{"embeddable":true,"href":"https:\/\/fondoeditorial.editoraperu.pe\/index.php?rest_route=\/wp\/v2\/media\/22098"}],"wp:attachment":[{"href":"https:\/\/fondoeditorial.editoraperu.pe\/index.php?rest_route=%2Fwp%2Fv2%2Fmedia&parent=22096"}],"wp:term":[{"taxonomy":"product_cat","embeddable":true,"href":"https:\/\/fondoeditorial.editoraperu.pe\/index.php?rest_route=%2Fwp%2Fv2%2Fproduct_cat&post=22096"},{"taxonomy":"product_tag","embeddable":true,"href":"https:\/\/fondoeditorial.editoraperu.pe\/index.php?rest_route=%2Fwp%2Fv2%2Fproduct_tag&post=22096"}],"curies":[{"name":"wp","href":"https:\/\/api.w.org\/{rel}","templated":true}]}}