{"id":22100,"date":"2023-12-11T15:28:12","date_gmt":"2023-12-11T20:28:12","guid":{"rendered":"https:\/\/fondoeditorial.editoraperu.pe\/?post_type=product&#038;p=22100"},"modified":"2024-10-02T15:35:00","modified_gmt":"2024-10-02T20:35:00","slug":"aqui-no-hay-musas","status":"publish","type":"product","link":"https:\/\/fondoeditorial.editoraperu.pe\/?product=aqui-no-hay-musas","title":{"rendered":"Aqu\u00ed no hay musas"},"content":{"rendered":"<div class=\"fusion-fullwidth fullwidth-box fusion-builder-row-1 nonhundred-percent-fullwidth non-hundred-percent-height-scrolling\" style=\"background-color: #ffffff;background-position: center center;background-repeat: no-repeat;padding-top:0px;padding-right:0px;padding-bottom:0px;padding-left:0px;margin-bottom: 0px;margin-top: 0px;border-width: 0px 0px 0px 0px;border-color:#eae9e9;border-style:solid;\" ><div class=\"fusion-builder-row fusion-row\"><div class=\"fusion-layout-column fusion_builder_column fusion-builder-column-0 fusion_builder_column_1_1 1_1 fusion-one-full fusion-column-first fusion-column-last\" style=\"margin-top:0px;margin-bottom:20px;\"><div class=\"fusion-column-wrapper fusion-flex-column-wrapper-legacy\" style=\"background-position:left top;background-repeat:no-repeat;-webkit-background-size:cover;-moz-background-size:cover;-o-background-size:cover;background-size:cover;padding: 0px 0px 0px 0px;\"><div class=\"fusion-text fusion-text-1\"><p><i><span style=\"font-weight: 400;\">Aqu\u00ed no hay musas<\/span><\/i><span style=\"font-weight: 400;\"> es una antolog\u00eda po\u00e9tica escrita por egresadas de la Maestr\u00eda en Escritura Creativa de la Universidad Nacional Mayor de San Marcos. La muestra surgi\u00f3 del trabajo en conjunto de un grupo de compa\u00f1eras de la base 2021. Esta muestra busca generar un espacio de visibilizaci\u00f3n para la poes\u00eda escrita por mujeres en nuestro pa\u00eds.<\/span><\/p>\n<p><span style=\"font-weight: 400;\">Los poemas exploran variadas construcciones po\u00e9ticas que contribuyen a enriquecer la escritura a trav\u00e9s del verso libre. Asimismo, abordan tem\u00e1ticas de \u00edndole existencialista, intimista, naturalista, contemplativa, experimental y ling\u00fc\u00edstica. Finalmente, el libro es una expresi\u00f3n art\u00edstica que contribuir\u00e1 a asentar las voces de distintas generaciones de escritoras peruanas.<\/span><\/p>\n<\/div><div class=\"fusion-clearfix\"><\/div><\/div><\/div><\/div><\/div>\n","protected":false},"excerpt":{"rendered":"<p><i><span style=\"font-weight: 400;\">Aqu\u00ed no hay musas<\/span><\/i><span style=\"font-weight: 400;\"> es una antolog\u00eda po\u00e9tica escrita por egresadas de la Maestr\u00eda en Escritura Creativa de la Universidad Nacional Mayor de San Marcos. La muestra surgi\u00f3 del trabajo en conjunto de un grupo de compa\u00f1eras de la base 2021. Esta muestra busca generar un espacio de visibilizaci\u00f3n para la poes\u00eda escrita por mujeres en nuestro pa\u00eds.<\/span><\/p>\n<p><b>Autores: <\/b>Antonieta Ocampo Delehaza, Grace G\u00e1lvez N\u00fa\u00f1ez, Janet Mori Pizzino, Karin Aranda Estela, Liseth Paredes Tito, Mar\u00eda del Carmen Yrigoyen Arbul\u00fa, Tal\u00eda Coloma Villegas, Vilma Moreno Guti\u00e9rrez y Xiomei Cayo de la Cruz.<b><br \/>\n<strong>A\u00f1o:<\/strong><\/b> 2023<br \/>\n<strong>P\u00e1ginas:<\/strong> 98<br \/>\n<strong>G\u00e9nero:<\/strong> Poes\u00eda peruana<br \/>\n<strong>ISBN:<\/strong> 978-612-49362-2-7<br \/>\n<strong>Tapa:<\/strong>\u00a0Tapa blanda mate con solapas<br \/>\n<strong>Papel:<\/strong>\u00a0Avena 80 gr.<br \/>\n<strong>Dimensiones:<\/strong> 14.8 x 21cm.<\/p>\n<p>&nbsp;<\/p>\n<p>&nbsp;<\/p>\n","protected":false},"featured_media":22102,"comment_status":"open","ping_status":"closed","template":"","meta":{"_bbp_topic_count":0,"_bbp_reply_count":0,"_bbp_total_topic_count":0,"_bbp_total_reply_count":0,"_bbp_voice_count":0,"_bbp_anonymous_reply_count":0,"_bbp_topic_count_hidden":0,"_bbp_reply_count_hidden":0,"_bbp_forum_subforum_count":0,"_mi_skip_tracking":false,"_joinchat":[]},"product_cat":[113],"product_tag":[],"class_list":{"0":"post-22100","1":"product","2":"type-product","3":"status-publish","4":"has-post-thumbnail","6":"product_cat-libros-impresos","8":"first","9":"instock","10":"shipping-taxable","11":"purchasable","12":"product-type-simple"},"_links":{"self":[{"href":"https:\/\/fondoeditorial.editoraperu.pe\/index.php?rest_route=\/wp\/v2\/product\/22100","targetHints":{"allow":["GET"]}}],"collection":[{"href":"https:\/\/fondoeditorial.editoraperu.pe\/index.php?rest_route=\/wp\/v2\/product"}],"about":[{"href":"https:\/\/fondoeditorial.editoraperu.pe\/index.php?rest_route=\/wp\/v2\/types\/product"}],"replies":[{"embeddable":true,"href":"https:\/\/fondoeditorial.editoraperu.pe\/index.php?rest_route=%2Fwp%2Fv2%2Fcomments&post=22100"}],"wp:featuredmedia":[{"embeddable":true,"href":"https:\/\/fondoeditorial.editoraperu.pe\/index.php?rest_route=\/wp\/v2\/media\/22102"}],"wp:attachment":[{"href":"https:\/\/fondoeditorial.editoraperu.pe\/index.php?rest_route=%2Fwp%2Fv2%2Fmedia&parent=22100"}],"wp:term":[{"taxonomy":"product_cat","embeddable":true,"href":"https:\/\/fondoeditorial.editoraperu.pe\/index.php?rest_route=%2Fwp%2Fv2%2Fproduct_cat&post=22100"},{"taxonomy":"product_tag","embeddable":true,"href":"https:\/\/fondoeditorial.editoraperu.pe\/index.php?rest_route=%2Fwp%2Fv2%2Fproduct_tag&post=22100"}],"curies":[{"name":"wp","href":"https:\/\/api.w.org\/{rel}","templated":true}]}}