{"id":22176,"date":"2024-08-26T12:05:32","date_gmt":"2024-08-26T17:05:32","guid":{"rendered":"https:\/\/fondoeditorial.editoraperu.pe\/?post_type=product&#038;p=22176"},"modified":"2024-08-28T17:31:12","modified_gmt":"2024-08-28T22:31:12","slug":"las-leyes-del-bicentenario","status":"publish","type":"product","link":"https:\/\/fondoeditorial.editoraperu.pe\/?product=las-leyes-del-bicentenario","title":{"rendered":"Las Leyes del Bicentenario"},"content":{"rendered":"<div class=\"fusion-fullwidth fullwidth-box fusion-builder-row-1 nonhundred-percent-fullwidth non-hundred-percent-height-scrolling\" style=\"background-color: #ffffff;background-position: center center;background-repeat: no-repeat;padding-top:0px;padding-right:0px;padding-bottom:0px;padding-left:0px;margin-bottom: 0px;margin-top: 0px;border-width: 0px 0px 0px 0px;border-color:#eae9e9;border-style:solid;\" ><div class=\"fusion-builder-row fusion-row\"><div class=\"fusion-layout-column fusion_builder_column fusion-builder-column-0 fusion_builder_column_1_1 1_1 fusion-one-full fusion-column-first fusion-column-last\" style=\"margin-top:0px;margin-bottom:20px;\"><div class=\"fusion-column-wrapper fusion-flex-column-wrapper-legacy\" style=\"background-position:left top;background-repeat:no-repeat;-webkit-background-size:cover;-moz-background-size:cover;-o-background-size:cover;background-size:cover;padding: 0px 0px 0px 0px;\"><div class=\"fusion-text fusion-text-1\"><p>La historia de la humanidad est\u00e1 asociada a la creaci\u00f3n y el cumplimiento de normas, y se remonta al siglo XVII A.C. con el C\u00f3digo de Hammurabi como una de sus primeras muestras. Mucho tiempo ha transcurrido en el mundo desde esa fecha, y en la a\u00fan breve historia de nuestro pa\u00eds, ya se conmemoran 200 a\u00f1os de nuestra independencia y con ello tambi\u00e9n de producci\u00f3n normativa.<\/p>\n<p>Se han preguntado \u00bfCu\u00e1les son las normas que consideran los abogados las principales en 200 a\u00f1os de la rep\u00fablica? Una aproximaci\u00f3n a esta respuesta nos la dan catorce de los principales estudios de abogados del pa\u00eds quienes compartieron las que consideraron las leyes que han marcado el derrotero de nuestra historia en materias constitucional, civil, penal, tributario, laboral, previsional, entre otras 24 materias.<\/p>\n<\/div><div class=\"fusion-clearfix\"><\/div><\/div><\/div><\/div><\/div>\n","protected":false},"excerpt":{"rendered":"<p>Se han preguntado \u00bfCu\u00e1les son las normas que consideran los abogados las principales en 200 a\u00f1os de la rep\u00fablica? Una aproximaci\u00f3n a esta respuesta nos la dan catorce de los principales estudios de abogados del pa\u00eds quienes compartieron las que consideraron las leyes que han marcado el derrotero de nuestra historia en materias constitucional, civil, penal, tributario, laboral, previsional, entre otras 24 materias.<\/p>\n<p><b>Autores: <\/b>Editora Per\u00fa con la colaboraci\u00f3n de catorce estudios de abogados<b><br \/>\n<\/b><strong>A\u00f1o:<\/strong> 2024<br \/>\n<strong>P\u00e1ginas:<\/strong> 328<br \/>\n<strong>Materia:<\/strong> Derecho laboral<br \/>\n<strong>ISBN:<\/strong> 978-612-49364-3-2<br \/>\n<strong>Tapa:<\/strong> Tapa blanda plastificada mate con solapas<br \/>\n<strong>Papel:<\/strong> bond 75g<br \/>\n<strong>Dimensiones:<\/strong> 17 x 24cm.<\/p>\n<p>&nbsp;<\/p>\n<p>&nbsp;<\/p>\n","protected":false},"featured_media":22177,"comment_status":"open","ping_status":"closed","template":"","meta":{"_bbp_topic_count":0,"_bbp_reply_count":0,"_bbp_total_topic_count":0,"_bbp_total_reply_count":0,"_bbp_voice_count":0,"_bbp_anonymous_reply_count":0,"_bbp_topic_count_hidden":0,"_bbp_reply_count_hidden":0,"_bbp_forum_subforum_count":0,"_mi_skip_tracking":false,"_joinchat":{"telephone":"+51915248092"}},"product_cat":[154],"product_tag":[],"class_list":{"0":"post-22176","1":"product","2":"type-product","3":"status-publish","4":"has-post-thumbnail","6":"product_cat-novedades","8":"first","9":"outofstock","10":"sold-individually","11":"shipping-taxable","12":"purchasable","13":"product-type-simple"},"_links":{"self":[{"href":"https:\/\/fondoeditorial.editoraperu.pe\/index.php?rest_route=\/wp\/v2\/product\/22176","targetHints":{"allow":["GET"]}}],"collection":[{"href":"https:\/\/fondoeditorial.editoraperu.pe\/index.php?rest_route=\/wp\/v2\/product"}],"about":[{"href":"https:\/\/fondoeditorial.editoraperu.pe\/index.php?rest_route=\/wp\/v2\/types\/product"}],"replies":[{"embeddable":true,"href":"https:\/\/fondoeditorial.editoraperu.pe\/index.php?rest_route=%2Fwp%2Fv2%2Fcomments&post=22176"}],"wp:featuredmedia":[{"embeddable":true,"href":"https:\/\/fondoeditorial.editoraperu.pe\/index.php?rest_route=\/wp\/v2\/media\/22177"}],"wp:attachment":[{"href":"https:\/\/fondoeditorial.editoraperu.pe\/index.php?rest_route=%2Fwp%2Fv2%2Fmedia&parent=22176"}],"wp:term":[{"taxonomy":"product_cat","embeddable":true,"href":"https:\/\/fondoeditorial.editoraperu.pe\/index.php?rest_route=%2Fwp%2Fv2%2Fproduct_cat&post=22176"},{"taxonomy":"product_tag","embeddable":true,"href":"https:\/\/fondoeditorial.editoraperu.pe\/index.php?rest_route=%2Fwp%2Fv2%2Fproduct_tag&post=22176"}],"curies":[{"name":"wp","href":"https:\/\/api.w.org\/{rel}","templated":true}]}}