{"id":22269,"date":"2025-10-27T11:06:29","date_gmt":"2025-10-27T16:06:29","guid":{"rendered":"https:\/\/fondoeditorial.editoraperu.pe\/?post_type=product&#038;p=22269"},"modified":"2025-10-27T17:17:00","modified_gmt":"2025-10-27T22:17:00","slug":"dragones-cantando","status":"publish","type":"product","link":"https:\/\/fondoeditorial.editoraperu.pe\/?product=dragones-cantando","title":{"rendered":"Dragones cantando"},"content":{"rendered":"<div class=\"fusion-fullwidth fullwidth-box fusion-builder-row-1 nonhundred-percent-fullwidth non-hundred-percent-height-scrolling\" style=\"background-color: #ffffff;background-position: center center;background-repeat: no-repeat;padding-top:0px;padding-right:0px;padding-bottom:0px;padding-left:0px;margin-bottom: 0px;margin-top: 0px;border-width: 0px 0px 0px 0px;border-color:#eae9e9;border-style:solid;\" ><div class=\"fusion-builder-row fusion-row\"><div class=\"fusion-layout-column fusion_builder_column fusion-builder-column-0 fusion_builder_column_1_1 1_1 fusion-one-full fusion-column-first fusion-column-last\" style=\"margin-top:0px;margin-bottom:20px;\"><div class=\"fusion-column-wrapper fusion-flex-column-wrapper-legacy\" style=\"background-position:left top;background-repeat:no-repeat;-webkit-background-size:cover;-moz-background-size:cover;-o-background-size:cover;background-size:cover;padding: 0px 0px 0px 0px;\"><div class=\"fusion-text fusion-text-1\"><p><em>Dragones cantando<\/em><\/p>\n<p>Es una <b>invitaci\u00f3n fascinante<\/b> a surcar los senderos de la mitolog\u00eda china a trav\u00e9s de una <b>cuidadosa selecci\u00f3n de 35 leyendas<\/b> recopiladas y presentadas por Mauricio Percara. Lejos de ser meros cuentos fant\u00e1sticos, cada narraci\u00f3n funciona como un <b>espejo atemporal<\/b> que refleja los valores, dilemas y el esp\u00edritu fundacional de una de las civilizaciones m\u00e1s antiguas del mundo.<\/p>\n<p>El lector se encontrar\u00e1 con un <b>gran abanico de personajes singulares<\/b>, desde figuras cosmog\u00f3nicas como <b>Pan Gu<\/b>, el gigante que model\u00f3 la Tierra, hasta deidades complejas como <b>Nu Wa<\/b> (diosa con cabeza humana y cuerpo de serpiente), los <b>Reyes Dragones<\/b> y <b>Kui Xing<\/b>, el rey de la sabidur\u00eda. Se exploran proezas \u00e9picas como la de <b>Kuafu<\/b>, el hombre que os\u00f3 perseguir al sol, y se dan respuestas a <b>interrogantes aparentemente extra\u00f1os<\/b> que yacen en el coraz\u00f3n de la cultura china, como el origen de los fuegos artificiales, la seda o la raz\u00f3n por la que la Gran Muralla ostenta la forma de un drag\u00f3n.<\/p>\n<p>M\u00e1s all\u00e1 del deleite narrativo, la obra <b>ofrece profundas ense\u00f1anzas<\/b> sobre asuntos <b>siempre vigentes<\/b> para la humanidad: el uso de la fuerza, el peso de la ley, el equilibrio de la naturaleza, la amistad inquebrantable y la <b>fortaleza de los sue\u00f1os<\/b> que sostienen la existencia. Este libro es, en definitiva, un <b>puente did\u00e1ctico y enriquecedor<\/b> que permite al p\u00fablico de habla hispana <b>comprender el alma cultural<\/b> de China, sus misterios ancestrales y las profundas ra\u00edces de su cosmovisi\u00f3n.<\/p>\n<\/div><div class=\"fusion-clearfix\"><\/div><\/div><\/div><\/div><\/div>\n","protected":false},"excerpt":{"rendered":"<p>Es una <b>antolog\u00eda cautivadora<\/b> de <b>35 leyendas fundamentales<\/b> de la mitolog\u00eda china, una obra que va m\u00e1s all\u00e1 de lo fant\u00e1stico para entregar <b>ense\u00f1anzas y reflexiones atemporales<\/b> sobre el ser humano. El lector se sumerge en historias de <b>Pan Gu<\/b> (creador de la Tierra), reyes dragones y deidades ancestrales, mientras encuentra respuestas a los <b>misterios culturales<\/b> que definen a China, como el origen de la Gran Muralla y los fuegos artificiales. A trav\u00e9s de estos relatos, el autor Mauricio Percara ofrece un <b>puente did\u00e1ctico<\/b> para entender el <b>esp\u00edritu, los valores y la cosmovisi\u00f3n<\/b> de esta civilizaci\u00f3n milenaria.<\/p>\n<p><strong>Autor: <\/strong>Mauricio Percara<br \/>\n<strong>A\u00f1o:<\/strong> 2019<br \/>\n<strong>P\u00e1ginas:<\/strong> 136<br \/>\n<strong>Materia:<\/strong> Ciencias Pol\u00edticas y Gobierno<br \/>\n<strong>ISBN:<\/strong> 978-9972-9538-6-6<br \/>\n<strong>Tapa:<\/strong> Tapa blanda plastificada mate con solapas<br \/>\n<strong>Papel:<\/strong> couch\u00e9 mate 90g<br \/>\n<strong>Dimensiones:<\/strong> 1.5 x 24cm.<\/p>\n<p>&nbsp;<\/p>\n<p>&nbsp;<\/p>\n","protected":false},"featured_media":22270,"comment_status":"open","ping_status":"closed","template":"","meta":{"_bbp_topic_count":0,"_bbp_reply_count":0,"_bbp_total_topic_count":0,"_bbp_total_reply_count":0,"_bbp_voice_count":0,"_bbp_anonymous_reply_count":0,"_bbp_topic_count_hidden":0,"_bbp_reply_count_hidden":0,"_bbp_forum_subforum_count":0,"_mi_skip_tracking":false,"_joinchat":{"telephone":"+51915248092"}},"product_cat":[165,113],"product_tag":[],"class_list":{"0":"post-22269","1":"product","2":"type-product","3":"status-publish","4":"has-post-thumbnail","6":"product_cat-ficcion","7":"product_cat-libros-impresos","9":"first","10":"outofstock","11":"shipping-taxable","12":"purchasable","13":"product-type-simple"},"_links":{"self":[{"href":"https:\/\/fondoeditorial.editoraperu.pe\/index.php?rest_route=\/wp\/v2\/product\/22269","targetHints":{"allow":["GET"]}}],"collection":[{"href":"https:\/\/fondoeditorial.editoraperu.pe\/index.php?rest_route=\/wp\/v2\/product"}],"about":[{"href":"https:\/\/fondoeditorial.editoraperu.pe\/index.php?rest_route=\/wp\/v2\/types\/product"}],"replies":[{"embeddable":true,"href":"https:\/\/fondoeditorial.editoraperu.pe\/index.php?rest_route=%2Fwp%2Fv2%2Fcomments&post=22269"}],"wp:featuredmedia":[{"embeddable":true,"href":"https:\/\/fondoeditorial.editoraperu.pe\/index.php?rest_route=\/wp\/v2\/media\/22270"}],"wp:attachment":[{"href":"https:\/\/fondoeditorial.editoraperu.pe\/index.php?rest_route=%2Fwp%2Fv2%2Fmedia&parent=22269"}],"wp:term":[{"taxonomy":"product_cat","embeddable":true,"href":"https:\/\/fondoeditorial.editoraperu.pe\/index.php?rest_route=%2Fwp%2Fv2%2Fproduct_cat&post=22269"},{"taxonomy":"product_tag","embeddable":true,"href":"https:\/\/fondoeditorial.editoraperu.pe\/index.php?rest_route=%2Fwp%2Fv2%2Fproduct_tag&post=22269"}],"curies":[{"name":"wp","href":"https:\/\/api.w.org\/{rel}","templated":true}]}}