{"id":22298,"date":"2025-10-27T13:01:38","date_gmt":"2025-10-27T18:01:38","guid":{"rendered":"https:\/\/fondoeditorial.editoraperu.pe\/?post_type=product&#038;p=22298"},"modified":"2025-10-27T15:57:13","modified_gmt":"2025-10-27T20:57:13","slug":"literatura-de-china-vol-3","status":"publish","type":"product","link":"https:\/\/fondoeditorial.editoraperu.pe\/?product=literatura-de-china-vol-3","title":{"rendered":"Literatura de China (Vol 3.)"},"content":{"rendered":"<div class=\"fusion-fullwidth fullwidth-box fusion-builder-row-1 nonhundred-percent-fullwidth non-hundred-percent-height-scrolling\" style=\"background-color: #ffffff;background-position: center center;background-repeat: no-repeat;padding-top:0px;padding-right:0px;padding-bottom:0px;padding-left:0px;margin-bottom: 0px;margin-top: 0px;border-width: 0px 0px 0px 0px;border-color:#eae9e9;border-style:solid;\" ><div class=\"fusion-builder-row fusion-row\"><div class=\"fusion-layout-column fusion_builder_column fusion-builder-column-0 fusion_builder_column_1_1 1_1 fusion-one-full fusion-column-first fusion-column-last\" style=\"margin-top:0px;margin-bottom:20px;\"><div class=\"fusion-column-wrapper fusion-flex-column-wrapper-legacy\" style=\"background-position:left top;background-repeat:no-repeat;-webkit-background-size:cover;-moz-background-size:cover;-o-background-size:cover;background-size:cover;padding: 0px 0px 0px 0px;\"><div class=\"fusion-text fusion-text-1\"><p><em>Literatura de China (Vol. 3)<\/em><\/p>\n<p>El volumen <b>\u00abLiteratura de China (Vol. 3)\u00bb<\/b>, compilado por He Jianming, culmina esta <b>trilog\u00eda esencial<\/b> al presentar una <b>nueva y potente selecci\u00f3n de relatos breves<\/b> que profundizan en el panorama de la ficci\u00f3n china actual. Este libro contin\u00faa la labor de sus predecesores, <b>capturando la efervescencia y la diversidad tem\u00e1tica y estil\u00edstica<\/b> de los autores contempor\u00e1neos que est\u00e1n definiendo el canon.<\/p>\n<p>Las historias aqu\u00ed compiladas \u2014entre las que se encuentran t\u00edtulos como \u00abConfesiones En Una Peluquer\u00eda\u00bb, \u00abArriba\u00bb, \u00abUna Amistad A Toda Prueba\u00bb y \u00abMil Demonios Y Un Atelier De Costura\u00bb\u2014 exploran con <b>agudeza y sensibilidad<\/b> las complejidades de la sociedad china, centr\u00e1ndose en las <b>relaciones interpersonales<\/b>, los dilemas de la vida urbana moderna y las <b>reflexiones \u00edntimas<\/b> de sus personajes. Abordando desde lo personal y lo social hasta el impacto de la modernidad en las din\u00e1micas humanas, el volumen 3 es una <b>muestra consolidada<\/b> de la literatura que est\u00e1 marcando las tendencias narrativas en China, siendo un <b>recurso imprescindible<\/b> para comprender las voces que articulan la experiencia china contempor\u00e1nea en toda su complejidad.<\/p>\n<\/div><div class=\"fusion-clearfix\"><\/div><\/div><\/div><\/div><\/div>\n","protected":false},"excerpt":{"rendered":"<p>El volumen <b>\u00abLiteratura de China (Vol. 3)\u00bb<\/b>, compilado por He Jianming, es la <b>conclusi\u00f3n de una trilog\u00eda clave<\/b>, presentando una <b>nueva y vibrante antolog\u00eda de relatos de ficci\u00f3n<\/b> de autores contempor\u00e1neos chinos. La obra destaca por su <b>profundidad y diversidad tem\u00e1tica<\/b>, explorando con <b>sensibilidad y agudeza<\/b> las din\u00e1micas de las <b>relaciones humanas<\/b>, las <b>realidades urbanas<\/b> y las complejidades de la vida en la China moderna. Con historias que van desde \u00abConfesiones En Una Peluquer\u00eda\u00bb hasta \u00abMil Demonios Y Un Atelier De Costura\u00bb, este libro se erige como una <b>colecci\u00f3n imprescindible<\/b> para adentrarse en las voces y preocupaciones que definen la narrativa china del siglo XXI.<\/p>\n<p><strong>Autor: <\/strong>He Jianming<br \/>\n<strong>A\u00f1o:<\/strong> 2021<br \/>\n<strong>P\u00e1ginas:<\/strong> 246<br \/>\n<strong>Materia:<\/strong> Ficci\u00f3n<br \/>\n<strong>ISBN:<\/strong> 978-9972-9538-9-7<br \/>\n<strong>Tapa:<\/strong> Tapa blanda plastificada mate con solapas<br \/>\n<strong>Papel:<\/strong> couch\u00e9 mate 90g<br \/>\n<strong>Dimensiones:<\/strong> 20 x 14 x 4 cm<\/p>\n<p>&nbsp;<\/p>\n<p>&nbsp;<\/p>\n","protected":false},"featured_media":22279,"comment_status":"open","ping_status":"closed","template":"","meta":{"_bbp_topic_count":0,"_bbp_reply_count":0,"_bbp_total_topic_count":0,"_bbp_total_reply_count":0,"_bbp_voice_count":0,"_bbp_anonymous_reply_count":0,"_bbp_topic_count_hidden":0,"_bbp_reply_count_hidden":0,"_bbp_forum_subforum_count":0,"_mi_skip_tracking":false,"_joinchat":{"telephone":"+51915248092"}},"product_cat":[165,113],"product_tag":[],"class_list":{"0":"post-22298","1":"product","2":"type-product","3":"status-publish","4":"has-post-thumbnail","6":"product_cat-ficcion","7":"product_cat-libros-impresos","9":"first","10":"outofstock","11":"shipping-taxable","12":"purchasable","13":"product-type-simple"},"_links":{"self":[{"href":"https:\/\/fondoeditorial.editoraperu.pe\/index.php?rest_route=\/wp\/v2\/product\/22298","targetHints":{"allow":["GET"]}}],"collection":[{"href":"https:\/\/fondoeditorial.editoraperu.pe\/index.php?rest_route=\/wp\/v2\/product"}],"about":[{"href":"https:\/\/fondoeditorial.editoraperu.pe\/index.php?rest_route=\/wp\/v2\/types\/product"}],"replies":[{"embeddable":true,"href":"https:\/\/fondoeditorial.editoraperu.pe\/index.php?rest_route=%2Fwp%2Fv2%2Fcomments&post=22298"}],"wp:featuredmedia":[{"embeddable":true,"href":"https:\/\/fondoeditorial.editoraperu.pe\/index.php?rest_route=\/wp\/v2\/media\/22279"}],"wp:attachment":[{"href":"https:\/\/fondoeditorial.editoraperu.pe\/index.php?rest_route=%2Fwp%2Fv2%2Fmedia&parent=22298"}],"wp:term":[{"taxonomy":"product_cat","embeddable":true,"href":"https:\/\/fondoeditorial.editoraperu.pe\/index.php?rest_route=%2Fwp%2Fv2%2Fproduct_cat&post=22298"},{"taxonomy":"product_tag","embeddable":true,"href":"https:\/\/fondoeditorial.editoraperu.pe\/index.php?rest_route=%2Fwp%2Fv2%2Fproduct_tag&post=22298"}],"curies":[{"name":"wp","href":"https:\/\/api.w.org\/{rel}","templated":true}]}}