{"id":22299,"date":"2025-10-27T15:59:18","date_gmt":"2025-10-27T20:59:18","guid":{"rendered":"https:\/\/fondoeditorial.editoraperu.pe\/?post_type=product&#038;p=22299"},"modified":"2025-10-27T16:21:25","modified_gmt":"2025-10-27T21:21:25","slug":"recorrer-beijing-montado-a-dragon-divino","status":"publish","type":"product","link":"https:\/\/fondoeditorial.editoraperu.pe\/?product=recorrer-beijing-montado-a-dragon-divino","title":{"rendered":"Recorrer Beijing montado a drag\u00f3n divino"},"content":{"rendered":"<div class=\"fusion-fullwidth fullwidth-box fusion-builder-row-1 nonhundred-percent-fullwidth non-hundred-percent-height-scrolling\" style=\"background-color: #ffffff;background-position: center center;background-repeat: no-repeat;padding-top:0px;padding-right:0px;padding-bottom:0px;padding-left:0px;margin-bottom: 0px;margin-top: 0px;border-width: 0px 0px 0px 0px;border-color:#eae9e9;border-style:solid;\" ><div class=\"fusion-builder-row fusion-row\"><div class=\"fusion-layout-column fusion_builder_column fusion-builder-column-0 fusion_builder_column_1_1 1_1 fusion-one-full fusion-column-first fusion-column-last\" style=\"margin-top:0px;margin-bottom:20px;\"><div class=\"fusion-column-wrapper fusion-flex-column-wrapper-legacy\" style=\"background-position:left top;background-repeat:no-repeat;-webkit-background-size:cover;-moz-background-size:cover;-o-background-size:cover;background-size:cover;padding: 0px 0px 0px 0px;\"><div class=\"fusion-text fusion-text-1\"><p><em>Recorrer Beijing montado a drag\u00f3n divino<\/em><\/p>\n<p>Es una <b>inmersi\u00f3n cultural y espiritual<\/b> en el coraz\u00f3n de la capital de China. La obra propone al lector un <b>viaje l\u00edrico y profundo<\/b> a trav\u00e9s de la milenaria ciudad de Beijing, utilizando la figura del drag\u00f3n \u2014s\u00edmbolo de poder y sabidur\u00eda en la cultura china\u2014 como met\u00e1fora de la experiencia transformadora.<\/p>\n<p>A lo largo de sus p\u00e1ginas, Zakharova <b>desvela los secretos y las historias<\/b> que yacen tras los lugares m\u00e1s emblem\u00e1ticos de la urbe, desde la majestuosidad imperial de la <b>Ciudad Prohibida<\/b> y la serenidad del <b>Templo del Cielo<\/b>, hasta los rincones vibrantes de los <i>hutongs<\/i> tradicionales. El libro <b>entrelaza cr\u00f3nicas de viaje con la rica historia, la mitolog\u00eda y las tradiciones<\/b> que han modelado a Beijing a lo largo de los siglos.<\/p>\n<p>La autora logra que el lector no solo observe los monumentos, sino que <b>comprenda el alma<\/b> de la ciudad, sus contrastes entre la tradici\u00f3n inmemorial y la ultra-modernidad. Es una <b>obra fundamental<\/b> para quienes buscan ir m\u00e1s all\u00e1 del mero turismo, ofreciendo una <b>perspectiva \u00edntima y erudita<\/b> sobre la capital china y su rol como <b>eje cultural y pol\u00edtico<\/b> en el mundo.<\/p>\n<\/div><div class=\"fusion-clearfix\"><\/div><\/div><\/div><\/div><\/div>\n","protected":false},"excerpt":{"rendered":"<p>Es una <b>fascinante inmersi\u00f3n cultural<\/b> en la capital china, que propone un viaje l\u00edrico y transformador a trav\u00e9s de sus calles milenarias. La autora <b>entrelaza cr\u00f3nicas de viaje, historia y mitolog\u00eda<\/b> para desvelar el alma de Beijing, desde la imponente <b>Ciudad Prohibida<\/b> hasta los tradicionales <i>hutongs<\/i>. El libro ofrece una <b>perspectiva erudita<\/b> sobre los contrastes entre la tradici\u00f3n inmemorial y la modernidad, siendo una <b>gu\u00eda esencial<\/b> para comprender el <b>rol hist\u00f3rico, cultural y pol\u00edtico<\/b> de esta vibrante metr\u00f3polis asi\u00e1tica.<\/p>\n<p><strong>Texto: <\/strong>Irina Zakharova<br \/>\n<strong>Ilustraciones: <\/strong>Elena Yaremenko Liu<br \/>\n<strong>A\u00f1o:<\/strong> 2021<br \/>\n<strong>P\u00e1ginas:<\/strong> 244<br \/>\n<strong>Materia:<\/strong> Ficci\u00f3n<br \/>\n<strong>ISBN:<\/strong> 978-612-48734-2-3<br \/>\n<strong>Tapa:<\/strong> Tapa blanda plastificada mate con solapas<br \/>\n<strong>Papel:<\/strong> couch\u00e9 mate 90g<br \/>\n<strong>Dimensiones:<\/strong> 18.5 x 24 cm<\/p>\n<p>&nbsp;<\/p>\n<p>&nbsp;<\/p>\n","protected":false},"featured_media":22285,"comment_status":"open","ping_status":"closed","template":"","meta":{"_bbp_topic_count":0,"_bbp_reply_count":0,"_bbp_total_topic_count":0,"_bbp_total_reply_count":0,"_bbp_voice_count":0,"_bbp_anonymous_reply_count":0,"_bbp_topic_count_hidden":0,"_bbp_reply_count_hidden":0,"_bbp_forum_subforum_count":0,"_mi_skip_tracking":false,"_joinchat":{"telephone":"+51915248092"}},"product_cat":[165,113],"product_tag":[],"class_list":{"0":"post-22299","1":"product","2":"type-product","3":"status-publish","4":"has-post-thumbnail","6":"product_cat-ficcion","7":"product_cat-libros-impresos","9":"first","10":"outofstock","11":"shipping-taxable","12":"purchasable","13":"product-type-simple"},"_links":{"self":[{"href":"https:\/\/fondoeditorial.editoraperu.pe\/index.php?rest_route=\/wp\/v2\/product\/22299","targetHints":{"allow":["GET"]}}],"collection":[{"href":"https:\/\/fondoeditorial.editoraperu.pe\/index.php?rest_route=\/wp\/v2\/product"}],"about":[{"href":"https:\/\/fondoeditorial.editoraperu.pe\/index.php?rest_route=\/wp\/v2\/types\/product"}],"replies":[{"embeddable":true,"href":"https:\/\/fondoeditorial.editoraperu.pe\/index.php?rest_route=%2Fwp%2Fv2%2Fcomments&post=22299"}],"wp:featuredmedia":[{"embeddable":true,"href":"https:\/\/fondoeditorial.editoraperu.pe\/index.php?rest_route=\/wp\/v2\/media\/22285"}],"wp:attachment":[{"href":"https:\/\/fondoeditorial.editoraperu.pe\/index.php?rest_route=%2Fwp%2Fv2%2Fmedia&parent=22299"}],"wp:term":[{"taxonomy":"product_cat","embeddable":true,"href":"https:\/\/fondoeditorial.editoraperu.pe\/index.php?rest_route=%2Fwp%2Fv2%2Fproduct_cat&post=22299"},{"taxonomy":"product_tag","embeddable":true,"href":"https:\/\/fondoeditorial.editoraperu.pe\/index.php?rest_route=%2Fwp%2Fv2%2Fproduct_tag&post=22299"}],"curies":[{"name":"wp","href":"https:\/\/api.w.org\/{rel}","templated":true}]}}