{"id":22300,"date":"2025-10-27T16:23:29","date_gmt":"2025-10-27T21:23:29","guid":{"rendered":"https:\/\/fondoeditorial.editoraperu.pe\/?post_type=product&#038;p=22300"},"modified":"2025-10-27T16:34:38","modified_gmt":"2025-10-27T21:34:38","slug":"la-reduccion-de-la-pobreza-en-china","status":"publish","type":"product","link":"https:\/\/fondoeditorial.editoraperu.pe\/?product=la-reduccion-de-la-pobreza-en-china","title":{"rendered":"La reducci\u00f3n de la pobreza en China"},"content":{"rendered":"<div class=\"fusion-fullwidth fullwidth-box fusion-builder-row-1 nonhundred-percent-fullwidth non-hundred-percent-height-scrolling\" style=\"background-color: #ffffff;background-position: center center;background-repeat: no-repeat;padding-top:0px;padding-right:0px;padding-bottom:0px;padding-left:0px;margin-bottom: 0px;margin-top: 0px;border-width: 0px 0px 0px 0px;border-color:#eae9e9;border-style:solid;\" ><div class=\"fusion-builder-row fusion-row\"><div class=\"fusion-layout-column fusion_builder_column fusion-builder-column-0 fusion_builder_column_1_1 1_1 fusion-one-full fusion-column-first fusion-column-last\" style=\"margin-top:0px;margin-bottom:20px;\"><div class=\"fusion-column-wrapper fusion-flex-column-wrapper-legacy\" style=\"background-position:left top;background-repeat:no-repeat;-webkit-background-size:cover;-moz-background-size:cover;-o-background-size:cover;background-size:cover;padding: 0px 0px 0px 0px;\"><div class=\"fusion-text fusion-text-1\"><p><em>La reducci\u00f3n de la pobreza en China<\/em><\/p>\n<p>Redactado por un periodista, se propone <b>desmantelar la percepci\u00f3n superficial<\/b> de China como una naci\u00f3n de nuevos ricos extravagantes y bulliciosos, una imagen popularizada por las cr\u00f3nicas sobre el consumo de lujo. El autor confronta esta narrativa con la <b>verdadera realidad demogr\u00e1fica y econ\u00f3mica<\/b> del pa\u00eds: China, con sus 1.400 millones de habitantes, sigue siendo una naci\u00f3n en v\u00edas de desarrollo cuya <b>prioridad central<\/b> es asegurar que toda su poblaci\u00f3n tenga acceso a las <b>necesidades fundamentales<\/b> (comida, vestido, vivienda).<\/p>\n<p>El texto subraya que la <b>lucha contra la pobreza<\/b> es el <b>eje definitorio<\/b> del progreso social y econ\u00f3mico chino, un desaf\u00edo que requiere la movilizaci\u00f3n de toda la sociedad. A trav\u00e9s de <b>historias conmovedoras y personales<\/b> \u2014como la de una funcionaria con un salario modesto que apoya econ\u00f3micamente a estudiantes rurales, o la de un colega que comprometi\u00f3 su salud por misiones de desarrollo en el T\u00edbet\u2014, el autor ilustra que la <b>erradicaci\u00f3n de la pobreza<\/b> es un <b>esfuerzo colectivo<\/b> que involucra a personas comunes, empresarios y funcionarios.<\/p>\n<p>El objetivo final del libro es proporcionar una <b>imagen fidedigna<\/b> de la <b>estrategia china<\/b> contra la pobreza, la cual ha logrado <b>avances considerables<\/b> y ha cumplido con los Objetivos de Desarrollo del Milenio de la ONU. M\u00e1s all\u00e1 de su logro interno, China tambi\u00e9n ha cumplido sus <b>compromisos internacionales<\/b>, destinando una considerable asistencia internacional a otros 161 pa\u00edses, demostrando que su esfuerzo es parte de una <b>contribuci\u00f3n global<\/b> al bienestar de la humanidad.<\/p>\n<\/div><div class=\"fusion-clearfix\"><\/div><\/div><\/div><\/div><\/div>\n","protected":false},"excerpt":{"rendered":"<p>Este relato period\u00edstico desaf\u00eda la imagen occidental de China como una sociedad de derrochadores de lujo, argumentando que la <b>verdadera realidad nacional<\/b> est\u00e1 marcada por la <b>lucha incesante contra la pobreza<\/b> que a\u00fan afecta a una vasta poblaci\u00f3n. El autor enfatiza que la erradicaci\u00f3n de la pobreza es un <b>esfuerzo colectivo y \u00e9tico<\/b> que moviliza a ciudadanos de todos los estratos sociales, desde funcionarios con sueldos modestos hasta grandes empresarios, ilustrando esta dedicaci\u00f3n con <b>historias humanas y conmovedoras<\/b>. El libro busca presentar al mundo una <b>imagen fidedigna<\/b> de la <b>estrategia de desarrollo china<\/b>, subrayando sus <b>avances hist\u00f3ricos<\/b> en la reducci\u00f3n de la pobreza interna y su <b>cumplimiento de los compromisos internacionales<\/b> de asistencia a otros pa\u00edses, destacando as\u00ed el impacto global de sus pol\u00edticas sociales<\/p>\n<p><strong>A\u00f1o:<\/strong> 2021<br \/>\n<strong>P\u00e1ginas:<\/strong> 216<br \/>\n<strong>Materia:<\/strong> Ciencias pol\u00edticas y Gobierno<br \/>\n<strong>ISBN:<\/strong> 978-612-48734-1-6<br \/>\n<strong>Tapa:<\/strong> Tapa blanda plastificada mate con solapas<br \/>\n<strong>Papel:<\/strong> couch\u00e9 mate 90g<br \/>\n<strong>Dimensiones:<\/strong> 18.5 x 24 cm<\/p>\n<p>&nbsp;<\/p>\n<p>&nbsp;<\/p>\n","protected":false},"featured_media":22284,"comment_status":"open","ping_status":"closed","template":"","meta":{"_bbp_topic_count":0,"_bbp_reply_count":0,"_bbp_total_topic_count":0,"_bbp_total_reply_count":0,"_bbp_voice_count":0,"_bbp_anonymous_reply_count":0,"_bbp_topic_count_hidden":0,"_bbp_reply_count_hidden":0,"_bbp_forum_subforum_count":0,"_mi_skip_tracking":false,"_joinchat":{"telephone":"+51915248092"}},"product_cat":[164,113],"product_tag":[],"class_list":{"0":"post-22300","1":"product","2":"type-product","3":"status-publish","4":"has-post-thumbnail","6":"product_cat-ciencias-politicas-y-gobierno","7":"product_cat-libros-impresos","9":"first","10":"outofstock","11":"shipping-taxable","12":"purchasable","13":"product-type-simple"},"_links":{"self":[{"href":"https:\/\/fondoeditorial.editoraperu.pe\/index.php?rest_route=\/wp\/v2\/product\/22300","targetHints":{"allow":["GET"]}}],"collection":[{"href":"https:\/\/fondoeditorial.editoraperu.pe\/index.php?rest_route=\/wp\/v2\/product"}],"about":[{"href":"https:\/\/fondoeditorial.editoraperu.pe\/index.php?rest_route=\/wp\/v2\/types\/product"}],"replies":[{"embeddable":true,"href":"https:\/\/fondoeditorial.editoraperu.pe\/index.php?rest_route=%2Fwp%2Fv2%2Fcomments&post=22300"}],"wp:featuredmedia":[{"embeddable":true,"href":"https:\/\/fondoeditorial.editoraperu.pe\/index.php?rest_route=\/wp\/v2\/media\/22284"}],"wp:attachment":[{"href":"https:\/\/fondoeditorial.editoraperu.pe\/index.php?rest_route=%2Fwp%2Fv2%2Fmedia&parent=22300"}],"wp:term":[{"taxonomy":"product_cat","embeddable":true,"href":"https:\/\/fondoeditorial.editoraperu.pe\/index.php?rest_route=%2Fwp%2Fv2%2Fproduct_cat&post=22300"},{"taxonomy":"product_tag","embeddable":true,"href":"https:\/\/fondoeditorial.editoraperu.pe\/index.php?rest_route=%2Fwp%2Fv2%2Fproduct_tag&post=22300"}],"curies":[{"name":"wp","href":"https:\/\/api.w.org\/{rel}","templated":true}]}}