{"id":22301,"date":"2025-10-27T16:37:12","date_gmt":"2025-10-27T21:37:12","guid":{"rendered":"https:\/\/fondoeditorial.editoraperu.pe\/?post_type=product&#038;p=22301"},"modified":"2025-10-27T16:48:08","modified_gmt":"2025-10-27T21:48:08","slug":"cuando-china-se-encuentra-con-el-peru","status":"publish","type":"product","link":"https:\/\/fondoeditorial.editoraperu.pe\/?product=cuando-china-se-encuentra-con-el-peru","title":{"rendered":"Cuando China se encuentra con el Per\u00fa"},"content":{"rendered":"<div class=\"fusion-fullwidth fullwidth-box fusion-builder-row-1 nonhundred-percent-fullwidth non-hundred-percent-height-scrolling\" style=\"background-color: #ffffff;background-position: center center;background-repeat: no-repeat;padding-top:0px;padding-right:0px;padding-bottom:0px;padding-left:0px;margin-bottom: 0px;margin-top: 0px;border-width: 0px 0px 0px 0px;border-color:#eae9e9;border-style:solid;\" ><div class=\"fusion-builder-row fusion-row\"><div class=\"fusion-layout-column fusion_builder_column fusion-builder-column-0 fusion_builder_column_1_1 1_1 fusion-one-full fusion-column-first fusion-column-last\" style=\"margin-top:0px;margin-bottom:20px;\"><div class=\"fusion-column-wrapper fusion-flex-column-wrapper-legacy\" style=\"background-position:left top;background-repeat:no-repeat;-webkit-background-size:cover;-moz-background-size:cover;-o-background-size:cover;background-size:cover;padding: 0px 0px 0px 0px;\"><div class=\"fusion-text fusion-text-1\"><p><em><b>Cuando China se encuentra con el Per\u00fa<\/b><\/em><\/p>\n<p>El libro es una <b>cr\u00f3nica bicultural y testimonial<\/b>, narrada desde la experiencia \u00edntima de un periodista chino que ha residido en el pa\u00eds andino por m\u00e1s de dos d\u00e9cadas. Lejos de un informe diplom\u00e1tico o econ\u00f3mico formal, el libro es una <b>inmersi\u00f3n profunda y cari\u00f1osa<\/b> en el <b>sincretismo cultural<\/b> que define la relaci\u00f3n entre ambas naciones milenarias.<\/p>\n<p>La obra, dividida en ocho o nueve cap\u00edtulos, aborda los <b>diversos lazos surgidos<\/b> desde el origen de la migraci\u00f3n china al Per\u00fa, hace ya m\u00e1s de cuatro siglos. El autor <b>desglosa con detalle la ineludible influencia china<\/b> en la vida peruana, dedicando secciones especiales a fen\u00f3menos tan importantes como la <b>gastronom\u00eda (el Chifa)<\/b>, las costumbres, las tradiciones, la flora y la fauna peruana, la artesan\u00eda y la creciente participaci\u00f3n de las empresas de capital chino en la econom\u00eda. Mediante una <b>mirada serena y fresca<\/b>, Meng Kexin ofrece una <b>nueva perspectiva<\/b> a los peruanos para que conozcan su propia cultura a trav\u00e9s de sus ojos, mientras sirve de puente para <b>afianzar la amistad y el entendimiento mutuo<\/b> entre dos pueblos con historias milenarias.<\/p>\n<\/div><div class=\"fusion-clearfix\"><\/div><\/div><\/div><\/div><\/div>\n","protected":false},"excerpt":{"rendered":"<p>Es la <b>cr\u00f3nica testimonial<\/b> de Meng Kexin, un periodista chino que, tras m\u00e1s de 20 a\u00f1os en Per\u00fa, <b>desvela el profundo sincretismo cultural<\/b> entre ambas naciones. La obra <b>narra y documenta<\/b> la rica historia de los lazos bilaterales desde los or\u00edgenes de la migraci\u00f3n china, <b>destacando la ineludible influencia<\/b> en \u00e1reas como la gastronom\u00eda (el fen\u00f3meno Chifa), las costumbres y el creciente intercambio econ\u00f3mico. Es un <b>libro esencial<\/b> para el lector interesado en la cultura y la geopol\u00edtica, que busca <b>reforzar la amistad<\/b> y ofrecer una <b>nueva perspectiva<\/b> a los peruanos sobre su propio pa\u00eds a trav\u00e9s de los ojos de un testigo chino.<\/p>\n<p><strong>Autor: <\/strong>Meng Kexin<br \/>\n<strong>A\u00f1o:<\/strong> 2023<br \/>\n<strong>Materia:<\/strong> Ciencias pol\u00edticas y Gobierno<br \/>\n<strong>ISBN:<\/strong> 978-612-48734-5-4<br \/>\n<strong>Tapa:<\/strong> Tapa blanda plastificada mate con solapas<br \/>\n<strong>Papel:<\/strong> Bond avena 80 gr.<br \/>\n<strong>Dimensiones:<\/strong> 14.5 x 21 cm<\/p>\n<p>&nbsp;<\/p>\n<p>&nbsp;<\/p>\n","protected":false},"featured_media":22289,"comment_status":"open","ping_status":"closed","template":"","meta":{"_bbp_topic_count":0,"_bbp_reply_count":0,"_bbp_total_topic_count":0,"_bbp_total_reply_count":0,"_bbp_voice_count":0,"_bbp_anonymous_reply_count":0,"_bbp_topic_count_hidden":0,"_bbp_reply_count_hidden":0,"_bbp_forum_subforum_count":0,"_mi_skip_tracking":false,"_joinchat":{"telephone":"+51915248092"}},"product_cat":[164,113],"product_tag":[],"class_list":{"0":"post-22301","1":"product","2":"type-product","3":"status-publish","4":"has-post-thumbnail","6":"product_cat-ciencias-politicas-y-gobierno","7":"product_cat-libros-impresos","9":"first","10":"outofstock","11":"shipping-taxable","12":"purchasable","13":"product-type-simple"},"_links":{"self":[{"href":"https:\/\/fondoeditorial.editoraperu.pe\/index.php?rest_route=\/wp\/v2\/product\/22301","targetHints":{"allow":["GET"]}}],"collection":[{"href":"https:\/\/fondoeditorial.editoraperu.pe\/index.php?rest_route=\/wp\/v2\/product"}],"about":[{"href":"https:\/\/fondoeditorial.editoraperu.pe\/index.php?rest_route=\/wp\/v2\/types\/product"}],"replies":[{"embeddable":true,"href":"https:\/\/fondoeditorial.editoraperu.pe\/index.php?rest_route=%2Fwp%2Fv2%2Fcomments&post=22301"}],"wp:featuredmedia":[{"embeddable":true,"href":"https:\/\/fondoeditorial.editoraperu.pe\/index.php?rest_route=\/wp\/v2\/media\/22289"}],"wp:attachment":[{"href":"https:\/\/fondoeditorial.editoraperu.pe\/index.php?rest_route=%2Fwp%2Fv2%2Fmedia&parent=22301"}],"wp:term":[{"taxonomy":"product_cat","embeddable":true,"href":"https:\/\/fondoeditorial.editoraperu.pe\/index.php?rest_route=%2Fwp%2Fv2%2Fproduct_cat&post=22301"},{"taxonomy":"product_tag","embeddable":true,"href":"https:\/\/fondoeditorial.editoraperu.pe\/index.php?rest_route=%2Fwp%2Fv2%2Fproduct_tag&post=22301"}],"curies":[{"name":"wp","href":"https:\/\/api.w.org\/{rel}","templated":true}]}}